
{"id":899,"date":"2023-02-19T13:28:02","date_gmt":"2023-02-19T13:28:02","guid":{"rendered":"https:\/\/alpha.nousdigital.pro\/?post_type=product&#038;p=899"},"modified":"2025-11-28T18:57:09","modified_gmt":"2025-11-28T18:57:09","slug":"q10","status":"publish","type":"product","link":"https:\/\/alpha.nousdigital.pro\/en\/producto\/q10\/","title":{"rendered":"Q10 (50 VegeCaps) &#8211; Vitobest"},"content":{"rendered":"<p><strong>Q10<\/strong>, de\u00a0<strong>Vitobest\u00ae<\/strong>, contiene \u00fanicamente coenzima Q10 de\u00a0<strong>Kaneka\u2122<\/strong>, fermentada por levadura e id\u00e9ntica a la producida por nuestro organismo para ayudarnos a obtener energ\u00eda a partir de los \u00e1cidos grasos y el ox\u00edgeno.<\/p>\n<p>La coenzima Q10 est\u00e1 bien definida como un componente crucial del proceso de fosforilaci\u00f3n oxidativa en las mitocondrias<sup>1<\/sup>.<\/p>\n<p>Estudios cient\u00edficos tambi\u00e9n destacan que constituye un cofactor esencial de la cadena de transporte de electrones, as\u00ed como un potente eliminador de radicales libres en las membranas lip\u00eddicas y mitocondriales, lo que significa que puede ejercer efectos neuroprotectores muy \u00fatiles<sup>2<\/sup>.<\/p>\n<p>Pero si bien podemos encontrarla de manera natural en nuestro cuerpo, un elevado estr\u00e9s oxidativo, la edad y factores externos e internos afectan nuestra capacidad de generar las cantidades necesaria para garantizar estos procesos. La correcci\u00f3n de esta deficiencia requiere entonces de una suplementaci\u00f3n con niveles m\u00e1s altos de coenzima Q10 que los disponibles en la dieta, y esto se logra con ingredientes de calidad como los utilizados en nuestra formulaci\u00f3n.<\/p>\n<p><strong>Q10<\/strong>, de\u00a0<strong>Vitobest\u00ae<\/strong>, contiene \u00fanicamente coenzima Q10 de\u00a0<strong>Kaneka\u2122<\/strong>, la empresa que durante 30 a\u00f1os ha liderado la producci\u00f3n de este tipo de mol\u00e9cula en el mundo. Su coenzima (patentada) es la \u00fanica fermentada por levadura que existe en el mercado: no contiene las impurezas de la procesada sint\u00e9ticamente. Adem\u00e1s, est\u00e1 libre de organismos gen\u00e9ticamente modificados y de al\u00e9rgenos, es id\u00e9ntica a la producida dentro de nuestro cuerpo, cuenta con certificado Kosher y se obtiene seg\u00fan las buenas pr\u00e1cticas de fabricaci\u00f3n designadas por la FDA.<\/p>\n<p><strong>Vitobest\u00ae<\/strong>\u00a0utiliza para este suplemento\u00a0<strong>c\u00e1psulas vegetales<\/strong>\u00a0(VegeCaps)\u00a0<strong>aptas para dietas veganas<\/strong>\u00a0y\u00a0<strong>libres de di\u00f3xido de titanio<\/strong>.<\/p>\n<p>&nbsp;<\/p>\n<p><img fetchpriority=\"high\" decoding=\"async\" src=\"https:\/\/www.vitobest.com\/img\/cms\/Q10-(Vitobest)-(Banner).jpg\" alt=\"Q10\" width=\"1000\" height=\"250\" \/><\/p>\n<p>&nbsp;<\/p>\n<h6><strong>Bibliograf\u00eda:<\/strong><\/h6>\n<h6><sup>1<\/sup>\u201cBiochemical Functions of Coenzyme Q10\u201d. 2013. Crane, F. L. Journal of the American College of Nutrition. Vol. 20. No. 6.<\/h6>\n<h6><sup>2<\/sup>\u201cCoenzyme Q10 administration increases brain mitochondrial concentrations and exerts neuroprotective effects\u201d. 1998. Russell, M. et al., Proceedings of the National Academy of Sciences of the United States or America (PNAS). 95 (15) 8892-8897; https:\/\/doi.org\/ 10.1073\/pnas.95.15.8892.<\/h6>\n","protected":false},"excerpt":{"rendered":"<ul>\n<li>Coenzima Q10 fermentada por levadura (Kaneka\u2122).<\/li>\n<li>Principio activo id\u00e9ntico al producido por nuestro organismo.<\/li>\n<li>Fuerte poder antioxidante.<\/li>\n<li>Ayuda a nuestro organismo a generar energ\u00eda a partir de los \u00e1cidos grasos y el ox\u00edgeno.<\/li>\n<li>Puede ejercer efectos neuroprotectores.<\/li>\n<li>Apto para personas cel\u00edacas.<\/li>\n<li>C\u00e1psulas vegetales aptas para dietas veganas y libres de di\u00f3xido de titanio.<\/li>\n<\/ul>\n","protected":false},"featured_media":1865,"comment_status":"closed","ping_status":"closed","template":"","meta":[],"product_brand":[665],"product_cat":[53],"product_tag":[88],"class_list":{"0":"post-899","1":"product","2":"type-product","3":"status-publish","4":"has-post-thumbnail","6":"product_brand-vitobest","7":"product_cat-salud","8":"product_tag-q10","10":"first","11":"onbackorder","12":"shipping-taxable","13":"purchasable","14":"product-type-simple"},"gallery_images":[],"yoast_head":"<!-- This site is optimized with the Yoast SEO plugin v23.4 - https:\/\/yoast.com\/wordpress\/plugins\/seo\/ -->\n<title>Q10 (50 VegeCaps) - Vitobest - Alpha Supplements<\/title>\n<meta name=\"description\" content=\"Coenzima Q10 fermentada por levadura (Kaneka\u2122).  Principio activo id\u00e9ntico al producido por nuestro organismo.  Fuerte poder antioxidante.  Ayuda a nuestro organismo a generar energ\u00eda a partir de los \u00e1cidos grasos y el ox\u00edgeno.  Puede ejercer efectos neuroprotectores.  Apto para personas cel\u00edacas.  C\u00e1psulas vegetales aptas para dietas veganas y libres de di\u00f3xido de titanio.\" \/>\n<meta name=\"robots\" content=\"index, follow, max-snippet:-1, max-image-preview:large, max-video-preview:-1\" \/>\n<link rel=\"canonical\" href=\"https:\/\/alpha.nousdigital.pro\/en\/producto\/q10\/\" \/>\n<meta property=\"og:locale\" content=\"en_US\" \/>\n<meta property=\"og:type\" content=\"article\" \/>\n<meta property=\"og:title\" content=\"Q10 (50 VegeCaps) - Vitobest - Alpha Supplements\" \/>\n<meta property=\"og:description\" content=\"Coenzima Q10 fermentada por levadura (Kaneka\u2122).  Principio activo id\u00e9ntico al producido por nuestro organismo.  Fuerte poder antioxidante.  Ayuda a nuestro organismo a generar energ\u00eda a partir de los \u00e1cidos grasos y el ox\u00edgeno.  Puede ejercer efectos neuroprotectores.  Apto para personas cel\u00edacas.  C\u00e1psulas vegetales aptas para dietas veganas y libres de di\u00f3xido de titanio.\" \/>\n<meta property=\"og:url\" content=\"https:\/\/alpha.nousdigital.pro\/en\/producto\/q10\/\" \/>\n<meta property=\"og:site_name\" content=\"Alpha Supplements\" \/>\n<meta property=\"article:modified_time\" content=\"2025-11-28T18:57:09+00:00\" \/>\n<meta property=\"og:image\" content=\"https:\/\/alpha.nousdigital.pro\/wp-content\/uploads\/2023\/09\/Q10.jpg\" \/>\n\t<meta property=\"og:image:width\" content=\"600\" \/>\n\t<meta property=\"og:image:height\" content=\"600\" \/>\n\t<meta property=\"og:image:type\" content=\"image\/jpeg\" \/>\n<meta name=\"twitter:card\" content=\"summary_large_image\" \/>\n<meta name=\"twitter:label1\" content=\"Est. reading time\" \/>\n\t<meta name=\"twitter:data1\" content=\"2 minutes\" \/>\n<script type=\"application\/ld+json\" class=\"yoast-schema-graph\">{\"@context\":\"https:\/\/schema.org\",\"@graph\":[{\"@type\":[\"WebPage\",\"ItemPage\"],\"@id\":\"https:\/\/alpha.nousdigital.pro\/en\/producto\/q10\/\",\"url\":\"https:\/\/alpha.nousdigital.pro\/en\/producto\/q10\/\",\"name\":\"Q10 (50 VegeCaps) - Vitobest - Alpha Supplements\",\"isPartOf\":{\"@id\":\"https:\/\/alpha.nousdigital.pro\/en\/#website\"},\"primaryImageOfPage\":{\"@id\":\"https:\/\/alpha.nousdigital.pro\/en\/producto\/q10\/#primaryimage\"},\"image\":{\"@id\":\"https:\/\/alpha.nousdigital.pro\/en\/producto\/q10\/#primaryimage\"},\"thumbnailUrl\":\"https:\/\/alpha.nousdigital.pro\/wp-content\/uploads\/2023\/09\/Q10.jpg\",\"datePublished\":\"2023-02-19T13:28:02+00:00\",\"dateModified\":\"2025-11-28T18:57:09+00:00\",\"description\":\"Coenzima Q10 fermentada por levadura (Kaneka\u2122). Principio activo id\u00e9ntico al producido por nuestro organismo. Fuerte poder antioxidante. Ayuda a nuestro organismo a generar energ\u00eda a partir de los \u00e1cidos grasos y el ox\u00edgeno. Puede ejercer efectos neuroprotectores. Apto para personas cel\u00edacas. C\u00e1psulas vegetales aptas para dietas veganas y libres de di\u00f3xido de titanio.\",\"breadcrumb\":{\"@id\":\"https:\/\/alpha.nousdigital.pro\/en\/producto\/q10\/#breadcrumb\"},\"inLanguage\":\"en-US\",\"potentialAction\":[{\"@type\":\"ReadAction\",\"target\":[\"https:\/\/alpha.nousdigital.pro\/en\/producto\/q10\/\"]}]},{\"@type\":\"ImageObject\",\"inLanguage\":\"en-US\",\"@id\":\"https:\/\/alpha.nousdigital.pro\/en\/producto\/q10\/#primaryimage\",\"url\":\"https:\/\/alpha.nousdigital.pro\/wp-content\/uploads\/2023\/09\/Q10.jpg\",\"contentUrl\":\"https:\/\/alpha.nousdigital.pro\/wp-content\/uploads\/2023\/09\/Q10.jpg\",\"width\":600,\"height\":600},{\"@type\":\"BreadcrumbList\",\"@id\":\"https:\/\/alpha.nousdigital.pro\/en\/producto\/q10\/#breadcrumb\",\"itemListElement\":[{\"@type\":\"ListItem\",\"position\":1,\"name\":\"Portada\",\"item\":\"https:\/\/alpha.nousdigital.pro\/en\/\"},{\"@type\":\"ListItem\",\"position\":2,\"name\":\"Shop\",\"item\":\"https:\/\/alpha.nousdigital.pro\/en\/shop\/\"},{\"@type\":\"ListItem\",\"position\":3,\"name\":\"Q10 (50 VegeCaps) &#8211; Vitobest\"}]},{\"@type\":\"WebSite\",\"@id\":\"https:\/\/alpha.nousdigital.pro\/en\/#website\",\"url\":\"https:\/\/alpha.nousdigital.pro\/en\/\",\"name\":\"Alpha Supplements\",\"description\":\"Dietary supplements to support your health\",\"potentialAction\":[{\"@type\":\"SearchAction\",\"target\":{\"@type\":\"EntryPoint\",\"urlTemplate\":\"https:\/\/alpha.nousdigital.pro\/en\/?s={search_term_string}\"},\"query-input\":{\"@type\":\"PropertyValueSpecification\",\"valueRequired\":true,\"valueName\":\"search_term_string\"}}],\"inLanguage\":\"en-US\"}]}<\/script>\n<!-- \/ Yoast SEO plugin. -->","yoast_head_json":{"title":"Q10 (50 VegeCaps) - Vitobest - Alpha Supplements","description":"Coenzima Q10 fermentada por levadura (Kaneka\u2122).  Principio activo id\u00e9ntico al producido por nuestro organismo.  Fuerte poder antioxidante.  Ayuda a nuestro organismo a generar energ\u00eda a partir de los \u00e1cidos grasos y el ox\u00edgeno.  Puede ejercer efectos neuroprotectores.  Apto para personas cel\u00edacas.  C\u00e1psulas vegetales aptas para dietas veganas y libres de di\u00f3xido de titanio.","robots":{"index":"index","follow":"follow","max-snippet":"max-snippet:-1","max-image-preview":"max-image-preview:large","max-video-preview":"max-video-preview:-1"},"canonical":"https:\/\/alpha.nousdigital.pro\/en\/producto\/q10\/","og_locale":"en_US","og_type":"article","og_title":"Q10 (50 VegeCaps) - Vitobest - Alpha Supplements","og_description":"Coenzima Q10 fermentada por levadura (Kaneka\u2122).  Principio activo id\u00e9ntico al producido por nuestro organismo.  Fuerte poder antioxidante.  Ayuda a nuestro organismo a generar energ\u00eda a partir de los \u00e1cidos grasos y el ox\u00edgeno.  Puede ejercer efectos neuroprotectores.  Apto para personas cel\u00edacas.  C\u00e1psulas vegetales aptas para dietas veganas y libres de di\u00f3xido de titanio.","og_url":"https:\/\/alpha.nousdigital.pro\/en\/producto\/q10\/","og_site_name":"Alpha Supplements","article_modified_time":"2025-11-28T18:57:09+00:00","og_image":[{"width":600,"height":600,"url":"https:\/\/alpha.nousdigital.pro\/wp-content\/uploads\/2023\/09\/Q10.jpg","type":"image\/jpeg"}],"twitter_card":"summary_large_image","twitter_misc":{"Est. reading time":"2 minutes"},"schema":{"@context":"https:\/\/schema.org","@graph":[{"@type":["WebPage","ItemPage"],"@id":"https:\/\/alpha.nousdigital.pro\/en\/producto\/q10\/","url":"https:\/\/alpha.nousdigital.pro\/en\/producto\/q10\/","name":"Q10 (50 VegeCaps) - Vitobest - Alpha Supplements","isPartOf":{"@id":"https:\/\/alpha.nousdigital.pro\/en\/#website"},"primaryImageOfPage":{"@id":"https:\/\/alpha.nousdigital.pro\/en\/producto\/q10\/#primaryimage"},"image":{"@id":"https:\/\/alpha.nousdigital.pro\/en\/producto\/q10\/#primaryimage"},"thumbnailUrl":"https:\/\/alpha.nousdigital.pro\/wp-content\/uploads\/2023\/09\/Q10.jpg","datePublished":"2023-02-19T13:28:02+00:00","dateModified":"2025-11-28T18:57:09+00:00","description":"Coenzima Q10 fermentada por levadura (Kaneka\u2122). Principio activo id\u00e9ntico al producido por nuestro organismo. Fuerte poder antioxidante. Ayuda a nuestro organismo a generar energ\u00eda a partir de los \u00e1cidos grasos y el ox\u00edgeno. Puede ejercer efectos neuroprotectores. Apto para personas cel\u00edacas. C\u00e1psulas vegetales aptas para dietas veganas y libres de di\u00f3xido de titanio.","breadcrumb":{"@id":"https:\/\/alpha.nousdigital.pro\/en\/producto\/q10\/#breadcrumb"},"inLanguage":"en-US","potentialAction":[{"@type":"ReadAction","target":["https:\/\/alpha.nousdigital.pro\/en\/producto\/q10\/"]}]},{"@type":"ImageObject","inLanguage":"en-US","@id":"https:\/\/alpha.nousdigital.pro\/en\/producto\/q10\/#primaryimage","url":"https:\/\/alpha.nousdigital.pro\/wp-content\/uploads\/2023\/09\/Q10.jpg","contentUrl":"https:\/\/alpha.nousdigital.pro\/wp-content\/uploads\/2023\/09\/Q10.jpg","width":600,"height":600},{"@type":"BreadcrumbList","@id":"https:\/\/alpha.nousdigital.pro\/en\/producto\/q10\/#breadcrumb","itemListElement":[{"@type":"ListItem","position":1,"name":"Portada","item":"https:\/\/alpha.nousdigital.pro\/en\/"},{"@type":"ListItem","position":2,"name":"Shop","item":"https:\/\/alpha.nousdigital.pro\/en\/shop\/"},{"@type":"ListItem","position":3,"name":"Q10 (50 VegeCaps) &#8211; Vitobest"}]},{"@type":"WebSite","@id":"https:\/\/alpha.nousdigital.pro\/en\/#website","url":"https:\/\/alpha.nousdigital.pro\/en\/","name":"Alpha Supplements","description":"Dietary supplements to support your health","potentialAction":[{"@type":"SearchAction","target":{"@type":"EntryPoint","urlTemplate":"https:\/\/alpha.nousdigital.pro\/en\/?s={search_term_string}"},"query-input":{"@type":"PropertyValueSpecification","valueRequired":true,"valueName":"search_term_string"}}],"inLanguage":"en-US"}]}},"_links":{"self":[{"href":"https:\/\/alpha.nousdigital.pro\/en\/wp-json\/wp\/v2\/product\/899","targetHints":{"allow":["GET"]}}],"collection":[{"href":"https:\/\/alpha.nousdigital.pro\/en\/wp-json\/wp\/v2\/product"}],"about":[{"href":"https:\/\/alpha.nousdigital.pro\/en\/wp-json\/wp\/v2\/types\/product"}],"replies":[{"embeddable":true,"href":"https:\/\/alpha.nousdigital.pro\/en\/wp-json\/wp\/v2\/comments?post=899"}],"wp:featuredmedia":[{"embeddable":true,"href":"https:\/\/alpha.nousdigital.pro\/en\/wp-json\/wp\/v2\/media\/1865"}],"wp:attachment":[{"href":"https:\/\/alpha.nousdigital.pro\/en\/wp-json\/wp\/v2\/media?parent=899"}],"wp:term":[{"taxonomy":"product_brand","embeddable":true,"href":"https:\/\/alpha.nousdigital.pro\/en\/wp-json\/wp\/v2\/product_brand?post=899"},{"taxonomy":"product_cat","embeddable":true,"href":"https:\/\/alpha.nousdigital.pro\/en\/wp-json\/wp\/v2\/product_cat?post=899"},{"taxonomy":"product_tag","embeddable":true,"href":"https:\/\/alpha.nousdigital.pro\/en\/wp-json\/wp\/v2\/product_tag?post=899"}],"curies":[{"name":"wp","href":"https:\/\/api.w.org\/{rel}","templated":true}]}}