
{"id":894,"date":"2023-02-19T13:28:02","date_gmt":"2023-02-19T13:28:02","guid":{"rendered":"https:\/\/alpha.nousdigital.pro\/?post_type=product&#038;p=894"},"modified":"2025-12-05T09:55:28","modified_gmt":"2025-12-05T09:55:28","slug":"magnesium-bisglycinate","status":"publish","type":"product","link":"https:\/\/alpha.nousdigital.pro\/en\/producto\/magnesium-bisglycinate\/","title":{"rendered":"Magnesium Bisglycinate (60 VegeCaps) &#8211; Vitobest"},"content":{"rendered":"<p><strong>Magnesium Bisglycinate<\/strong>, de\u00a0<strong>Vitobest\u00ae<\/strong>, es un suplemento alimenticio elaborado a partir de bisglicinato de magnesio (<strong>Albion\u2122<\/strong>), el mineral que contribuye a disminuir el cansancio y la fatiga, a mantener la funci\u00f3n psicol\u00f3gica normal y a asegurar el funcionamiento del sistema nervioso y de los m\u00fasculos.<\/p>\n<p>El magnesio constituye un mineral esencial para el correcto funcionamiento de nuestro organismo, que podemos obtener a trav\u00e9s de una dieta rica en frutos secos, cereales, legumbres o chocolate negro.<\/p>\n<p>Cuando algunas deficiencias nutricionales disminuyen sus niveles de absorci\u00f3n podemos sufrir debilidad muscular, fatiga, somnolencia o irritabilidad. Por eso el ser humano recurre a la suplementaci\u00f3n como v\u00eda para alcanzar los 375 mg\/d\u00eda recomendados y evitar los efectos de su carencia. Pero no todos los suplementos son iguales, como tampoco lo son las capacidades de absorci\u00f3n de algunos de sus compuestos: los suplementos a base de magnesio inorg\u00e1nico no suelen absorberse y por tanto su biodisponibilidad es pr\u00e1cticamente nula.<\/p>\n<p><strong>Magnesium Bisglycinate<\/strong>, de\u00a0<strong>Vitobest\u00ae<\/strong>, es un suplemento de magnesio org\u00e1nico elaborado con magnesio aminoquelado de\u00a0<strong>Albion\u2122<\/strong>, la marca sin\u00f3nimo de eficiencia que produce los minerales aminoquelados con el porcentaje de absorci\u00f3n m\u00e1s alto del mercado<sup>1<\/sup>\u00a0y resulta internacionalmente conocida por la calidad y seguridad de todos sus productos.<\/p>\n<p><strong>Vitobest\u00ae<\/strong>\u00a0utiliza para este suplemento\u00a0<strong>c\u00e1psulas vegetales<\/strong>\u00a0(VegeCaps)\u00a0<strong>aptas para dietas veganas<\/strong>\u00a0y\u00a0<strong>libres de di\u00f3xido de titanio<\/strong>.<\/p>\n<p><strong>Declaraciones del producto (claims):<\/strong><\/p>\n<ul>\n<li>El magnesio ayuda a disminuir el cansancio y la fatiga.<\/li>\n<li>El magnesio contribuye al equilibrio electrol\u00edtico.<\/li>\n<li>El magnesio contribuye al metabolismo energ\u00e9tico normal.<\/li>\n<li>El magnesio contribuye al funcionamiento normal del sistema nervioso.<\/li>\n<li>El magnesio contribuye al funcionamiento normal de los m\u00fasculos.<\/li>\n<li>El magnesio contribuye a la funci\u00f3n psicol\u00f3gica normal.<\/li>\n<li>El magnesio contribuye al mantenimiento de los huesos en condiciones normales.<\/li>\n<li>El magnesio contribuye al mantenimiento de los dientes en condiciones normales.<\/li>\n<li>El magnesio contribuye al proceso de divisi\u00f3n celular.<\/li>\n<\/ul>\n<p>&nbsp;<\/p>\n<p><img fetchpriority=\"high\" decoding=\"async\" src=\"https:\/\/www.vitobest.com\/img\/cms\/VegeCaps-(Vitobest)-(Banner).jpg\" alt=\"VegeCaps\" width=\"1000\" height=\"250\" \/><\/p>\n<p>&nbsp;<\/p>\n<h6><strong>Bibliograf\u00eda:<\/strong><\/h6>\n<h6><sup>1<\/sup>\u201cDevelopment of a Model for In-Vitro Comparative Absorption of Magnesium from Five Magnesium Sources Commonly Used as Dietary Supplements\u201d. 2016. Hartle, J.W. et al.<\/h6>\n","protected":false},"excerpt":{"rendered":"<ul>\n<li>Suplemento de magnesio org\u00e1nico con alto porcentaje de absorci\u00f3n.<\/li>\n<li>Contiene bisglicinato de magnesio (Albion\u2122).<\/li>\n<li>Ayuda a mantener el equilibrio electrol\u00edtico, el metabolismo energ\u00e9tico, los huesos y los dientes en condiciones normales.<\/li>\n<li>Contribuye a disminuir el cansancio y la fatiga, y a mantener el funcionamiento normal del sistema nervioso y de los m\u00fasculos.<\/li>\n<li>Apto para personas cel\u00edacas.<\/li>\n<li>C\u00e1psulas vegetales aptas para dietas veganas y libres de di\u00f3xido de titanio.<\/li>\n<\/ul>\n","protected":false},"featured_media":1860,"comment_status":"closed","ping_status":"closed","template":"","meta":[],"product_brand":[665],"product_cat":[53,72],"product_tag":[92,93,91],"class_list":{"0":"post-894","1":"product","2":"type-product","3":"status-publish","4":"has-post-thumbnail","6":"product_brand-vitobest","7":"product_cat-salud","8":"product_cat-vitaminas-y-minerales","9":"product_tag-bisglycinate","10":"product_tag-magnesio","11":"product_tag-magnesium","13":"first","14":"onbackorder","15":"shipping-taxable","16":"purchasable","17":"product-type-simple"},"gallery_images":[],"yoast_head":"<!-- This site is optimized with the Yoast SEO plugin v23.4 - https:\/\/yoast.com\/wordpress\/plugins\/seo\/ -->\n<title>Magnesium Bisglycinate (60 VegeCaps) - Vitobest - Alpha Supplements<\/title>\n<meta name=\"description\" content=\"Suplemento de magnesio org\u00e1nico con alto porcentaje de absorci\u00f3n.  Contiene bisglicinato de magnesio (Albion\u2122).  Ayuda a mantener el equilibrio electrol\u00edtico, el metabolismo energ\u00e9tico, los huesos y los dientes en condiciones normales.  Contribuye a disminuir el cansancio y la fatiga, y a mantener el funcionamiento normal del sistema nervioso y de los m\u00fasculos.  Apto para personas cel\u00edacas.  C\u00e1psulas vegetales aptas para dietas veganas y libres de di\u00f3xido de titanio.\" \/>\n<meta name=\"robots\" content=\"index, follow, max-snippet:-1, max-image-preview:large, max-video-preview:-1\" \/>\n<link rel=\"canonical\" href=\"https:\/\/alpha.nousdigital.pro\/en\/producto\/magnesium-bisglycinate\/\" \/>\n<meta property=\"og:locale\" content=\"en_US\" \/>\n<meta property=\"og:type\" content=\"article\" \/>\n<meta property=\"og:title\" content=\"Magnesium Bisglycinate (60 VegeCaps) - Vitobest - Alpha Supplements\" \/>\n<meta property=\"og:description\" content=\"Suplemento de magnesio org\u00e1nico con alto porcentaje de absorci\u00f3n.  Contiene bisglicinato de magnesio (Albion\u2122).  Ayuda a mantener el equilibrio electrol\u00edtico, el metabolismo energ\u00e9tico, los huesos y los dientes en condiciones normales.  Contribuye a disminuir el cansancio y la fatiga, y a mantener el funcionamiento normal del sistema nervioso y de los m\u00fasculos.  Apto para personas cel\u00edacas.  C\u00e1psulas vegetales aptas para dietas veganas y libres de di\u00f3xido de titanio.\" \/>\n<meta property=\"og:url\" content=\"https:\/\/alpha.nousdigital.pro\/en\/producto\/magnesium-bisglycinate\/\" \/>\n<meta property=\"og:site_name\" content=\"Alpha Supplements\" \/>\n<meta property=\"article:modified_time\" content=\"2025-12-05T09:55:28+00:00\" \/>\n<meta property=\"og:image\" content=\"https:\/\/alpha.nousdigital.pro\/wp-content\/uploads\/2023\/09\/Magnesium-Bisglycinate.jpg\" \/>\n\t<meta property=\"og:image:width\" content=\"600\" \/>\n\t<meta property=\"og:image:height\" content=\"600\" \/>\n\t<meta property=\"og:image:type\" content=\"image\/jpeg\" \/>\n<meta name=\"twitter:card\" content=\"summary_large_image\" \/>\n<meta name=\"twitter:label1\" content=\"Est. reading time\" \/>\n\t<meta name=\"twitter:data1\" content=\"2 minutes\" \/>\n<script type=\"application\/ld+json\" class=\"yoast-schema-graph\">{\"@context\":\"https:\/\/schema.org\",\"@graph\":[{\"@type\":[\"WebPage\",\"ItemPage\"],\"@id\":\"https:\/\/alpha.nousdigital.pro\/en\/producto\/magnesium-bisglycinate\/\",\"url\":\"https:\/\/alpha.nousdigital.pro\/en\/producto\/magnesium-bisglycinate\/\",\"name\":\"Magnesium Bisglycinate (60 VegeCaps) - Vitobest - Alpha Supplements\",\"isPartOf\":{\"@id\":\"https:\/\/alpha.nousdigital.pro\/en\/#website\"},\"primaryImageOfPage\":{\"@id\":\"https:\/\/alpha.nousdigital.pro\/en\/producto\/magnesium-bisglycinate\/#primaryimage\"},\"image\":{\"@id\":\"https:\/\/alpha.nousdigital.pro\/en\/producto\/magnesium-bisglycinate\/#primaryimage\"},\"thumbnailUrl\":\"https:\/\/alpha.nousdigital.pro\/wp-content\/uploads\/2023\/09\/Magnesium-Bisglycinate.jpg\",\"datePublished\":\"2023-02-19T13:28:02+00:00\",\"dateModified\":\"2025-12-05T09:55:28+00:00\",\"description\":\"Suplemento de magnesio org\u00e1nico con alto porcentaje de absorci\u00f3n. Contiene bisglicinato de magnesio (Albion\u2122). Ayuda a mantener el equilibrio electrol\u00edtico, el metabolismo energ\u00e9tico, los huesos y los dientes en condiciones normales. Contribuye a disminuir el cansancio y la fatiga, y a mantener el funcionamiento normal del sistema nervioso y de los m\u00fasculos. Apto para personas cel\u00edacas. C\u00e1psulas vegetales aptas para dietas veganas y libres de di\u00f3xido de titanio.\",\"breadcrumb\":{\"@id\":\"https:\/\/alpha.nousdigital.pro\/en\/producto\/magnesium-bisglycinate\/#breadcrumb\"},\"inLanguage\":\"en-US\",\"potentialAction\":[{\"@type\":\"ReadAction\",\"target\":[\"https:\/\/alpha.nousdigital.pro\/en\/producto\/magnesium-bisglycinate\/\"]}]},{\"@type\":\"ImageObject\",\"inLanguage\":\"en-US\",\"@id\":\"https:\/\/alpha.nousdigital.pro\/en\/producto\/magnesium-bisglycinate\/#primaryimage\",\"url\":\"https:\/\/alpha.nousdigital.pro\/wp-content\/uploads\/2023\/09\/Magnesium-Bisglycinate.jpg\",\"contentUrl\":\"https:\/\/alpha.nousdigital.pro\/wp-content\/uploads\/2023\/09\/Magnesium-Bisglycinate.jpg\",\"width\":600,\"height\":600},{\"@type\":\"BreadcrumbList\",\"@id\":\"https:\/\/alpha.nousdigital.pro\/en\/producto\/magnesium-bisglycinate\/#breadcrumb\",\"itemListElement\":[{\"@type\":\"ListItem\",\"position\":1,\"name\":\"Portada\",\"item\":\"https:\/\/alpha.nousdigital.pro\/en\/\"},{\"@type\":\"ListItem\",\"position\":2,\"name\":\"Shop\",\"item\":\"https:\/\/alpha.nousdigital.pro\/en\/shop\/\"},{\"@type\":\"ListItem\",\"position\":3,\"name\":\"Magnesium Bisglycinate (60 VegeCaps) &#8211; Vitobest\"}]},{\"@type\":\"WebSite\",\"@id\":\"https:\/\/alpha.nousdigital.pro\/en\/#website\",\"url\":\"https:\/\/alpha.nousdigital.pro\/en\/\",\"name\":\"Alpha Supplements\",\"description\":\"Dietary supplements to support your health\",\"potentialAction\":[{\"@type\":\"SearchAction\",\"target\":{\"@type\":\"EntryPoint\",\"urlTemplate\":\"https:\/\/alpha.nousdigital.pro\/en\/?s={search_term_string}\"},\"query-input\":{\"@type\":\"PropertyValueSpecification\",\"valueRequired\":true,\"valueName\":\"search_term_string\"}}],\"inLanguage\":\"en-US\"}]}<\/script>\n<!-- \/ Yoast SEO plugin. -->","yoast_head_json":{"title":"Magnesium Bisglycinate (60 VegeCaps) - Vitobest - Alpha Supplements","description":"Suplemento de magnesio org\u00e1nico con alto porcentaje de absorci\u00f3n.  Contiene bisglicinato de magnesio (Albion\u2122).  Ayuda a mantener el equilibrio electrol\u00edtico, el metabolismo energ\u00e9tico, los huesos y los dientes en condiciones normales.  Contribuye a disminuir el cansancio y la fatiga, y a mantener el funcionamiento normal del sistema nervioso y de los m\u00fasculos.  Apto para personas cel\u00edacas.  C\u00e1psulas vegetales aptas para dietas veganas y libres de di\u00f3xido de titanio.","robots":{"index":"index","follow":"follow","max-snippet":"max-snippet:-1","max-image-preview":"max-image-preview:large","max-video-preview":"max-video-preview:-1"},"canonical":"https:\/\/alpha.nousdigital.pro\/en\/producto\/magnesium-bisglycinate\/","og_locale":"en_US","og_type":"article","og_title":"Magnesium Bisglycinate (60 VegeCaps) - Vitobest - Alpha Supplements","og_description":"Suplemento de magnesio org\u00e1nico con alto porcentaje de absorci\u00f3n.  Contiene bisglicinato de magnesio (Albion\u2122).  Ayuda a mantener el equilibrio electrol\u00edtico, el metabolismo energ\u00e9tico, los huesos y los dientes en condiciones normales.  Contribuye a disminuir el cansancio y la fatiga, y a mantener el funcionamiento normal del sistema nervioso y de los m\u00fasculos.  Apto para personas cel\u00edacas.  C\u00e1psulas vegetales aptas para dietas veganas y libres de di\u00f3xido de titanio.","og_url":"https:\/\/alpha.nousdigital.pro\/en\/producto\/magnesium-bisglycinate\/","og_site_name":"Alpha Supplements","article_modified_time":"2025-12-05T09:55:28+00:00","og_image":[{"width":600,"height":600,"url":"https:\/\/alpha.nousdigital.pro\/wp-content\/uploads\/2023\/09\/Magnesium-Bisglycinate.jpg","type":"image\/jpeg"}],"twitter_card":"summary_large_image","twitter_misc":{"Est. reading time":"2 minutes"},"schema":{"@context":"https:\/\/schema.org","@graph":[{"@type":["WebPage","ItemPage"],"@id":"https:\/\/alpha.nousdigital.pro\/en\/producto\/magnesium-bisglycinate\/","url":"https:\/\/alpha.nousdigital.pro\/en\/producto\/magnesium-bisglycinate\/","name":"Magnesium Bisglycinate (60 VegeCaps) - Vitobest - Alpha Supplements","isPartOf":{"@id":"https:\/\/alpha.nousdigital.pro\/en\/#website"},"primaryImageOfPage":{"@id":"https:\/\/alpha.nousdigital.pro\/en\/producto\/magnesium-bisglycinate\/#primaryimage"},"image":{"@id":"https:\/\/alpha.nousdigital.pro\/en\/producto\/magnesium-bisglycinate\/#primaryimage"},"thumbnailUrl":"https:\/\/alpha.nousdigital.pro\/wp-content\/uploads\/2023\/09\/Magnesium-Bisglycinate.jpg","datePublished":"2023-02-19T13:28:02+00:00","dateModified":"2025-12-05T09:55:28+00:00","description":"Suplemento de magnesio org\u00e1nico con alto porcentaje de absorci\u00f3n. Contiene bisglicinato de magnesio (Albion\u2122). Ayuda a mantener el equilibrio electrol\u00edtico, el metabolismo energ\u00e9tico, los huesos y los dientes en condiciones normales. Contribuye a disminuir el cansancio y la fatiga, y a mantener el funcionamiento normal del sistema nervioso y de los m\u00fasculos. Apto para personas cel\u00edacas. C\u00e1psulas vegetales aptas para dietas veganas y libres de di\u00f3xido de titanio.","breadcrumb":{"@id":"https:\/\/alpha.nousdigital.pro\/en\/producto\/magnesium-bisglycinate\/#breadcrumb"},"inLanguage":"en-US","potentialAction":[{"@type":"ReadAction","target":["https:\/\/alpha.nousdigital.pro\/en\/producto\/magnesium-bisglycinate\/"]}]},{"@type":"ImageObject","inLanguage":"en-US","@id":"https:\/\/alpha.nousdigital.pro\/en\/producto\/magnesium-bisglycinate\/#primaryimage","url":"https:\/\/alpha.nousdigital.pro\/wp-content\/uploads\/2023\/09\/Magnesium-Bisglycinate.jpg","contentUrl":"https:\/\/alpha.nousdigital.pro\/wp-content\/uploads\/2023\/09\/Magnesium-Bisglycinate.jpg","width":600,"height":600},{"@type":"BreadcrumbList","@id":"https:\/\/alpha.nousdigital.pro\/en\/producto\/magnesium-bisglycinate\/#breadcrumb","itemListElement":[{"@type":"ListItem","position":1,"name":"Portada","item":"https:\/\/alpha.nousdigital.pro\/en\/"},{"@type":"ListItem","position":2,"name":"Shop","item":"https:\/\/alpha.nousdigital.pro\/en\/shop\/"},{"@type":"ListItem","position":3,"name":"Magnesium Bisglycinate (60 VegeCaps) &#8211; Vitobest"}]},{"@type":"WebSite","@id":"https:\/\/alpha.nousdigital.pro\/en\/#website","url":"https:\/\/alpha.nousdigital.pro\/en\/","name":"Alpha Supplements","description":"Dietary supplements to support your health","potentialAction":[{"@type":"SearchAction","target":{"@type":"EntryPoint","urlTemplate":"https:\/\/alpha.nousdigital.pro\/en\/?s={search_term_string}"},"query-input":{"@type":"PropertyValueSpecification","valueRequired":true,"valueName":"search_term_string"}}],"inLanguage":"en-US"}]}},"_links":{"self":[{"href":"https:\/\/alpha.nousdigital.pro\/en\/wp-json\/wp\/v2\/product\/894","targetHints":{"allow":["GET"]}}],"collection":[{"href":"https:\/\/alpha.nousdigital.pro\/en\/wp-json\/wp\/v2\/product"}],"about":[{"href":"https:\/\/alpha.nousdigital.pro\/en\/wp-json\/wp\/v2\/types\/product"}],"replies":[{"embeddable":true,"href":"https:\/\/alpha.nousdigital.pro\/en\/wp-json\/wp\/v2\/comments?post=894"}],"wp:featuredmedia":[{"embeddable":true,"href":"https:\/\/alpha.nousdigital.pro\/en\/wp-json\/wp\/v2\/media\/1860"}],"wp:attachment":[{"href":"https:\/\/alpha.nousdigital.pro\/en\/wp-json\/wp\/v2\/media?parent=894"}],"wp:term":[{"taxonomy":"product_brand","embeddable":true,"href":"https:\/\/alpha.nousdigital.pro\/en\/wp-json\/wp\/v2\/product_brand?post=894"},{"taxonomy":"product_cat","embeddable":true,"href":"https:\/\/alpha.nousdigital.pro\/en\/wp-json\/wp\/v2\/product_cat?post=894"},{"taxonomy":"product_tag","embeddable":true,"href":"https:\/\/alpha.nousdigital.pro\/en\/wp-json\/wp\/v2\/product_tag?post=894"}],"curies":[{"name":"wp","href":"https:\/\/api.w.org\/{rel}","templated":true}]}}