
{"id":890,"date":"2023-02-19T13:28:01","date_gmt":"2023-02-19T13:28:01","guid":{"rendered":"https:\/\/alpha.nousdigital.pro\/?post_type=product&#038;p=890"},"modified":"2025-12-04T11:27:11","modified_gmt":"2025-12-04T11:27:11","slug":"b-50-complex","status":"publish","type":"product","link":"https:\/\/alpha.nousdigital.pro\/en\/producto\/b-50-complex\/","title":{"rendered":"B-50 Complex (60 VegeCaps) New Formula! &#8211; Vitobest"},"content":{"rendered":"<p><strong>B-50 Complex<\/strong>, de\u00a0<strong>Vitobest\u00ae<\/strong>, es un complejo vitam\u00ednico que\u00a0<strong>contiene las ocho vitaminas que forman el grupo B<\/strong>\u00a0(B1, B2, B3, B5, B6, B7, B9 y B12) m\u00e1s carbonato c\u00e1lcico e inositol, un elemento important\u00edsimo para el control de la expresi\u00f3n g\u00e9nica<sup>1<\/sup>.<\/p>\n<p>Las vitaminas son elementos fundamentales para el desarrollo tanto f\u00edsico como intelectual del individuo. Aunque existen ciertos alimentos ricos en este tipo de nutrientes, su car\u00e1cter hidr\u00f3filo provoca que durante el proceso de cocci\u00f3n o lavado se pierdan muchas de sus propiedades (la vitamina B1 puede perder hasta un 40 %).\u00a0<strong>B-50 Complex<\/strong>, constituye el suplemento ideal para suplir estas deficiencias.<\/p>\n<p>En su b\u00fasqueda de la m\u00e1s alta calidad,\u00a0<strong>Vitobest\u00ae<\/strong>\u00a0apost\u00f3 por\u00a0<strong>DSM\u00ae<\/strong>\u00a0como proveedor de su materia prima principal, de modo que el producto cuenta con la m\u00e1xima biodisponibilidad y absorci\u00f3n de los ingredientes elaborados con ese sello y la garant\u00eda que ofrecen los m\u00e1s estrictos controles de calidad a los que son sometidos.<\/p>\n<p><strong>Vitobest\u00ae<\/strong>\u00a0utiliza para este suplemento\u00a0<strong>c\u00e1psulas vegetales<\/strong>\u00a0(VegeCaps)\u00a0<strong>aptas para dietas veganas<\/strong>\u00a0y\u00a0<strong>libres de di\u00f3xido de titanio<\/strong>.<\/p>\n<p><strong>Declaraciones del producto (claims):<\/strong><\/p>\n<ul>\n<li>La vitamina B6, la riboflavina (vitamina B2), la tiamina (vitamina B1), la vitamina B12, la niacina (vitamina B3), la biotina y el \u00e1cido pantot\u00e9nico (vitamina B5) contribuyen al metabolismo energ\u00e9tico normal.<\/li>\n<li>La vitamina B6, la riboflavina (vitamina B2), la tiamina (vitamina B1), la vitamina B12, la niacina (vitamina B3) y la biotina contribuyen al funcionamiento normal del sistema nervioso.<\/li>\n<li>La vitamina B6, la vitamina B12 y los folatos (vitamina B9) contribuyen al metabolismo normal de la homociste\u00edna.<\/li>\n<li>La vitamina B6, la tiamina (vitamina B1), la vitamina B12, la niacina (vitamina B3), la biotina y los folatos (vitamina B9) contribuyen a la funci\u00f3n psicol\u00f3gica normal.<\/li>\n<li>La vitamina B6, la riboflavina (vitamina B2), la vitamina B12, la niacina (vitamina B3), el \u00e1cido pantot\u00e9nico (vitamina B5) y los folatos (vitamina B9) ayudan a disminuir el cansancio y la fatiga.<\/li>\n<li>La riboflavina (vitamina B2), la niacina (vitamina B3) y la biotina contribuyen al mantenimiento de las mucosas en condiciones normales.<\/li>\n<li>La riboflavina (vitamina B2), la niacina (vitamina B3) y la biotina contribuyen al mantenimiento de la piel en condiciones normales.<\/li>\n<li>La vitamina B12 y los folatos (vitamina B9) contribuyen al funcionamiento normal del sistema inmunitario.<\/li>\n<\/ul>\n<p>&nbsp;<\/p>\n<p><img fetchpriority=\"high\" decoding=\"async\" src=\"https:\/\/www.vitobest.com\/img\/cms\/VegeCaps-(Vitobest)-(Banner).jpg\" alt=\"VegeCaps\" width=\"1000\" height=\"250\" \/><\/p>\n<p>&nbsp;<\/p>\n<h6><strong>Bibliograf\u00eda:<\/strong><\/h6>\n<h6><sup>1<\/sup>\u201cInositol trisphosphate and calcium signalling\u201d. 1993. Berridge, M.J. Nature Research Journal. No.361. Pp. 315\u2013325. Disponible en: https:\/\/www.nature.com\/articles\/361315a0<\/h6>\n","protected":false},"excerpt":{"rendered":"<ul>\n<li>Contiene las ocho vitaminas que forman el grupo B (B1, B2, B3, B5, B6, B7, B9 y B12) (Quali\u00ae-B) (DSM\u00ae).<\/li>\n<li>F\u00f3rmula enriquecida con carbonato c\u00e1lcico e inositol.<\/li>\n<li>Contribuye al metabolismo energ\u00e9tico normal, al funcionamiento normal del sistema nervioso y a la funci\u00f3n psicol\u00f3gica normal.<\/li>\n<li>Ayuda a disminuir el cansancio y la fatiga, al mantenimiento de la piel en condiciones normales y al funcionamiento normal del sistema inmunitario.<\/li>\n<li>Apto para personas cel\u00edacas.<\/li>\n<li>C\u00e1psulas vegetales aptas para dietas veganas y libres de di\u00f3xido de titanio.<\/li>\n<\/ul>\n","protected":false},"featured_media":1856,"comment_status":"closed","ping_status":"closed","template":"","meta":[],"product_brand":[665],"product_cat":[53,72],"product_tag":[117,100],"class_list":{"0":"post-890","1":"product","2":"type-product","3":"status-publish","4":"has-post-thumbnail","6":"product_brand-vitobest","7":"product_cat-salud","8":"product_cat-vitaminas-y-minerales","9":"product_tag-b-50","10":"product_tag-complex","12":"first","13":"onbackorder","14":"shipping-taxable","15":"purchasable","16":"product-type-simple"},"gallery_images":[],"yoast_head":"<!-- This site is optimized with the Yoast SEO plugin v23.4 - https:\/\/yoast.com\/wordpress\/plugins\/seo\/ -->\n<title>B-50 Complex (60 VegeCaps) New Formula! - Vitobest - Alpha Supplements<\/title>\n<meta name=\"description\" content=\"Contiene las ocho vitaminas que forman el grupo B (B1, B2, B3, B5, B6, B7, B9 y B12) (Quali\u00ae-B) (DSM\u00ae).  F\u00f3rmula enriquecida con carbonato c\u00e1lcico e inositol.  Contribuye al metabolismo energ\u00e9tico normal, al funcionamiento normal del sistema nervioso y a la funci\u00f3n psicol\u00f3gica normal.  Ayuda a disminuir el cansancio y la fatiga, al mantenimiento de la piel en condiciones normales y al funcionamiento normal del sistema inmunitario.  Apto para personas cel\u00edacas.  C\u00e1psulas vegetales aptas para dietas veganas y libres de di\u00f3xido de titanio.\" \/>\n<meta name=\"robots\" content=\"index, follow, max-snippet:-1, max-image-preview:large, max-video-preview:-1\" \/>\n<link rel=\"canonical\" href=\"https:\/\/alpha.nousdigital.pro\/en\/producto\/b-50-complex\/\" \/>\n<meta property=\"og:locale\" content=\"en_US\" \/>\n<meta property=\"og:type\" content=\"article\" \/>\n<meta property=\"og:title\" content=\"B-50 Complex (60 VegeCaps) New Formula! - Vitobest - Alpha Supplements\" \/>\n<meta property=\"og:description\" content=\"Contiene las ocho vitaminas que forman el grupo B (B1, B2, B3, B5, B6, B7, B9 y B12) (Quali\u00ae-B) (DSM\u00ae).  F\u00f3rmula enriquecida con carbonato c\u00e1lcico e inositol.  Contribuye al metabolismo energ\u00e9tico normal, al funcionamiento normal del sistema nervioso y a la funci\u00f3n psicol\u00f3gica normal.  Ayuda a disminuir el cansancio y la fatiga, al mantenimiento de la piel en condiciones normales y al funcionamiento normal del sistema inmunitario.  Apto para personas cel\u00edacas.  C\u00e1psulas vegetales aptas para dietas veganas y libres de di\u00f3xido de titanio.\" \/>\n<meta property=\"og:url\" content=\"https:\/\/alpha.nousdigital.pro\/en\/producto\/b-50-complex\/\" \/>\n<meta property=\"og:site_name\" content=\"Alpha Supplements\" \/>\n<meta property=\"article:modified_time\" content=\"2025-12-04T11:27:11+00:00\" \/>\n<meta property=\"og:image\" content=\"https:\/\/alpha.nousdigital.pro\/wp-content\/uploads\/2023\/09\/B-50-Complex.jpg\" \/>\n\t<meta property=\"og:image:width\" content=\"600\" \/>\n\t<meta property=\"og:image:height\" content=\"600\" \/>\n\t<meta property=\"og:image:type\" content=\"image\/jpeg\" \/>\n<meta name=\"twitter:card\" content=\"summary_large_image\" \/>\n<meta name=\"twitter:label1\" content=\"Est. reading time\" \/>\n\t<meta name=\"twitter:data1\" content=\"3 minutes\" \/>\n<script type=\"application\/ld+json\" class=\"yoast-schema-graph\">{\"@context\":\"https:\/\/schema.org\",\"@graph\":[{\"@type\":[\"WebPage\",\"ItemPage\"],\"@id\":\"https:\/\/alpha.nousdigital.pro\/en\/producto\/b-50-complex\/\",\"url\":\"https:\/\/alpha.nousdigital.pro\/en\/producto\/b-50-complex\/\",\"name\":\"B-50 Complex (60 VegeCaps) New Formula! - Vitobest - Alpha Supplements\",\"isPartOf\":{\"@id\":\"https:\/\/alpha.nousdigital.pro\/en\/#website\"},\"primaryImageOfPage\":{\"@id\":\"https:\/\/alpha.nousdigital.pro\/en\/producto\/b-50-complex\/#primaryimage\"},\"image\":{\"@id\":\"https:\/\/alpha.nousdigital.pro\/en\/producto\/b-50-complex\/#primaryimage\"},\"thumbnailUrl\":\"https:\/\/alpha.nousdigital.pro\/wp-content\/uploads\/2023\/09\/B-50-Complex.jpg\",\"datePublished\":\"2023-02-19T13:28:01+00:00\",\"dateModified\":\"2025-12-04T11:27:11+00:00\",\"description\":\"Contiene las ocho vitaminas que forman el grupo B (B1, B2, B3, B5, B6, B7, B9 y B12) (Quali\u00ae-B) (DSM\u00ae). F\u00f3rmula enriquecida con carbonato c\u00e1lcico e inositol. Contribuye al metabolismo energ\u00e9tico normal, al funcionamiento normal del sistema nervioso y a la funci\u00f3n psicol\u00f3gica normal. Ayuda a disminuir el cansancio y la fatiga, al mantenimiento de la piel en condiciones normales y al funcionamiento normal del sistema inmunitario. Apto para personas cel\u00edacas. C\u00e1psulas vegetales aptas para dietas veganas y libres de di\u00f3xido de titanio.\",\"breadcrumb\":{\"@id\":\"https:\/\/alpha.nousdigital.pro\/en\/producto\/b-50-complex\/#breadcrumb\"},\"inLanguage\":\"en-US\",\"potentialAction\":[{\"@type\":\"ReadAction\",\"target\":[\"https:\/\/alpha.nousdigital.pro\/en\/producto\/b-50-complex\/\"]}]},{\"@type\":\"ImageObject\",\"inLanguage\":\"en-US\",\"@id\":\"https:\/\/alpha.nousdigital.pro\/en\/producto\/b-50-complex\/#primaryimage\",\"url\":\"https:\/\/alpha.nousdigital.pro\/wp-content\/uploads\/2023\/09\/B-50-Complex.jpg\",\"contentUrl\":\"https:\/\/alpha.nousdigital.pro\/wp-content\/uploads\/2023\/09\/B-50-Complex.jpg\",\"width\":600,\"height\":600},{\"@type\":\"BreadcrumbList\",\"@id\":\"https:\/\/alpha.nousdigital.pro\/en\/producto\/b-50-complex\/#breadcrumb\",\"itemListElement\":[{\"@type\":\"ListItem\",\"position\":1,\"name\":\"Portada\",\"item\":\"https:\/\/alpha.nousdigital.pro\/en\/\"},{\"@type\":\"ListItem\",\"position\":2,\"name\":\"Shop\",\"item\":\"https:\/\/alpha.nousdigital.pro\/en\/shop\/\"},{\"@type\":\"ListItem\",\"position\":3,\"name\":\"B-50 Complex (60 VegeCaps) New Formula! &#8211; Vitobest\"}]},{\"@type\":\"WebSite\",\"@id\":\"https:\/\/alpha.nousdigital.pro\/en\/#website\",\"url\":\"https:\/\/alpha.nousdigital.pro\/en\/\",\"name\":\"Alpha Supplements\",\"description\":\"Dietary supplements to support your health\",\"potentialAction\":[{\"@type\":\"SearchAction\",\"target\":{\"@type\":\"EntryPoint\",\"urlTemplate\":\"https:\/\/alpha.nousdigital.pro\/en\/?s={search_term_string}\"},\"query-input\":{\"@type\":\"PropertyValueSpecification\",\"valueRequired\":true,\"valueName\":\"search_term_string\"}}],\"inLanguage\":\"en-US\"}]}<\/script>\n<!-- \/ Yoast SEO plugin. -->","yoast_head_json":{"title":"B-50 Complex (60 VegeCaps) New Formula! - Vitobest - Alpha Supplements","description":"Contiene las ocho vitaminas que forman el grupo B (B1, B2, B3, B5, B6, B7, B9 y B12) (Quali\u00ae-B) (DSM\u00ae).  F\u00f3rmula enriquecida con carbonato c\u00e1lcico e inositol.  Contribuye al metabolismo energ\u00e9tico normal, al funcionamiento normal del sistema nervioso y a la funci\u00f3n psicol\u00f3gica normal.  Ayuda a disminuir el cansancio y la fatiga, al mantenimiento de la piel en condiciones normales y al funcionamiento normal del sistema inmunitario.  Apto para personas cel\u00edacas.  C\u00e1psulas vegetales aptas para dietas veganas y libres de di\u00f3xido de titanio.","robots":{"index":"index","follow":"follow","max-snippet":"max-snippet:-1","max-image-preview":"max-image-preview:large","max-video-preview":"max-video-preview:-1"},"canonical":"https:\/\/alpha.nousdigital.pro\/en\/producto\/b-50-complex\/","og_locale":"en_US","og_type":"article","og_title":"B-50 Complex (60 VegeCaps) New Formula! - Vitobest - Alpha Supplements","og_description":"Contiene las ocho vitaminas que forman el grupo B (B1, B2, B3, B5, B6, B7, B9 y B12) (Quali\u00ae-B) (DSM\u00ae).  F\u00f3rmula enriquecida con carbonato c\u00e1lcico e inositol.  Contribuye al metabolismo energ\u00e9tico normal, al funcionamiento normal del sistema nervioso y a la funci\u00f3n psicol\u00f3gica normal.  Ayuda a disminuir el cansancio y la fatiga, al mantenimiento de la piel en condiciones normales y al funcionamiento normal del sistema inmunitario.  Apto para personas cel\u00edacas.  C\u00e1psulas vegetales aptas para dietas veganas y libres de di\u00f3xido de titanio.","og_url":"https:\/\/alpha.nousdigital.pro\/en\/producto\/b-50-complex\/","og_site_name":"Alpha Supplements","article_modified_time":"2025-12-04T11:27:11+00:00","og_image":[{"width":600,"height":600,"url":"https:\/\/alpha.nousdigital.pro\/wp-content\/uploads\/2023\/09\/B-50-Complex.jpg","type":"image\/jpeg"}],"twitter_card":"summary_large_image","twitter_misc":{"Est. reading time":"3 minutes"},"schema":{"@context":"https:\/\/schema.org","@graph":[{"@type":["WebPage","ItemPage"],"@id":"https:\/\/alpha.nousdigital.pro\/en\/producto\/b-50-complex\/","url":"https:\/\/alpha.nousdigital.pro\/en\/producto\/b-50-complex\/","name":"B-50 Complex (60 VegeCaps) New Formula! - Vitobest - Alpha Supplements","isPartOf":{"@id":"https:\/\/alpha.nousdigital.pro\/en\/#website"},"primaryImageOfPage":{"@id":"https:\/\/alpha.nousdigital.pro\/en\/producto\/b-50-complex\/#primaryimage"},"image":{"@id":"https:\/\/alpha.nousdigital.pro\/en\/producto\/b-50-complex\/#primaryimage"},"thumbnailUrl":"https:\/\/alpha.nousdigital.pro\/wp-content\/uploads\/2023\/09\/B-50-Complex.jpg","datePublished":"2023-02-19T13:28:01+00:00","dateModified":"2025-12-04T11:27:11+00:00","description":"Contiene las ocho vitaminas que forman el grupo B (B1, B2, B3, B5, B6, B7, B9 y B12) (Quali\u00ae-B) (DSM\u00ae). F\u00f3rmula enriquecida con carbonato c\u00e1lcico e inositol. Contribuye al metabolismo energ\u00e9tico normal, al funcionamiento normal del sistema nervioso y a la funci\u00f3n psicol\u00f3gica normal. Ayuda a disminuir el cansancio y la fatiga, al mantenimiento de la piel en condiciones normales y al funcionamiento normal del sistema inmunitario. Apto para personas cel\u00edacas. C\u00e1psulas vegetales aptas para dietas veganas y libres de di\u00f3xido de titanio.","breadcrumb":{"@id":"https:\/\/alpha.nousdigital.pro\/en\/producto\/b-50-complex\/#breadcrumb"},"inLanguage":"en-US","potentialAction":[{"@type":"ReadAction","target":["https:\/\/alpha.nousdigital.pro\/en\/producto\/b-50-complex\/"]}]},{"@type":"ImageObject","inLanguage":"en-US","@id":"https:\/\/alpha.nousdigital.pro\/en\/producto\/b-50-complex\/#primaryimage","url":"https:\/\/alpha.nousdigital.pro\/wp-content\/uploads\/2023\/09\/B-50-Complex.jpg","contentUrl":"https:\/\/alpha.nousdigital.pro\/wp-content\/uploads\/2023\/09\/B-50-Complex.jpg","width":600,"height":600},{"@type":"BreadcrumbList","@id":"https:\/\/alpha.nousdigital.pro\/en\/producto\/b-50-complex\/#breadcrumb","itemListElement":[{"@type":"ListItem","position":1,"name":"Portada","item":"https:\/\/alpha.nousdigital.pro\/en\/"},{"@type":"ListItem","position":2,"name":"Shop","item":"https:\/\/alpha.nousdigital.pro\/en\/shop\/"},{"@type":"ListItem","position":3,"name":"B-50 Complex (60 VegeCaps) New Formula! &#8211; Vitobest"}]},{"@type":"WebSite","@id":"https:\/\/alpha.nousdigital.pro\/en\/#website","url":"https:\/\/alpha.nousdigital.pro\/en\/","name":"Alpha Supplements","description":"Dietary supplements to support your health","potentialAction":[{"@type":"SearchAction","target":{"@type":"EntryPoint","urlTemplate":"https:\/\/alpha.nousdigital.pro\/en\/?s={search_term_string}"},"query-input":{"@type":"PropertyValueSpecification","valueRequired":true,"valueName":"search_term_string"}}],"inLanguage":"en-US"}]}},"_links":{"self":[{"href":"https:\/\/alpha.nousdigital.pro\/en\/wp-json\/wp\/v2\/product\/890","targetHints":{"allow":["GET"]}}],"collection":[{"href":"https:\/\/alpha.nousdigital.pro\/en\/wp-json\/wp\/v2\/product"}],"about":[{"href":"https:\/\/alpha.nousdigital.pro\/en\/wp-json\/wp\/v2\/types\/product"}],"replies":[{"embeddable":true,"href":"https:\/\/alpha.nousdigital.pro\/en\/wp-json\/wp\/v2\/comments?post=890"}],"wp:featuredmedia":[{"embeddable":true,"href":"https:\/\/alpha.nousdigital.pro\/en\/wp-json\/wp\/v2\/media\/1856"}],"wp:attachment":[{"href":"https:\/\/alpha.nousdigital.pro\/en\/wp-json\/wp\/v2\/media?parent=890"}],"wp:term":[{"taxonomy":"product_brand","embeddable":true,"href":"https:\/\/alpha.nousdigital.pro\/en\/wp-json\/wp\/v2\/product_brand?post=890"},{"taxonomy":"product_cat","embeddable":true,"href":"https:\/\/alpha.nousdigital.pro\/en\/wp-json\/wp\/v2\/product_cat?post=890"},{"taxonomy":"product_tag","embeddable":true,"href":"https:\/\/alpha.nousdigital.pro\/en\/wp-json\/wp\/v2\/product_tag?post=890"}],"curies":[{"name":"wp","href":"https:\/\/api.w.org\/{rel}","templated":true}]}}