
{"id":889,"date":"2023-02-19T13:28:01","date_gmt":"2023-02-19T13:28:01","guid":{"rendered":"https:\/\/alpha.nousdigital.pro\/?post_type=product&#038;p=889"},"modified":"2025-07-13T08:52:27","modified_gmt":"2025-07-13T08:52:27","slug":"health-pack","status":"publish","type":"product","link":"https:\/\/alpha.nousdigital.pro\/en\/producto\/health-pack\/","title":{"rendered":"Health Pack (100 VegeCaps) &#8211; Vitobest"},"content":{"rendered":"<p><strong>Health Pack<\/strong>, de\u00a0<strong>Vitobest\u00ae<\/strong>, es una f\u00f3rmula especialmente elaborada a partir de\u00a0<strong>antioxidantes, vitaminas, minerales, enzimas y extractos vegetales<\/strong>, que pueden ayudar a nuestro organismo a complementar las deficiencias nutricionales de la dieta diaria.<\/p>\n<p>Contiene un complejo vitam\u00ednico fortificado con vitaminas de origen natural elaboradas por\u00a0<strong>DSM\u00ae<\/strong>\u00a0(C, niacina, E, B5, B6, B2, B1, A, B9, D3 y B12); un compuesto mineral que a\u00fana minerales de gran absorci\u00f3n de\u00a0<strong>Albion\u2122<\/strong>\u00a0(magnesio, zinc, hierro, yodo y calcio bisglicinato); una f\u00f3rmula lipotr\u00f3pica para metabolizar las grasas que se ingieren y movilizar las propias en energ\u00eda (L-Carnitina tartrato, bitartrato de colina, L-Metionina e inositol); una f\u00f3rmula de extractos vegetales (<strong>Oxxynea\u00ae<\/strong>); una f\u00f3rmula enzim\u00e1tica para la correcta digesti\u00f3n de los alimentos que ingerimos (<strong>DigeZyme\u00ae).<\/strong>\u00a0Adem\u00e1s contiene\u00a0<strong>Insu-Matrix F\u00f3rmula\u2122<\/strong>\u00a0y pimienta negra.\u00a0<strong>Vitobest\u00ae<\/strong>\u00a0siempre utiliza las materias primas de mayor calidad en el mercado y apuesta por la calidad en todas las etapas de su proceso productivo.<\/p>\n<p><strong>Vitobest\u00ae<\/strong>\u00a0utiliza para este suplemento\u00a0<strong>c\u00e1psulas vegetales<\/strong>\u00a0(VegeCaps)\u00a0<strong>aptas para dietas veganas<\/strong>\u00a0y\u00a0<strong>libres de di\u00f3xido de titanio<\/strong>.<\/p>\n<p><strong>Declaraciones del producto (claims):<\/strong><\/p>\n<ul>\n<li>La vitamina E contribuye a la protecci\u00f3n de las c\u00e9lulas frente al da\u00f1o oxidativo.<\/li>\n<li>La vitamina C contribuye al funcionamiento normal del sistema inmunitario.<\/li>\n<li>La vitamina B6 contribuye a la funci\u00f3n psicol\u00f3gica normal.<\/li>\n<li>La vitamina B12 contribuye al metabolismo energ\u00e9tico normal.<\/li>\n<li>El magnesio ayuda a disminuir el cansancio y la fatiga.<\/li>\n<\/ul>\n<p>&nbsp;<\/p>\n<p><img fetchpriority=\"high\" decoding=\"async\" src=\"https:\/\/www.vitobest.com\/img\/cms\/Health-Pack-(Vitobest)-(Banner).jpg\" alt=\"Health Pack\" width=\"1000\" height=\"250\" \/><\/p>\n","protected":false},"excerpt":{"rendered":"<ul>\n<li>Contiene antioxidantes, vitaminas (DSM\u00ae), minerales (Albion\u2122), enzimas (DigeZyme\u00ae), extractos vegetales (Oxxynea\u00ae) y pimienta negra.<\/li>\n<li>Contribuye a la protecci\u00f3n de las c\u00e9lulas frente al da\u00f1o oxidativo y al funcionamiento normal del sistema inmunitario.<\/li>\n<li>Ayuda a la funci\u00f3n psicol\u00f3gica normal, al metabolismo energ\u00e9tico normal y a disminuir el cansancio y la fatiga.<\/li>\n<li>C\u00e1psulas vegetales aptas para dietas veganas y libres de di\u00f3xido de titanio.<\/li>\n<\/ul>\n","protected":false},"featured_media":1855,"comment_status":"closed","ping_status":"closed","template":"","meta":[],"product_brand":[665],"product_cat":[53,72],"product_tag":[112,114,113],"class_list":{"0":"post-889","1":"product","2":"type-product","3":"status-publish","4":"has-post-thumbnail","6":"product_brand-vitobest","7":"product_cat-salud","8":"product_cat-vitaminas-y-minerales","9":"product_tag-health","10":"product_tag-healthpack","11":"product_tag-pack","13":"first","14":"onbackorder","15":"shipping-taxable","16":"purchasable","17":"product-type-simple"},"gallery_images":[],"yoast_head":"<!-- This site is optimized with the Yoast SEO plugin v23.4 - https:\/\/yoast.com\/wordpress\/plugins\/seo\/ -->\n<title>Health Pack (100 VegeCaps) - Vitobest - Alpha Supplements<\/title>\n<meta name=\"description\" content=\"Contiene antioxidantes, vitaminas (DSM\u00ae), minerales (Albion\u2122), enzimas (DigeZyme\u00ae), extractos vegetales (Oxxynea\u00ae) y pimienta negra.  Contribuye a la protecci\u00f3n de las c\u00e9lulas frente al da\u00f1o oxidativo y al funcionamiento normal del sistema inmunitario.  Ayuda a la funci\u00f3n psicol\u00f3gica normal, al metabolismo energ\u00e9tico normal y a disminuir el cansancio y la fatiga.  C\u00e1psulas vegetales aptas para dietas veganas y libres de di\u00f3xido de titanio.\" \/>\n<meta name=\"robots\" content=\"index, follow, max-snippet:-1, max-image-preview:large, max-video-preview:-1\" \/>\n<link rel=\"canonical\" href=\"https:\/\/alpha.nousdigital.pro\/en\/producto\/health-pack\/\" \/>\n<meta property=\"og:locale\" content=\"en_US\" \/>\n<meta property=\"og:type\" content=\"article\" \/>\n<meta property=\"og:title\" content=\"Health Pack (100 VegeCaps) - Vitobest - Alpha Supplements\" \/>\n<meta property=\"og:description\" content=\"Contiene antioxidantes, vitaminas (DSM\u00ae), minerales (Albion\u2122), enzimas (DigeZyme\u00ae), extractos vegetales (Oxxynea\u00ae) y pimienta negra.  Contribuye a la protecci\u00f3n de las c\u00e9lulas frente al da\u00f1o oxidativo y al funcionamiento normal del sistema inmunitario.  Ayuda a la funci\u00f3n psicol\u00f3gica normal, al metabolismo energ\u00e9tico normal y a disminuir el cansancio y la fatiga.  C\u00e1psulas vegetales aptas para dietas veganas y libres de di\u00f3xido de titanio.\" \/>\n<meta property=\"og:url\" content=\"https:\/\/alpha.nousdigital.pro\/en\/producto\/health-pack\/\" \/>\n<meta property=\"og:site_name\" content=\"Alpha Supplements\" \/>\n<meta property=\"article:modified_time\" content=\"2025-07-13T08:52:27+00:00\" \/>\n<meta property=\"og:image\" content=\"https:\/\/alpha.nousdigital.pro\/wp-content\/uploads\/2023\/09\/Health-Pack.jpg\" \/>\n\t<meta property=\"og:image:width\" content=\"600\" \/>\n\t<meta property=\"og:image:height\" content=\"600\" \/>\n\t<meta property=\"og:image:type\" content=\"image\/jpeg\" \/>\n<meta name=\"twitter:card\" content=\"summary_large_image\" \/>\n<meta name=\"twitter:label1\" content=\"Est. reading time\" \/>\n\t<meta name=\"twitter:data1\" content=\"2 minutes\" \/>\n<script type=\"application\/ld+json\" class=\"yoast-schema-graph\">{\"@context\":\"https:\/\/schema.org\",\"@graph\":[{\"@type\":[\"WebPage\",\"ItemPage\"],\"@id\":\"https:\/\/alpha.nousdigital.pro\/en\/producto\/health-pack\/\",\"url\":\"https:\/\/alpha.nousdigital.pro\/en\/producto\/health-pack\/\",\"name\":\"Health Pack (100 VegeCaps) - Vitobest - Alpha Supplements\",\"isPartOf\":{\"@id\":\"https:\/\/alpha.nousdigital.pro\/en\/#website\"},\"primaryImageOfPage\":{\"@id\":\"https:\/\/alpha.nousdigital.pro\/en\/producto\/health-pack\/#primaryimage\"},\"image\":{\"@id\":\"https:\/\/alpha.nousdigital.pro\/en\/producto\/health-pack\/#primaryimage\"},\"thumbnailUrl\":\"https:\/\/alpha.nousdigital.pro\/wp-content\/uploads\/2023\/09\/Health-Pack.jpg\",\"datePublished\":\"2023-02-19T13:28:01+00:00\",\"dateModified\":\"2025-07-13T08:52:27+00:00\",\"description\":\"Contiene antioxidantes, vitaminas (DSM\u00ae), minerales (Albion\u2122), enzimas (DigeZyme\u00ae), extractos vegetales (Oxxynea\u00ae) y pimienta negra. Contribuye a la protecci\u00f3n de las c\u00e9lulas frente al da\u00f1o oxidativo y al funcionamiento normal del sistema inmunitario. Ayuda a la funci\u00f3n psicol\u00f3gica normal, al metabolismo energ\u00e9tico normal y a disminuir el cansancio y la fatiga. C\u00e1psulas vegetales aptas para dietas veganas y libres de di\u00f3xido de titanio.\",\"breadcrumb\":{\"@id\":\"https:\/\/alpha.nousdigital.pro\/en\/producto\/health-pack\/#breadcrumb\"},\"inLanguage\":\"en-US\",\"potentialAction\":[{\"@type\":\"ReadAction\",\"target\":[\"https:\/\/alpha.nousdigital.pro\/en\/producto\/health-pack\/\"]}]},{\"@type\":\"ImageObject\",\"inLanguage\":\"en-US\",\"@id\":\"https:\/\/alpha.nousdigital.pro\/en\/producto\/health-pack\/#primaryimage\",\"url\":\"https:\/\/alpha.nousdigital.pro\/wp-content\/uploads\/2023\/09\/Health-Pack.jpg\",\"contentUrl\":\"https:\/\/alpha.nousdigital.pro\/wp-content\/uploads\/2023\/09\/Health-Pack.jpg\",\"width\":600,\"height\":600},{\"@type\":\"BreadcrumbList\",\"@id\":\"https:\/\/alpha.nousdigital.pro\/en\/producto\/health-pack\/#breadcrumb\",\"itemListElement\":[{\"@type\":\"ListItem\",\"position\":1,\"name\":\"Portada\",\"item\":\"https:\/\/alpha.nousdigital.pro\/en\/\"},{\"@type\":\"ListItem\",\"position\":2,\"name\":\"Shop\",\"item\":\"https:\/\/alpha.nousdigital.pro\/en\/shop\/\"},{\"@type\":\"ListItem\",\"position\":3,\"name\":\"Health Pack (100 VegeCaps) &#8211; Vitobest\"}]},{\"@type\":\"WebSite\",\"@id\":\"https:\/\/alpha.nousdigital.pro\/en\/#website\",\"url\":\"https:\/\/alpha.nousdigital.pro\/en\/\",\"name\":\"Alpha Supplements\",\"description\":\"Dietary supplements to support your health\",\"potentialAction\":[{\"@type\":\"SearchAction\",\"target\":{\"@type\":\"EntryPoint\",\"urlTemplate\":\"https:\/\/alpha.nousdigital.pro\/en\/?s={search_term_string}\"},\"query-input\":{\"@type\":\"PropertyValueSpecification\",\"valueRequired\":true,\"valueName\":\"search_term_string\"}}],\"inLanguage\":\"en-US\"}]}<\/script>\n<!-- \/ Yoast SEO plugin. -->","yoast_head_json":{"title":"Health Pack (100 VegeCaps) - Vitobest - Alpha Supplements","description":"Contiene antioxidantes, vitaminas (DSM\u00ae), minerales (Albion\u2122), enzimas (DigeZyme\u00ae), extractos vegetales (Oxxynea\u00ae) y pimienta negra.  Contribuye a la protecci\u00f3n de las c\u00e9lulas frente al da\u00f1o oxidativo y al funcionamiento normal del sistema inmunitario.  Ayuda a la funci\u00f3n psicol\u00f3gica normal, al metabolismo energ\u00e9tico normal y a disminuir el cansancio y la fatiga.  C\u00e1psulas vegetales aptas para dietas veganas y libres de di\u00f3xido de titanio.","robots":{"index":"index","follow":"follow","max-snippet":"max-snippet:-1","max-image-preview":"max-image-preview:large","max-video-preview":"max-video-preview:-1"},"canonical":"https:\/\/alpha.nousdigital.pro\/en\/producto\/health-pack\/","og_locale":"en_US","og_type":"article","og_title":"Health Pack (100 VegeCaps) - Vitobest - Alpha Supplements","og_description":"Contiene antioxidantes, vitaminas (DSM\u00ae), minerales (Albion\u2122), enzimas (DigeZyme\u00ae), extractos vegetales (Oxxynea\u00ae) y pimienta negra.  Contribuye a la protecci\u00f3n de las c\u00e9lulas frente al da\u00f1o oxidativo y al funcionamiento normal del sistema inmunitario.  Ayuda a la funci\u00f3n psicol\u00f3gica normal, al metabolismo energ\u00e9tico normal y a disminuir el cansancio y la fatiga.  C\u00e1psulas vegetales aptas para dietas veganas y libres de di\u00f3xido de titanio.","og_url":"https:\/\/alpha.nousdigital.pro\/en\/producto\/health-pack\/","og_site_name":"Alpha Supplements","article_modified_time":"2025-07-13T08:52:27+00:00","og_image":[{"width":600,"height":600,"url":"https:\/\/alpha.nousdigital.pro\/wp-content\/uploads\/2023\/09\/Health-Pack.jpg","type":"image\/jpeg"}],"twitter_card":"summary_large_image","twitter_misc":{"Est. reading time":"2 minutes"},"schema":{"@context":"https:\/\/schema.org","@graph":[{"@type":["WebPage","ItemPage"],"@id":"https:\/\/alpha.nousdigital.pro\/en\/producto\/health-pack\/","url":"https:\/\/alpha.nousdigital.pro\/en\/producto\/health-pack\/","name":"Health Pack (100 VegeCaps) - Vitobest - Alpha Supplements","isPartOf":{"@id":"https:\/\/alpha.nousdigital.pro\/en\/#website"},"primaryImageOfPage":{"@id":"https:\/\/alpha.nousdigital.pro\/en\/producto\/health-pack\/#primaryimage"},"image":{"@id":"https:\/\/alpha.nousdigital.pro\/en\/producto\/health-pack\/#primaryimage"},"thumbnailUrl":"https:\/\/alpha.nousdigital.pro\/wp-content\/uploads\/2023\/09\/Health-Pack.jpg","datePublished":"2023-02-19T13:28:01+00:00","dateModified":"2025-07-13T08:52:27+00:00","description":"Contiene antioxidantes, vitaminas (DSM\u00ae), minerales (Albion\u2122), enzimas (DigeZyme\u00ae), extractos vegetales (Oxxynea\u00ae) y pimienta negra. Contribuye a la protecci\u00f3n de las c\u00e9lulas frente al da\u00f1o oxidativo y al funcionamiento normal del sistema inmunitario. Ayuda a la funci\u00f3n psicol\u00f3gica normal, al metabolismo energ\u00e9tico normal y a disminuir el cansancio y la fatiga. C\u00e1psulas vegetales aptas para dietas veganas y libres de di\u00f3xido de titanio.","breadcrumb":{"@id":"https:\/\/alpha.nousdigital.pro\/en\/producto\/health-pack\/#breadcrumb"},"inLanguage":"en-US","potentialAction":[{"@type":"ReadAction","target":["https:\/\/alpha.nousdigital.pro\/en\/producto\/health-pack\/"]}]},{"@type":"ImageObject","inLanguage":"en-US","@id":"https:\/\/alpha.nousdigital.pro\/en\/producto\/health-pack\/#primaryimage","url":"https:\/\/alpha.nousdigital.pro\/wp-content\/uploads\/2023\/09\/Health-Pack.jpg","contentUrl":"https:\/\/alpha.nousdigital.pro\/wp-content\/uploads\/2023\/09\/Health-Pack.jpg","width":600,"height":600},{"@type":"BreadcrumbList","@id":"https:\/\/alpha.nousdigital.pro\/en\/producto\/health-pack\/#breadcrumb","itemListElement":[{"@type":"ListItem","position":1,"name":"Portada","item":"https:\/\/alpha.nousdigital.pro\/en\/"},{"@type":"ListItem","position":2,"name":"Shop","item":"https:\/\/alpha.nousdigital.pro\/en\/shop\/"},{"@type":"ListItem","position":3,"name":"Health Pack (100 VegeCaps) &#8211; Vitobest"}]},{"@type":"WebSite","@id":"https:\/\/alpha.nousdigital.pro\/en\/#website","url":"https:\/\/alpha.nousdigital.pro\/en\/","name":"Alpha Supplements","description":"Dietary supplements to support your health","potentialAction":[{"@type":"SearchAction","target":{"@type":"EntryPoint","urlTemplate":"https:\/\/alpha.nousdigital.pro\/en\/?s={search_term_string}"},"query-input":{"@type":"PropertyValueSpecification","valueRequired":true,"valueName":"search_term_string"}}],"inLanguage":"en-US"}]}},"_links":{"self":[{"href":"https:\/\/alpha.nousdigital.pro\/en\/wp-json\/wp\/v2\/product\/889","targetHints":{"allow":["GET"]}}],"collection":[{"href":"https:\/\/alpha.nousdigital.pro\/en\/wp-json\/wp\/v2\/product"}],"about":[{"href":"https:\/\/alpha.nousdigital.pro\/en\/wp-json\/wp\/v2\/types\/product"}],"replies":[{"embeddable":true,"href":"https:\/\/alpha.nousdigital.pro\/en\/wp-json\/wp\/v2\/comments?post=889"}],"wp:featuredmedia":[{"embeddable":true,"href":"https:\/\/alpha.nousdigital.pro\/en\/wp-json\/wp\/v2\/media\/1855"}],"wp:attachment":[{"href":"https:\/\/alpha.nousdigital.pro\/en\/wp-json\/wp\/v2\/media?parent=889"}],"wp:term":[{"taxonomy":"product_brand","embeddable":true,"href":"https:\/\/alpha.nousdigital.pro\/en\/wp-json\/wp\/v2\/product_brand?post=889"},{"taxonomy":"product_cat","embeddable":true,"href":"https:\/\/alpha.nousdigital.pro\/en\/wp-json\/wp\/v2\/product_cat?post=889"},{"taxonomy":"product_tag","embeddable":true,"href":"https:\/\/alpha.nousdigital.pro\/en\/wp-json\/wp\/v2\/product_tag?post=889"}],"curies":[{"name":"wp","href":"https:\/\/api.w.org\/{rel}","templated":true}]}}