
{"id":880,"date":"2023-02-19T13:28:01","date_gmt":"2023-02-19T13:28:01","guid":{"rendered":"https:\/\/alpha.nousdigital.pro\/?post_type=product&#038;p=880"},"modified":"2025-12-05T17:16:38","modified_gmt":"2025-12-05T17:16:38","slug":"ashwagandha","status":"publish","type":"product","link":"https:\/\/alpha.nousdigital.pro\/en\/producto\/ashwagandha\/","title":{"rendered":"Ashwagandha (100 VegeCaps) &#8211; Vitobest"},"content":{"rendered":"<div class=\"tabs\">\n<div id=\"tab-content\" class=\"tab-content\">\n<div id=\"description\" class=\"tab-pane fade active in\" aria-expanded=\"true\">\n<div class=\"product-description\">\n<p><strong>Ashwagandha<\/strong>, de\u00a0<strong>Vitobest\u00ae<\/strong>, est\u00e1 elaborado con\u00a0<strong>AshwaNature Root\u00ae<\/strong>, una marca registrada de\u00a0<strong>Naturingredients<\/strong>, que contiene extracto de ra\u00edz de ashwagandha\u00a0<strong>estandarizado al 5 % de withan\u00f3lidos<\/strong>. La ashwagandha, tambi\u00e9n conocida como\u00a0<em>Withania somnifera<\/em>\u00a0o ginseng indio, es una hierba utilizada ancestralmente por la medicina ayurv\u00e9dica por sus m\u00faltiples beneficios para la salud, destacando su funci\u00f3n como adapt\u00f3geno.<\/p>\n<p>&nbsp;<\/p>\n<p><img fetchpriority=\"high\" decoding=\"async\" src=\"https:\/\/www.vitobest.com\/img\/cms\/Ashwagandha-(AshwaNature-Root%C2%AE)-01-(Vitobest)-(Banner).jpg\" alt=\"Ashwagandha (AshwaNature Root\u00ae) 01\" width=\"1000\" height=\"250\" \/><\/p>\n<p>&nbsp;<\/p>\n<p>Favorece el equilibrio de nuestro organismo provocado por situaciones de estr\u00e9s cr\u00f3nico, restaurando la homeostasis y aumentando la tolerancia al mismo.<\/p>\n<p>Todo ello lo convierte en un suplemento \u00fanico, con m\u00faltiples usos a nivel terap\u00e9utico.<\/p>\n<p><strong>Beneficios de\u00a0<\/strong><strong>AshwaNature Root\u00ae<\/strong><strong>:<\/strong><\/p>\n<ul>\n<li><strong>Efectos en el sistema nervioso:<\/strong>\u00a0mejor\u00eda de la percepci\u00f3n de dolor, relajante, ansiol\u00edtico y neuroprotector.<\/li>\n<li><strong>Efecto inmunomodulador:<\/strong>\u00a0refuerzo inmunitario y protecci\u00f3n contra pat\u00f3genos.<\/li>\n<li><strong>Efectos hormonales:<\/strong>\u00a0reducci\u00f3n de los niveles de cortisol, mejorando niveles de testosterona en sangre y par\u00e1metros de fertilidad.<\/li>\n<li><strong>Efecto en el rendimiento deportivo<\/strong>\u00a0y mejor\u00eda de la composici\u00f3n corporal.<\/li>\n<li><strong>Efectos metab\u00f3licos y cardiovasculares:<\/strong>\u00a0mayor tolerancia a la glucosa y menos riesgo cardiovascular.<\/li>\n<\/ul>\n<p>&nbsp;<\/p>\n<p><img decoding=\"async\" src=\"https:\/\/www.vitobest.com\/img\/cms\/Ashwagandha-(AshwaNature-Root%C2%AE)-02-(Vitobest)-(Banner).jpg\" alt=\"Ashwagandha (AshwaNature Root\u00ae) 02\" width=\"1000\" height=\"393\" \/><\/p>\n<p>&nbsp;<\/p>\n<p><strong>Caracter\u00edsticas de AshwaNature Root\u00ae:<\/strong><\/p>\n<ul>\n<li><strong>Garant\u00eda de calidad:<\/strong>\u00a0<strong>Naturingredients<\/strong>\u00a0garantiza que el producto ha sido elaborado con una materia prima que tiene su origen en la India, donde se ha empleado la ra\u00edz de la planta como \u00fanica fuente terap\u00e9utica.<br \/>\n<img decoding=\"async\" src=\"https:\/\/www.vitobest.com\/img\/cms\/Ashwagandha-(AshwaNature-Root%C2%AE)-03-(Vitobest)-(Banner).jpg\" alt=\"Ashwagandha (AshwaNature Root\u00ae) 03\" width=\"375\" height=\"250\" \/><\/p>\n<p>&nbsp;<\/li>\n<li><strong>La ra\u00edz de la planta es el componente con mayor concentraci\u00f3n de withan\u00f3lidos<\/strong>, los principales componentes bioactivos de la planta, responsables de sus beneficios en la salud. De esta forma,\u00a0<strong>AshwaNature Root\u00ae<\/strong>\u00a0presenta un producto estandarizado realmente al\u00a0<strong>5 % de withan\u00f3lidos<\/strong>, la concentraci\u00f3n con mayor evidencia cient\u00edfica. Todo ello respetando los est\u00e1ndares de calidad. Este compromiso garantiza la pureza del producto, libre de cualquier forma de adulteraci\u00f3n.<\/li>\n<li><strong>Su proceso de fabricaci\u00f3n garantiza los mejores par\u00e1metros de calidad<\/strong>\u00a0en cuanto color, metales pesados, residuo de disolvente, residuo de pesticida, \u00e1cido benzoico, \u00e1cido\u00a0propanoico,\u00a0etc.<br \/>\n<img loading=\"lazy\" decoding=\"async\" src=\"https:\/\/www.vitobest.com\/img\/cms\/Ashwagandha-(AshwaNature-Root%C2%AE)-04-(Vitobest)-(Banner).jpg\" alt=\"Ashwagandha (AshwaNature Root\u00ae) 04\" width=\"1000\" height=\"250\" \/><\/p>\n<p>&nbsp;<\/li>\n<li><strong>Agricultura colaborativa:<\/strong>\u00a0<strong>Naturingredients<\/strong>\u00a0obtiene su materia prima en el pa\u00eds de origen del propio producto, donde se colabora estrechamente con m\u00faltiples agricultores para garantizar la adquisici\u00f3n de materias primas de alta calidad. Esta pr\u00e1ctica mejora significativamente la efectividad y eficacia del producto, obteniendo un producto\u00a0<strong>100 % org\u00e1nico<\/strong>, no modificado.<\/li>\n<li><strong>Materia prima autentificada y confirmada con mediciones mediante HPLC (cromatograf\u00eda l\u00edquida de alta eficacia):<\/strong>\u00a0HPLC es una de las mejores t\u00e9cnicas anal\u00edticas que existen, mostrando una gran eficacia separativa de los compuestos analizados. De esta forma se garantiza la autenticidad de la materia prima utilizada, as\u00ed como su correcta estandarizaci\u00f3n.<\/li>\n<\/ul>\n<p><strong>AshwaNature Root\u00ae<\/strong>, adem\u00e1s, cuenta con certificados\u00a0<strong>NSF<\/strong>,\u00a0<strong>ISO<\/strong>,\u00a0<strong>FDA<\/strong>,\u00a0<strong>BRC<\/strong>,\u00a0<strong>GMP<\/strong>,\u00a0<strong>HACCP<\/strong>,\u00a0<strong>Halal<\/strong>\u00a0y\u00a0<strong>Kosher<\/strong>.<\/p>\n<p>&nbsp;<\/p>\n<p><img loading=\"lazy\" decoding=\"async\" src=\"https:\/\/www.vitobest.com\/img\/cms\/Ashwagandha-(AshwaNature-Root%C2%AE)-05-(Vitobest)-(Banner).jpg\" alt=\"Ashwagandha (AshwaNature Root\u00ae) 05\" width=\"1000\" height=\"175\" \/><\/p>\n<p>&nbsp;<\/p>\n<p><strong>Vitobest\u00ae<\/strong>\u00a0utiliza para este suplemento\u00a0<strong>c\u00e1psulas vegetales<\/strong>\u00a0(VegeCaps)\u00a0<strong>aptas para dietas veganas<\/strong>\u00a0y\u00a0<strong>libres de di\u00f3xido de titanio<\/strong>.<\/p>\n<p>&nbsp;<\/p>\n<p><img loading=\"lazy\" decoding=\"async\" src=\"https:\/\/www.vitobest.com\/img\/cms\/VegeCaps-(Vitobest)-(Banner).jpg\" alt=\"VegeCaps\" width=\"1000\" height=\"250\" \/><\/p>\n<p>&nbsp;<\/p>\n<\/div>\n<\/div>\n<\/div>\n<\/div>\n<div class=\"advert_nutricional\"><b>ADVERTENCIA:<\/b>\u00a0Los productos aqu\u00ed mostrados son\u00a0<b>suplementos nutricionales<\/b>\u00a0seg\u00fan lo establece la\u00a0<b>Directiva Europea 2002\/46\/CE<\/b>\u00a0sobre complementos alimenticios.\u00a0<b>Los suplementos alimenticios no tratan de sustituir una dieta equilibrada y variada<\/b>, \u00fanicamente se presentan con el fin de complementar la ingesta de nutrientes de una dieta normal. La informaci\u00f3n descrita sobre los ingredientes puede no estar relacionada con el efecto final o los beneficios que este pueda realizar.\u00a0<b>Tampoco tratan, previenen, diagnostican o curan ninguna enfermedad<\/b>, hechos atribuibles a los medicamentos, seg\u00fan define la Directiva Europea 2004\/27\/CE, de 31 de marzo, del Consejo y del Parlamento Europeo sobre medicamentos.\u00a0<b>Los productos no deben utilizarse como sustituto de una dieta o medicaci\u00f3n y deben estar fuera del alcance de los ni\u00f1os<\/b>. El consumo de los productos debe ser controlado por un profesional, ante cualquier duda, siempre consulte a su m\u00e9dico.<\/div>\n","protected":false},"excerpt":{"rendered":"<ul>\n<li>Extracto de ashwagandha (<em>Withania somnifera<\/em>).<\/li>\n<li>5 % withan\u00f3lidos de ra\u00edces seleccionadas analizadas por HPLC-USP.<\/li>\n<li>Ayuda a armonizar cuerpo y mente.<\/li>\n<li>Apto para personas cel\u00edacas.<\/li>\n<li>C\u00e1psulas vegetales aptas para dietas veganas y libres de di\u00f3xido de titanio.<\/li>\n<\/ul>\n","protected":false},"featured_media":9222,"comment_status":"closed","ping_status":"closed","template":"","meta":[],"product_brand":[665],"product_cat":[53],"product_tag":[116],"class_list":{"0":"post-880","1":"product","2":"type-product","3":"status-publish","4":"has-post-thumbnail","6":"product_brand-vitobest","7":"product_cat-salud","8":"product_tag-ashwagandha","10":"first","11":"onbackorder","12":"shipping-taxable","13":"purchasable","14":"product-type-simple"},"gallery_images":[],"yoast_head":"<!-- This site is optimized with the Yoast SEO plugin v23.4 - https:\/\/yoast.com\/wordpress\/plugins\/seo\/ -->\n<title>Ashwagandha (100 VegeCaps) - Vitobest - Alpha Supplements<\/title>\n<meta name=\"description\" content=\"Extracto de ashwagandha (Withania somnifera).  5 % withan\u00f3lidos de ra\u00edces seleccionadas analizadas por HPLC-USP.  Ayuda a armonizar cuerpo y mente.  Apto para personas cel\u00edacas.  C\u00e1psulas vegetales aptas para dietas veganas y libres de di\u00f3xido de titanio.\" \/>\n<meta name=\"robots\" content=\"index, follow, max-snippet:-1, max-image-preview:large, max-video-preview:-1\" \/>\n<link rel=\"canonical\" href=\"https:\/\/alpha.nousdigital.pro\/en\/producto\/ashwagandha\/\" \/>\n<meta property=\"og:locale\" content=\"en_US\" \/>\n<meta property=\"og:type\" content=\"article\" \/>\n<meta property=\"og:title\" content=\"Ashwagandha (100 VegeCaps) - Vitobest - Alpha Supplements\" \/>\n<meta property=\"og:description\" content=\"Extracto de ashwagandha (Withania somnifera).  5 % withan\u00f3lidos de ra\u00edces seleccionadas analizadas por HPLC-USP.  Ayuda a armonizar cuerpo y mente.  Apto para personas cel\u00edacas.  C\u00e1psulas vegetales aptas para dietas veganas y libres de di\u00f3xido de titanio.\" \/>\n<meta property=\"og:url\" content=\"https:\/\/alpha.nousdigital.pro\/en\/producto\/ashwagandha\/\" \/>\n<meta property=\"og:site_name\" content=\"Alpha Supplements\" \/>\n<meta property=\"article:modified_time\" content=\"2025-12-05T17:16:38+00:00\" \/>\n<meta property=\"og:image\" content=\"https:\/\/alpha.nousdigital.pro\/wp-content\/uploads\/2023\/02\/ashwagandha-ashwanature-root.jpg\" \/>\n\t<meta property=\"og:image:width\" content=\"600\" \/>\n\t<meta property=\"og:image:height\" content=\"600\" \/>\n\t<meta property=\"og:image:type\" content=\"image\/jpeg\" \/>\n<meta name=\"twitter:card\" content=\"summary_large_image\" \/>\n<meta name=\"twitter:label1\" content=\"Est. reading time\" \/>\n\t<meta name=\"twitter:data1\" content=\"4 minutes\" \/>\n<script type=\"application\/ld+json\" class=\"yoast-schema-graph\">{\"@context\":\"https:\/\/schema.org\",\"@graph\":[{\"@type\":[\"WebPage\",\"ItemPage\"],\"@id\":\"https:\/\/alpha.nousdigital.pro\/en\/producto\/ashwagandha\/\",\"url\":\"https:\/\/alpha.nousdigital.pro\/en\/producto\/ashwagandha\/\",\"name\":\"Ashwagandha (100 VegeCaps) - Vitobest - Alpha Supplements\",\"isPartOf\":{\"@id\":\"https:\/\/alpha.nousdigital.pro\/en\/#website\"},\"primaryImageOfPage\":{\"@id\":\"https:\/\/alpha.nousdigital.pro\/en\/producto\/ashwagandha\/#primaryimage\"},\"image\":{\"@id\":\"https:\/\/alpha.nousdigital.pro\/en\/producto\/ashwagandha\/#primaryimage\"},\"thumbnailUrl\":\"https:\/\/alpha.nousdigital.pro\/wp-content\/uploads\/2023\/02\/ashwagandha-ashwanature-root.jpg\",\"datePublished\":\"2023-02-19T13:28:01+00:00\",\"dateModified\":\"2025-12-05T17:16:38+00:00\",\"description\":\"Extracto de ashwagandha (Withania somnifera). 5 % withan\u00f3lidos de ra\u00edces seleccionadas analizadas por HPLC-USP. Ayuda a armonizar cuerpo y mente. Apto para personas cel\u00edacas. C\u00e1psulas vegetales aptas para dietas veganas y libres de di\u00f3xido de titanio.\",\"breadcrumb\":{\"@id\":\"https:\/\/alpha.nousdigital.pro\/en\/producto\/ashwagandha\/#breadcrumb\"},\"inLanguage\":\"en-US\",\"potentialAction\":[{\"@type\":\"ReadAction\",\"target\":[\"https:\/\/alpha.nousdigital.pro\/en\/producto\/ashwagandha\/\"]}]},{\"@type\":\"ImageObject\",\"inLanguage\":\"en-US\",\"@id\":\"https:\/\/alpha.nousdigital.pro\/en\/producto\/ashwagandha\/#primaryimage\",\"url\":\"https:\/\/alpha.nousdigital.pro\/wp-content\/uploads\/2023\/02\/ashwagandha-ashwanature-root.jpg\",\"contentUrl\":\"https:\/\/alpha.nousdigital.pro\/wp-content\/uploads\/2023\/02\/ashwagandha-ashwanature-root.jpg\",\"width\":600,\"height\":600},{\"@type\":\"BreadcrumbList\",\"@id\":\"https:\/\/alpha.nousdigital.pro\/en\/producto\/ashwagandha\/#breadcrumb\",\"itemListElement\":[{\"@type\":\"ListItem\",\"position\":1,\"name\":\"Portada\",\"item\":\"https:\/\/alpha.nousdigital.pro\/en\/\"},{\"@type\":\"ListItem\",\"position\":2,\"name\":\"Shop\",\"item\":\"https:\/\/alpha.nousdigital.pro\/en\/shop\/\"},{\"@type\":\"ListItem\",\"position\":3,\"name\":\"Ashwagandha (100 VegeCaps) &#8211; Vitobest\"}]},{\"@type\":\"WebSite\",\"@id\":\"https:\/\/alpha.nousdigital.pro\/en\/#website\",\"url\":\"https:\/\/alpha.nousdigital.pro\/en\/\",\"name\":\"Alpha Supplements\",\"description\":\"Dietary supplements to support your health\",\"potentialAction\":[{\"@type\":\"SearchAction\",\"target\":{\"@type\":\"EntryPoint\",\"urlTemplate\":\"https:\/\/alpha.nousdigital.pro\/en\/?s={search_term_string}\"},\"query-input\":{\"@type\":\"PropertyValueSpecification\",\"valueRequired\":true,\"valueName\":\"search_term_string\"}}],\"inLanguage\":\"en-US\"}]}<\/script>\n<!-- \/ Yoast SEO plugin. -->","yoast_head_json":{"title":"Ashwagandha (100 VegeCaps) - Vitobest - Alpha Supplements","description":"Extracto de ashwagandha (Withania somnifera).  5 % withan\u00f3lidos de ra\u00edces seleccionadas analizadas por HPLC-USP.  Ayuda a armonizar cuerpo y mente.  Apto para personas cel\u00edacas.  C\u00e1psulas vegetales aptas para dietas veganas y libres de di\u00f3xido de titanio.","robots":{"index":"index","follow":"follow","max-snippet":"max-snippet:-1","max-image-preview":"max-image-preview:large","max-video-preview":"max-video-preview:-1"},"canonical":"https:\/\/alpha.nousdigital.pro\/en\/producto\/ashwagandha\/","og_locale":"en_US","og_type":"article","og_title":"Ashwagandha (100 VegeCaps) - Vitobest - Alpha Supplements","og_description":"Extracto de ashwagandha (Withania somnifera).  5 % withan\u00f3lidos de ra\u00edces seleccionadas analizadas por HPLC-USP.  Ayuda a armonizar cuerpo y mente.  Apto para personas cel\u00edacas.  C\u00e1psulas vegetales aptas para dietas veganas y libres de di\u00f3xido de titanio.","og_url":"https:\/\/alpha.nousdigital.pro\/en\/producto\/ashwagandha\/","og_site_name":"Alpha Supplements","article_modified_time":"2025-12-05T17:16:38+00:00","og_image":[{"width":600,"height":600,"url":"https:\/\/alpha.nousdigital.pro\/wp-content\/uploads\/2023\/02\/ashwagandha-ashwanature-root.jpg","type":"image\/jpeg"}],"twitter_card":"summary_large_image","twitter_misc":{"Est. reading time":"4 minutes"},"schema":{"@context":"https:\/\/schema.org","@graph":[{"@type":["WebPage","ItemPage"],"@id":"https:\/\/alpha.nousdigital.pro\/en\/producto\/ashwagandha\/","url":"https:\/\/alpha.nousdigital.pro\/en\/producto\/ashwagandha\/","name":"Ashwagandha (100 VegeCaps) - Vitobest - Alpha Supplements","isPartOf":{"@id":"https:\/\/alpha.nousdigital.pro\/en\/#website"},"primaryImageOfPage":{"@id":"https:\/\/alpha.nousdigital.pro\/en\/producto\/ashwagandha\/#primaryimage"},"image":{"@id":"https:\/\/alpha.nousdigital.pro\/en\/producto\/ashwagandha\/#primaryimage"},"thumbnailUrl":"https:\/\/alpha.nousdigital.pro\/wp-content\/uploads\/2023\/02\/ashwagandha-ashwanature-root.jpg","datePublished":"2023-02-19T13:28:01+00:00","dateModified":"2025-12-05T17:16:38+00:00","description":"Extracto de ashwagandha (Withania somnifera). 5 % withan\u00f3lidos de ra\u00edces seleccionadas analizadas por HPLC-USP. Ayuda a armonizar cuerpo y mente. Apto para personas cel\u00edacas. C\u00e1psulas vegetales aptas para dietas veganas y libres de di\u00f3xido de titanio.","breadcrumb":{"@id":"https:\/\/alpha.nousdigital.pro\/en\/producto\/ashwagandha\/#breadcrumb"},"inLanguage":"en-US","potentialAction":[{"@type":"ReadAction","target":["https:\/\/alpha.nousdigital.pro\/en\/producto\/ashwagandha\/"]}]},{"@type":"ImageObject","inLanguage":"en-US","@id":"https:\/\/alpha.nousdigital.pro\/en\/producto\/ashwagandha\/#primaryimage","url":"https:\/\/alpha.nousdigital.pro\/wp-content\/uploads\/2023\/02\/ashwagandha-ashwanature-root.jpg","contentUrl":"https:\/\/alpha.nousdigital.pro\/wp-content\/uploads\/2023\/02\/ashwagandha-ashwanature-root.jpg","width":600,"height":600},{"@type":"BreadcrumbList","@id":"https:\/\/alpha.nousdigital.pro\/en\/producto\/ashwagandha\/#breadcrumb","itemListElement":[{"@type":"ListItem","position":1,"name":"Portada","item":"https:\/\/alpha.nousdigital.pro\/en\/"},{"@type":"ListItem","position":2,"name":"Shop","item":"https:\/\/alpha.nousdigital.pro\/en\/shop\/"},{"@type":"ListItem","position":3,"name":"Ashwagandha (100 VegeCaps) &#8211; Vitobest"}]},{"@type":"WebSite","@id":"https:\/\/alpha.nousdigital.pro\/en\/#website","url":"https:\/\/alpha.nousdigital.pro\/en\/","name":"Alpha Supplements","description":"Dietary supplements to support your health","potentialAction":[{"@type":"SearchAction","target":{"@type":"EntryPoint","urlTemplate":"https:\/\/alpha.nousdigital.pro\/en\/?s={search_term_string}"},"query-input":{"@type":"PropertyValueSpecification","valueRequired":true,"valueName":"search_term_string"}}],"inLanguage":"en-US"}]}},"_links":{"self":[{"href":"https:\/\/alpha.nousdigital.pro\/en\/wp-json\/wp\/v2\/product\/880","targetHints":{"allow":["GET"]}}],"collection":[{"href":"https:\/\/alpha.nousdigital.pro\/en\/wp-json\/wp\/v2\/product"}],"about":[{"href":"https:\/\/alpha.nousdigital.pro\/en\/wp-json\/wp\/v2\/types\/product"}],"replies":[{"embeddable":true,"href":"https:\/\/alpha.nousdigital.pro\/en\/wp-json\/wp\/v2\/comments?post=880"}],"wp:featuredmedia":[{"embeddable":true,"href":"https:\/\/alpha.nousdigital.pro\/en\/wp-json\/wp\/v2\/media\/9222"}],"wp:attachment":[{"href":"https:\/\/alpha.nousdigital.pro\/en\/wp-json\/wp\/v2\/media?parent=880"}],"wp:term":[{"taxonomy":"product_brand","embeddable":true,"href":"https:\/\/alpha.nousdigital.pro\/en\/wp-json\/wp\/v2\/product_brand?post=880"},{"taxonomy":"product_cat","embeddable":true,"href":"https:\/\/alpha.nousdigital.pro\/en\/wp-json\/wp\/v2\/product_cat?post=880"},{"taxonomy":"product_tag","embeddable":true,"href":"https:\/\/alpha.nousdigital.pro\/en\/wp-json\/wp\/v2\/product_tag?post=880"}],"curies":[{"name":"wp","href":"https:\/\/api.w.org\/{rel}","templated":true}]}}