
{"id":879,"date":"2023-02-19T13:27:58","date_gmt":"2023-02-19T13:27:58","guid":{"rendered":"https:\/\/alpha.nousdigital.pro\/?post_type=product&#038;p=879"},"modified":"2025-12-05T09:55:28","modified_gmt":"2025-12-05T09:55:28","slug":"v-col","status":"publish","type":"product","link":"https:\/\/alpha.nousdigital.pro\/en\/producto\/v-col\/","title":{"rendered":"V-Col (60 VegeCaps) &#8211; Vitobest"},"content":{"rendered":"<p><strong>V-Col<\/strong>, de\u00a0<strong>Vitobest\u00ae<\/strong>, es una f\u00f3rmula avanzada 100 % natural a base de extractos de plantas de la mas alta calidad para ayudar a la salud cardiovascular y el control del colesterol.<\/p>\n<p>La cantidad de colesterol en uno de los principales indicadores de riesgo cardiovascular. El riesgo de sufrir alguna de estas enfermedades no solo depende de cuanta cantidad de colesterol tenemos si no tambi\u00e9n \u201cqu\u00e9 tipo\u201c es el que tenemos en la sangre. Altos niveles de LDL (el colesterol malo) est\u00e1 asociado con alto riesgo cardiovascular; por el contrario, niveles altos de HDL reduce el riesgo notablemente.<\/p>\n<p>&nbsp;<\/p>\n<p><img fetchpriority=\"high\" decoding=\"async\" src=\"https:\/\/www.vitobest.com\/img\/cms\/V-Col-01-(Vitobest)-(Banner).jpg\" alt=\"V-Col 01 Vitobest\" width=\"1000\" height=\"250\" \/><\/p>\n<p>&nbsp;<\/p>\n<p><strong>V-Col<\/strong>, de\u00a0<strong>Vitobest\u00ae<\/strong>, funciona en tres fases conjuntamente:<\/p>\n<ul>\n<li>Ayudando a reducir los niveles de colesterol LDL (malo)<sup>1,2<\/sup>.<\/li>\n<li>Contribuyendo a mejorar la salud cardiovascular a trav\u00e9s de la reducci\u00f3n de las placas de ateroma y la funci\u00f3n card\u00edaca<sup>1<\/sup>.<\/li>\n<li>Ayudando al aumento de la actividad metab\u00f3lica general y sobre todo de los l\u00edpidos<sup>1,2<\/sup>.<\/li>\n<\/ul>\n<p>&nbsp;<\/p>\n<p><iframe src=\"https:\/\/www.youtube.com\/embed\/XUYowD9yCJ8\" width=\"560\" height=\"315\" frameborder=\"0\" scrolling=\"no\" data-mce-fragment=\"1\"><\/iframe><\/p>\n<p>&nbsp;<\/p>\n<p><strong>V-Col, de Vitobest\u00ae, utiliza en su composici\u00f3n extractos patentados naturales de:<\/strong><\/p>\n<p><strong>1. Bergavit\u2122. Ext. seco de Bergamota:<\/strong>\u00a0ayuda a reducir y controlar los niveles de l\u00edpidos malos en plasma (colesterol total, LDL y triglic\u00e9ridos). Tambi\u00e9n contribuye a aumentar los niveles de HDL (colesterol bueno).<\/p>\n<p>&nbsp;<\/p>\n<p><img decoding=\"async\" src=\"https:\/\/www.vitobest.com\/img\/cms\/V-Col-02-(Vitobest)-(Banner).jpg\" alt=\"Bergavit\u2122 Vitobest 01\" width=\"1000\" height=\"250\" \/><\/p>\n<p>&nbsp;<\/p>\n<p><strong>1.1.<\/strong>\u00a0Los flavonoides de\u00a0<strong>Bergavit\u2122<\/strong>\u00a0reducen el riesgo cardiovascular:<\/p>\n<ul>\n<li>Ayudan a mejorar la vasodilataci\u00f3n coronaria.<\/li>\n<li>Contribuyen a mejorar la circulaci\u00f3n sangu\u00ednea.<\/li>\n<li>Ayudan a prevenir la oxidaci\u00f3n del LDL.<\/li>\n<\/ul>\n<p><strong>1.2.<\/strong>\u00a0Mecanismo de acci\u00f3n de\u00a0<strong>Bergavit\u2122<\/strong>:<\/p>\n<ul>\n<li>Contribuye a activar la v\u00eda oxidativa de la mitocondria.<\/li>\n<li>Ayuda a reducir la s\u00edntesis de VLDL y lipoprote\u00ednas.<\/li>\n<li>Contribuye a activar las v\u00edas metab\u00f3licas.<\/li>\n<\/ul>\n<p><strong>1.3.<\/strong>\u00a0Efecto del consumo de\u00a0<strong>Bergavit\u2122<\/strong>:<\/p>\n<ul>\n<li>La toma diaria de 600 mg de\u00a0<strong>Bergavit\u2122<\/strong>\u00a0ayuda a reducir notablemente el colesterol \u201cmalo\u201d LDL<sup>1<\/sup>.<\/li>\n<\/ul>\n<p>&nbsp;<\/p>\n<p>&nbsp;<\/p>\n<p><img decoding=\"async\" src=\"https:\/\/www.vitobest.com\/img\/cms\/V-Col-03-(Vitobest)-(Banner).jpg\" alt=\"Bergavit\u2122 Vitobest 02\" width=\"1000\" height=\"250\" \/><\/p>\n<p>&nbsp;<\/p>\n<p><strong>2. Capros\u00ae. Ext. seco de fruto de amla:<\/strong>\u00a0ayuda a incrementar la producci\u00f3n de \u00f3xido n\u00edtrico y glutati\u00f3n<sup>6<\/sup>. Posee un reconocido poder antioxidante que contribuye a mejorar la disfunci\u00f3n endotelial<sup>6<\/sup>.<\/p>\n<p>&nbsp;<\/p>\n<p><img loading=\"lazy\" decoding=\"async\" src=\"https:\/\/www.vitobest.com\/img\/cms\/V-Col-05-(Vitobest)-(Banner).jpg\" alt=\"Capros\u00ae Vitobest 01\" width=\"1000\" height=\"250\" \/><\/p>\n<p>&nbsp;<\/p>\n<p>Estudios demuestran que\u00a0<strong>Capros\u00ae<\/strong>\u00a0tambi\u00e9n ayuda a aumentar los niveles de HDL y a reducir eficazmente los de triglic\u00e9ridos y LDL, minimizando los factores de riesgo cardiovascular<sup>6<\/sup>.<\/p>\n<p>&nbsp;<\/p>\n<p><img loading=\"lazy\" decoding=\"async\" src=\"https:\/\/www.vitobest.com\/img\/cms\/V-Col-05-(Vitobest)-(Banner)_1.jpg\" alt=\"Capros\u00ae Vitobest 02\" width=\"1000\" height=\"250\" \/><\/p>\n<p>&nbsp;<\/p>\n<p><strong>3. Mediteanox\u00ae (15 % hidroxitirosol). Ext. seco de fruto de olivo:<\/strong>\u00a0potente antiinflamatorio eficaz en la disfunci\u00f3n endotelial que ayuda a mejorar la coagulaci\u00f3n y a regular los l\u00edpidos en sangre<sup>7<\/sup>.<\/p>\n<p>&nbsp;<\/p>\n<p><img loading=\"lazy\" decoding=\"async\" src=\"https:\/\/www.vitobest.com\/img\/cms\/V-Col-07-(Vitobest)-(Banner).jpg\" alt=\"Mediteanox\u00ae Vitobest\" width=\"1000\" height=\"250\" \/><\/p>\n<p>&nbsp;<\/p>\n<ul>\n<li>Ayuda a reducir el estr\u00e9s celular oxidativo.<\/li>\n<li>Contribuye a mejorar la circulaci\u00f3n.<\/li>\n<li>Ayuda a regular los niveles de colesterol<sup>7<\/sup>.<\/li>\n<li>Mejora la salud arterial<sup>7<\/sup>.<\/li>\n<\/ul>\n<p><strong>4. Berberina (HCI 97 %). Ext. seco de\u00a0<em>Berberis aristata<\/em>:<\/strong>\u00a0contribuye a regular los niveles de glucosa en sangre<sup>3<\/sup>\u00a0y a controlar los l\u00edpidos.<\/p>\n<p><strong>5. Ext. seco de Espino blanco (10:1):<\/strong>\u00a0gracias a sus esteroles y tripterpenos constituye un anti escleroso<sup>4<\/sup>. Tambi\u00e9n es \u00fatil para el control de la tensi\u00f3n arterial y la diabetes por la inhibici\u00f3n de las fosfodiesterasa<sup>4,5<\/sup>.<\/p>\n<p><strong>6. Policosanoles de ca\u00f1a de az\u00facar (98 % policosanol y 10 % octacosanol):<\/strong>\u00a0contribuyen a reducir los niveles de LDL y triglic\u00e9ridos en sangre<sup>8<\/sup>.<\/p>\n<p>&nbsp;<\/p>\n<p><strong>V-Col de Vitobest\u00ae contribuye a:<\/strong><\/p>\n<p>&nbsp;<\/p>\n<p><img loading=\"lazy\" decoding=\"async\" src=\"https:\/\/www.vitobest.com\/img\/cms\/V-Col-07-(Vitobest)-(Banner)_1.jpg\" alt=\"V-Col 04 Vitobest\" width=\"1000\" height=\"250\" \/><\/p>\n<p>&nbsp;<\/p>\n<p><strong>Vitobest\u00ae<\/strong>\u00a0utiliza para este suplemento\u00a0<strong>c\u00e1psulas vegetales<\/strong>\u00a0(VegeCaps)\u00a0<strong>aptas para dietas veganas<\/strong>\u00a0y\u00a0<strong>libres de di\u00f3xido de titanio<\/strong>.<\/p>\n<p>&nbsp;<\/p>\n<p><img loading=\"lazy\" decoding=\"async\" src=\"https:\/\/www.vitobest.com\/img\/cms\/VegeCaps-(Vitobest)-(Banner).jpg\" alt=\"VegeCaps\" width=\"1000\" height=\"250\" \/><\/p>\n<p>&nbsp;<\/p>\n<h6><strong>Bibliograf\u00eda:<\/strong><\/h6>\n<h6><sup>1<\/sup>\u201cBergamot reduces plasma lipids, atherogenic small dense LDL, and subclinical atherosclerosis in subjects with moderate hypercholesterolemia: a 6 months prospective study\u201d. Peter, P. et al.<\/h6>\n<h6><sup>2<\/sup>\u201cHypolipidemic effects of\u00a0<em>Citrus bergamia Risso<\/em>\u00a0et Poiteau juice in rats fed a hypercholesterolemic diet\u201d. 2007. Miceli, N. J. et al. Agric. Food Chem. 55, 10671\u201310677. DOI: 10.1021\/jf071772i.<\/h6>\n<h6><sup>3<\/sup>\u201cAntihyperglycemic activity of root of\u00a0<em>Berberis aristata<\/em>\u00a0d.c. in alloxan induced diabetic rat\u201d. 2009. Semwal, B.C. et al. Int. J of green pharmacy. Jul-sept; 259-63.<\/h6>\n<h6><sup>4<\/sup>\u201cComposition and health effects of phenolic compounds inh awthorn (<em>Cratae gusspp.<\/em>) of different origins\u201d. Baoru Yang & Pengzhan Liu. DOI: 10.1002\/jsfa.5671.<\/h6>\n<h6><sup>5<\/sup>\u201cEffects of haw thornoncardiac remode lingand left ventricular dysfunction after 1month of pressure overload &#8211; induced cardiac hypertrophyin rats\u201d. 2008. Hwang, H.S. et al. Cardiovasc DrugsTher 22:19\u201328.<\/h6>\n<h6><sup>6<\/sup>\u201cEvaluation of the effects of a standardized aqueous extract of\u00a0<em>Phyllanthus emblica<\/em>\u00a0fruits on endothelial dysfunction, oxidative stress, systemic inflammation and lipid profile in subjects with metabolic syndrome: a randomised, double blind, placebo controlled clinical study\u201d. Pingali, U. et al.<\/h6>\n<h6><sup>7<\/sup>\u201cSupplementation with Hydroxytyrosol and Punicalagin improves early atherosclerosis markers involved in the asymptomatic phase of atherosclerosis in the adult population: a randomized, placebo-controlled, crossover trial\u201d. Quir\u00f3s-Fern\u00e1ndez, R. et al.<\/h6>\n<h6><sup>8<\/sup>\u201cCytoprotective and antioxidant activity studies of jaggery sugar\u201d. 2009. Harish Nayaka, M.A. et al. Food Chem.; 115:113\u20138.<\/h6>\n","protected":false},"excerpt":{"rendered":"<ul>\n<li>F\u00f3rmula avanzada.<\/li>\n<li>Ingredientes 100 % naturales.<\/li>\n<li>Ayuda a mejorar la salud cardiovascular y la funci\u00f3n card\u00edaca.<\/li>\n<li>Contribuye a controlar los niveles de colesterol.<\/li>\n<li>Puede aumentar la actividad metab\u00f3lica de los l\u00edpidos.<\/li>\n<li>Apto para personas cel\u00edacas.<\/li>\n<li>C\u00e1psulas vegetales aptas para dietas veganas y libres de di\u00f3xido de titanio.<\/li>\n<\/ul>\n","protected":false},"featured_media":1846,"comment_status":"closed","ping_status":"closed","template":"","meta":[],"product_brand":[665],"product_cat":[53],"product_tag":[133],"class_list":{"0":"post-879","1":"product","2":"type-product","3":"status-publish","4":"has-post-thumbnail","6":"product_brand-vitobest","7":"product_cat-salud","8":"product_tag-v-col","10":"first","11":"onbackorder","12":"shipping-taxable","13":"purchasable","14":"product-type-simple"},"gallery_images":[],"yoast_head":"<!-- This site is optimized with the Yoast SEO plugin v23.4 - https:\/\/yoast.com\/wordpress\/plugins\/seo\/ -->\n<title>V-Col (60 VegeCaps) - Vitobest - Alpha Supplements<\/title>\n<meta name=\"description\" content=\"F\u00f3rmula avanzada.  Ingredientes 100 % naturales.  Ayuda a mejorar la salud cardiovascular y la funci\u00f3n card\u00edaca.  Contribuye a controlar los niveles de colesterol.  Puede aumentar la actividad metab\u00f3lica de los l\u00edpidos.  Apto para personas cel\u00edacas.  C\u00e1psulas vegetales aptas para dietas veganas y libres de di\u00f3xido de titanio.\" \/>\n<meta name=\"robots\" content=\"index, follow, max-snippet:-1, max-image-preview:large, max-video-preview:-1\" \/>\n<link rel=\"canonical\" href=\"https:\/\/alpha.nousdigital.pro\/en\/producto\/v-col\/\" \/>\n<meta property=\"og:locale\" content=\"en_US\" \/>\n<meta property=\"og:type\" content=\"article\" \/>\n<meta property=\"og:title\" content=\"V-Col (60 VegeCaps) - Vitobest - Alpha Supplements\" \/>\n<meta property=\"og:description\" content=\"F\u00f3rmula avanzada.  Ingredientes 100 % naturales.  Ayuda a mejorar la salud cardiovascular y la funci\u00f3n card\u00edaca.  Contribuye a controlar los niveles de colesterol.  Puede aumentar la actividad metab\u00f3lica de los l\u00edpidos.  Apto para personas cel\u00edacas.  C\u00e1psulas vegetales aptas para dietas veganas y libres de di\u00f3xido de titanio.\" \/>\n<meta property=\"og:url\" content=\"https:\/\/alpha.nousdigital.pro\/en\/producto\/v-col\/\" \/>\n<meta property=\"og:site_name\" content=\"Alpha Supplements\" \/>\n<meta property=\"article:modified_time\" content=\"2025-12-05T09:55:28+00:00\" \/>\n<meta property=\"og:image\" content=\"https:\/\/alpha.nousdigital.pro\/wp-content\/uploads\/2023\/09\/V-Col.jpg\" \/>\n\t<meta property=\"og:image:width\" content=\"600\" \/>\n\t<meta property=\"og:image:height\" content=\"600\" \/>\n\t<meta property=\"og:image:type\" content=\"image\/jpeg\" \/>\n<meta name=\"twitter:card\" content=\"summary_large_image\" \/>\n<meta name=\"twitter:label1\" content=\"Est. reading time\" \/>\n\t<meta name=\"twitter:data1\" content=\"6 minutes\" \/>\n<script type=\"application\/ld+json\" class=\"yoast-schema-graph\">{\"@context\":\"https:\/\/schema.org\",\"@graph\":[{\"@type\":[\"WebPage\",\"ItemPage\"],\"@id\":\"https:\/\/alpha.nousdigital.pro\/en\/producto\/v-col\/\",\"url\":\"https:\/\/alpha.nousdigital.pro\/en\/producto\/v-col\/\",\"name\":\"V-Col (60 VegeCaps) - Vitobest - Alpha Supplements\",\"isPartOf\":{\"@id\":\"https:\/\/alpha.nousdigital.pro\/en\/#website\"},\"primaryImageOfPage\":{\"@id\":\"https:\/\/alpha.nousdigital.pro\/en\/producto\/v-col\/#primaryimage\"},\"image\":{\"@id\":\"https:\/\/alpha.nousdigital.pro\/en\/producto\/v-col\/#primaryimage\"},\"thumbnailUrl\":\"https:\/\/alpha.nousdigital.pro\/wp-content\/uploads\/2023\/09\/V-Col.jpg\",\"datePublished\":\"2023-02-19T13:27:58+00:00\",\"dateModified\":\"2025-12-05T09:55:28+00:00\",\"description\":\"F\u00f3rmula avanzada. Ingredientes 100 % naturales. Ayuda a mejorar la salud cardiovascular y la funci\u00f3n card\u00edaca. Contribuye a controlar los niveles de colesterol. Puede aumentar la actividad metab\u00f3lica de los l\u00edpidos. Apto para personas cel\u00edacas. C\u00e1psulas vegetales aptas para dietas veganas y libres de di\u00f3xido de titanio.\",\"breadcrumb\":{\"@id\":\"https:\/\/alpha.nousdigital.pro\/en\/producto\/v-col\/#breadcrumb\"},\"inLanguage\":\"en-US\",\"potentialAction\":[{\"@type\":\"ReadAction\",\"target\":[\"https:\/\/alpha.nousdigital.pro\/en\/producto\/v-col\/\"]}]},{\"@type\":\"ImageObject\",\"inLanguage\":\"en-US\",\"@id\":\"https:\/\/alpha.nousdigital.pro\/en\/producto\/v-col\/#primaryimage\",\"url\":\"https:\/\/alpha.nousdigital.pro\/wp-content\/uploads\/2023\/09\/V-Col.jpg\",\"contentUrl\":\"https:\/\/alpha.nousdigital.pro\/wp-content\/uploads\/2023\/09\/V-Col.jpg\",\"width\":600,\"height\":600},{\"@type\":\"BreadcrumbList\",\"@id\":\"https:\/\/alpha.nousdigital.pro\/en\/producto\/v-col\/#breadcrumb\",\"itemListElement\":[{\"@type\":\"ListItem\",\"position\":1,\"name\":\"Portada\",\"item\":\"https:\/\/alpha.nousdigital.pro\/en\/\"},{\"@type\":\"ListItem\",\"position\":2,\"name\":\"Shop\",\"item\":\"https:\/\/alpha.nousdigital.pro\/en\/shop\/\"},{\"@type\":\"ListItem\",\"position\":3,\"name\":\"V-Col (60 VegeCaps) &#8211; Vitobest\"}]},{\"@type\":\"WebSite\",\"@id\":\"https:\/\/alpha.nousdigital.pro\/en\/#website\",\"url\":\"https:\/\/alpha.nousdigital.pro\/en\/\",\"name\":\"Alpha Supplements\",\"description\":\"Dietary supplements to support your health\",\"potentialAction\":[{\"@type\":\"SearchAction\",\"target\":{\"@type\":\"EntryPoint\",\"urlTemplate\":\"https:\/\/alpha.nousdigital.pro\/en\/?s={search_term_string}\"},\"query-input\":{\"@type\":\"PropertyValueSpecification\",\"valueRequired\":true,\"valueName\":\"search_term_string\"}}],\"inLanguage\":\"en-US\"}]}<\/script>\n<!-- \/ Yoast SEO plugin. -->","yoast_head_json":{"title":"V-Col (60 VegeCaps) - Vitobest - Alpha Supplements","description":"F\u00f3rmula avanzada.  Ingredientes 100 % naturales.  Ayuda a mejorar la salud cardiovascular y la funci\u00f3n card\u00edaca.  Contribuye a controlar los niveles de colesterol.  Puede aumentar la actividad metab\u00f3lica de los l\u00edpidos.  Apto para personas cel\u00edacas.  C\u00e1psulas vegetales aptas para dietas veganas y libres de di\u00f3xido de titanio.","robots":{"index":"index","follow":"follow","max-snippet":"max-snippet:-1","max-image-preview":"max-image-preview:large","max-video-preview":"max-video-preview:-1"},"canonical":"https:\/\/alpha.nousdigital.pro\/en\/producto\/v-col\/","og_locale":"en_US","og_type":"article","og_title":"V-Col (60 VegeCaps) - Vitobest - Alpha Supplements","og_description":"F\u00f3rmula avanzada.  Ingredientes 100 % naturales.  Ayuda a mejorar la salud cardiovascular y la funci\u00f3n card\u00edaca.  Contribuye a controlar los niveles de colesterol.  Puede aumentar la actividad metab\u00f3lica de los l\u00edpidos.  Apto para personas cel\u00edacas.  C\u00e1psulas vegetales aptas para dietas veganas y libres de di\u00f3xido de titanio.","og_url":"https:\/\/alpha.nousdigital.pro\/en\/producto\/v-col\/","og_site_name":"Alpha Supplements","article_modified_time":"2025-12-05T09:55:28+00:00","og_image":[{"width":600,"height":600,"url":"https:\/\/alpha.nousdigital.pro\/wp-content\/uploads\/2023\/09\/V-Col.jpg","type":"image\/jpeg"}],"twitter_card":"summary_large_image","twitter_misc":{"Est. reading time":"6 minutes"},"schema":{"@context":"https:\/\/schema.org","@graph":[{"@type":["WebPage","ItemPage"],"@id":"https:\/\/alpha.nousdigital.pro\/en\/producto\/v-col\/","url":"https:\/\/alpha.nousdigital.pro\/en\/producto\/v-col\/","name":"V-Col (60 VegeCaps) - Vitobest - Alpha Supplements","isPartOf":{"@id":"https:\/\/alpha.nousdigital.pro\/en\/#website"},"primaryImageOfPage":{"@id":"https:\/\/alpha.nousdigital.pro\/en\/producto\/v-col\/#primaryimage"},"image":{"@id":"https:\/\/alpha.nousdigital.pro\/en\/producto\/v-col\/#primaryimage"},"thumbnailUrl":"https:\/\/alpha.nousdigital.pro\/wp-content\/uploads\/2023\/09\/V-Col.jpg","datePublished":"2023-02-19T13:27:58+00:00","dateModified":"2025-12-05T09:55:28+00:00","description":"F\u00f3rmula avanzada. Ingredientes 100 % naturales. Ayuda a mejorar la salud cardiovascular y la funci\u00f3n card\u00edaca. Contribuye a controlar los niveles de colesterol. Puede aumentar la actividad metab\u00f3lica de los l\u00edpidos. Apto para personas cel\u00edacas. C\u00e1psulas vegetales aptas para dietas veganas y libres de di\u00f3xido de titanio.","breadcrumb":{"@id":"https:\/\/alpha.nousdigital.pro\/en\/producto\/v-col\/#breadcrumb"},"inLanguage":"en-US","potentialAction":[{"@type":"ReadAction","target":["https:\/\/alpha.nousdigital.pro\/en\/producto\/v-col\/"]}]},{"@type":"ImageObject","inLanguage":"en-US","@id":"https:\/\/alpha.nousdigital.pro\/en\/producto\/v-col\/#primaryimage","url":"https:\/\/alpha.nousdigital.pro\/wp-content\/uploads\/2023\/09\/V-Col.jpg","contentUrl":"https:\/\/alpha.nousdigital.pro\/wp-content\/uploads\/2023\/09\/V-Col.jpg","width":600,"height":600},{"@type":"BreadcrumbList","@id":"https:\/\/alpha.nousdigital.pro\/en\/producto\/v-col\/#breadcrumb","itemListElement":[{"@type":"ListItem","position":1,"name":"Portada","item":"https:\/\/alpha.nousdigital.pro\/en\/"},{"@type":"ListItem","position":2,"name":"Shop","item":"https:\/\/alpha.nousdigital.pro\/en\/shop\/"},{"@type":"ListItem","position":3,"name":"V-Col (60 VegeCaps) &#8211; Vitobest"}]},{"@type":"WebSite","@id":"https:\/\/alpha.nousdigital.pro\/en\/#website","url":"https:\/\/alpha.nousdigital.pro\/en\/","name":"Alpha Supplements","description":"Dietary supplements to support your health","potentialAction":[{"@type":"SearchAction","target":{"@type":"EntryPoint","urlTemplate":"https:\/\/alpha.nousdigital.pro\/en\/?s={search_term_string}"},"query-input":{"@type":"PropertyValueSpecification","valueRequired":true,"valueName":"search_term_string"}}],"inLanguage":"en-US"}]}},"_links":{"self":[{"href":"https:\/\/alpha.nousdigital.pro\/en\/wp-json\/wp\/v2\/product\/879","targetHints":{"allow":["GET"]}}],"collection":[{"href":"https:\/\/alpha.nousdigital.pro\/en\/wp-json\/wp\/v2\/product"}],"about":[{"href":"https:\/\/alpha.nousdigital.pro\/en\/wp-json\/wp\/v2\/types\/product"}],"replies":[{"embeddable":true,"href":"https:\/\/alpha.nousdigital.pro\/en\/wp-json\/wp\/v2\/comments?post=879"}],"wp:featuredmedia":[{"embeddable":true,"href":"https:\/\/alpha.nousdigital.pro\/en\/wp-json\/wp\/v2\/media\/1846"}],"wp:attachment":[{"href":"https:\/\/alpha.nousdigital.pro\/en\/wp-json\/wp\/v2\/media?parent=879"}],"wp:term":[{"taxonomy":"product_brand","embeddable":true,"href":"https:\/\/alpha.nousdigital.pro\/en\/wp-json\/wp\/v2\/product_brand?post=879"},{"taxonomy":"product_cat","embeddable":true,"href":"https:\/\/alpha.nousdigital.pro\/en\/wp-json\/wp\/v2\/product_cat?post=879"},{"taxonomy":"product_tag","embeddable":true,"href":"https:\/\/alpha.nousdigital.pro\/en\/wp-json\/wp\/v2\/product_tag?post=879"}],"curies":[{"name":"wp","href":"https:\/\/api.w.org\/{rel}","templated":true}]}}