
{"id":877,"date":"2023-02-19T13:27:58","date_gmt":"2023-02-19T13:27:58","guid":{"rendered":"https:\/\/alpha.nousdigital.pro\/?post_type=product&#038;p=877"},"modified":"2025-07-13T08:52:06","modified_gmt":"2025-07-13T08:52:06","slug":"glucobest","status":"publish","type":"product","link":"https:\/\/alpha.nousdigital.pro\/en\/producto\/glucobest\/","title":{"rendered":"Glucobest (60 VegeCaps) &#8211; Vitobest"},"content":{"rendered":"<p><strong>GlucoBest<\/strong>, de\u00a0<strong>Vitobest\u00ae<\/strong>, es una f\u00f3rmula combinada con los principios activos naturales m\u00e1s avanzados y eficaces para contribuir al control del az\u00facar en la sangre (glucemia).<\/p>\n<p><strong>Importancia del control de la glucemia.<\/strong><\/p>\n<p>La gran mayor\u00eda de\u00a0<strong>las c\u00e9lulas de nuestro cuerpo utilizan como combustible energ\u00e9tico la glucosa<\/strong>, siendo especialmente importante para nuestro cerebro que consume casi 6 mg de la misma por cada 100 g de tejido.<\/p>\n<p><strong>Siempre debemos tener una cantidad de glucosa circulando en sangre<\/strong>\u00a0y sus niveles son normales cuando en ayuno tenemos entre 70 y 110 mg\/dL.\u00a0<strong>Por debajo de estos niveles se considera hipoglucemia y por encima, hiperglucemia o glucosa muy elevada en sangre.<\/strong><\/p>\n<p>La hiperglucemia es consecuente en muchas patolog\u00edas y es realmente perjudicial a medio y largo plazo:<\/p>\n<ul>\n<li>Es la principal causante de enfermedades cardiovasculares.<\/li>\n<li>Produce neuropat\u00edas y retinopat\u00edas.<\/li>\n<li>Afecta negativamente a la coagulaci\u00f3n de la sangre, aumentando el riesgo de accidentes cerebro vasculares e infartos de miocardio.<\/li>\n<li>Aumenta la resistencia a la insulina, siendo la primera causa de obesidad y diabetes.<\/li>\n<li>La hiperglucemia aumenta los niveles oxidativos en la mitocondria, siendo la causa principal del ciclo de estr\u00e9s oxidativo<sup>6<\/sup>.<\/li>\n<\/ul>\n<p><strong>GlucoBest<\/strong>, de\u00a0<strong>Vitobest\u00ae<\/strong>, contribuye eficazmente a controlar los niveles de az\u00facar de manera natural y efectiva.<\/p>\n<p>&nbsp;<\/p>\n<p><iframe src=\"https:\/\/www.youtube.com\/embed\/wTppntA5sqM\" width=\"560\" height=\"315\" frameborder=\"0\" scrolling=\"no\" data-mce-fragment=\"1\"><\/iframe><\/p>\n<p>&nbsp;<\/p>\n<p><strong>Principios activos GlucoBest:<\/strong><\/p>\n<p><strong><em>Gymnema sylvestre<\/em>.<\/strong><\/p>\n<p>En la cultura india, se conocen las propiedades que presenta la gymnema cuando se mastican sus hojas y hace que no se perciba el sabor dulce de los alimentos. Por esta propiedad que presenta, la gymnema es conocida en India como gurmar, que significa \u201cdestructor de az\u00facar\u201d en hind\u00fa<sup>1<\/sup>. Es una de las plantas m\u00e1s estudiadas y se ha demostrado que la administraci\u00f3n de gymnema reduce los niveles de glucosa en sangre. Tambi\u00e9n se ha demostrado su eficacia en pacientes con diabetes tipo I y II<sup>1,2<\/sup>.<\/p>\n<p><strong><em>Berberis aristata<\/em>\u00a0(98 % berberina).<\/strong><\/p>\n<p>La berberina es capaz de reducir los niveles circulantes de glucosa y tambi\u00e9n de hemoglobina glucosilada<sup>3<\/sup>, par\u00e1metro bioqu\u00edmico que ayuda en el manejo y control de la evoluci\u00f3n de la diabetes o prediabetes, ya que indica la media de los niveles de glucosa circulante de los 3 \u00faltimos meses. La berberina aumenta la actividad de la adiponectina<sup>4<\/sup>\u00a0y mejora la sensibilidad perif\u00e9rica a la insulina, por lo que existe un aumento en la captaci\u00f3n celular de glucosa. En resumen, la berberina se muestra muy eficaz en tratamiento tratamiento de la hipoglucemia y tambi\u00e9n para la resistencia a la insulina.<\/p>\n<p><strong>\u00c1cido alfa lipoico (R-ALA) (Alipure\u00ae).<\/strong><\/p>\n<p>El \u00e1cido alfa lipoico es un compuesto de origen natural que desempe\u00f1a un papel esencial en las reacciones bioenerg\u00e9ticas mitocondriales (en interior de la c\u00e9lula), y objeto de numerosos estudios como antioxidante para su uso en el manejo de complicaciones diab\u00e9ticas. El \u00e1cido lipoico es un potent\u00edsimo antioxidante<sup>5<\/sup>, act\u00faa sobre los radicales libres (ROS), quela los iones met\u00e1licos y reduce las formas oxidadas de otros antioxidantes como la vitamina C, la vitamina E y el glutati\u00f3n<sup>5<\/sup>. Tambi\u00e9n aumenta el sistema de defensa antioxidante. Una funci\u00f3n importante es la de activar la v\u00eda AMPK en los m\u00fasculos esquel\u00e9ticos<sup>5<\/sup>, que a su vez tienen una gran cantidad de consecuencias metab\u00f3licas.<\/p>\n<p>&nbsp;<\/p>\n<p><img fetchpriority=\"high\" decoding=\"async\" src=\"https:\/\/www.vitobest.com\/img\/cms\/GlucoBest-(Vitobest)-(Banner)2.jpg\" alt=\"GlucoBest 01\" width=\"1000\" height=\"250\" \/><\/p>\n<p>&nbsp;<\/p>\n<p><strong>Extracto seco de canela 5:1.<\/strong><\/p>\n<p>Los componentes mayoritarios con actividad farmacol\u00f3gica son el cinamaldehido y pol\u00edmeros procianidina tipo A<sup>7<\/sup>. Se cree que estos compuestos mejoran la sensibilidad a la insulina mediante una mejor captaci\u00f3n de glucosa<sup>8<\/sup>\u00a0y s\u00edntesis de gluc\u00f3geno<sup>7<\/sup>. La canela ha demostrado ser eficaz en la disminuci\u00f3n de los valores de glucosa en sangre en pacientes diagnosticados de diabetes tipo II<sup>8<\/sup>.<\/p>\n<p><strong>Cromo (picolinato de cromo Chromax\u00ae).<\/strong><\/p>\n<p>Como elemento traza, este elemento est\u00e1 involucrado en la regulaci\u00f3n de la glucosa en la sangre<sup>9<\/sup>. Su deficiencia genera un deterioro del metabolismo de la glucosa por la mala eficiencia de la insulina<sup>9<\/sup>.<\/p>\n<p>&nbsp;<\/p>\n<p><img decoding=\"async\" src=\"https:\/\/www.vitobest.com\/img\/cms\/GlucoBest-02-(Vitobest)-(Banner)1.jpg\" alt=\"GlucoBest 02\" width=\"1000\" height=\"502\" \/><\/p>\n<p>&nbsp;<\/p>\n<p>&nbsp;<\/p>\n<p><strong>Vitobest\u00ae<\/strong>\u00a0utiliza para este suplemento\u00a0<strong>c\u00e1psulas vegetales<\/strong>\u00a0(VegeCaps)\u00a0<strong>aptas para dietas veganas<\/strong>\u00a0y\u00a0<strong>libres de di\u00f3xido de titanio<\/strong>.<\/p>\n<p><strong>Declaraciones del producto (claims):<\/strong><\/p>\n<ul>\n<li>El cromo contribuye a mantener niveles normales de glucosa en sangre.<\/li>\n<\/ul>\n<p>&nbsp;<\/p>\n<p><img decoding=\"async\" src=\"https:\/\/www.vitobest.com\/img\/cms\/VegeCaps-(Vitobest)-(Banner).jpg\" alt=\"VegeCaps\" width=\"1000\" height=\"250\" \/><\/p>\n<p>&nbsp;<\/p>\n<h6><strong>Bibliograf\u00eda:<\/strong><\/h6>\n<h6><sup>1<\/sup>Neelakantan N, Narayanan M, de Souza RJ, Van Dam RM. Effect of fenugreek (Trigonella foenum-graecum L.) intake on glycemia: a meta-analysis of clinical trials. Nutr J. 2014;13:17.\u00a0<a href=\"https:\/\/nutritionj.biomedcentral.com\/articles\/10.1186\/1475-2891-13-7\">doi:10.1186\/1475-2891-13-7<\/a><\/h6>\n<h6><sup>2<\/sup>Baskaran K, Kizar Ahamath B, Radha Shanmugasundaram K, Shanmugasundaram ER. Antidiabetic effect of a leaf extract from Gymnema sylvestre in non-insulin-dependent diabetes mellitus patients. J Ethnopharmacol. 1990;30(3):295-300.\u00a0<a href=\"https:\/\/www.sciencedirect.com\/science\/article\/abs\/pii\/0378874190901086\">doi: 10. 1016\/0378-8741(90)90108-6<\/a><\/h6>\n<h6><sup>3<\/sup>BERBERIS ARISTATA: A REVIEW Sharma Komal*, Bairwa Ranjan, Chauhan Neelam, Shrivastava Birendra, Saini Neeraj Kumar School of Pharmaceutical Sciences, Jaipur National University, Jaipur, India<\/h6>\n<h6><sup>4<\/sup>Berberine Improves Insulin Sensitivity by Inhibiting Fat Store and Adjusting Adipokines Profile in Human Preadipocytes and Metabolic Syndrome Patients Jing Yang,1 Jinhua Yin,1, 2 Hongfei Gao,1 Linxin Xu,1, 2 Yan Wang,1 Lu Xu,2 and Ming.<\/h6>\n<h6><sup>5<\/sup>Diabetes y \u00e1cido alfa lipoico. Saeid Golbidi, Mohammad Badran and Ismail Laher *Department of Pharmacology and Therapeutics, Faculty of Medicine, University of British Columbia, Vancouver, BC, Canada.<\/h6>\n<h6><sup>6<\/sup>Nishikawa, T., Edelstein, D., Du, X. L., Yamagishi, S., Matsumura, T., Kaneda, Y., Yorek, M. A., Beebe, D., Oates, P. J., Hammes, H. P., Giardino, I., and Brownlee, M. (2000). Normalizing mitochondrial superoxide production blocks three pathways of hyperglycemic damage. Nature 404, 787\u2013790.<\/h6>\n<h6><sup>7<\/sup>Allen RW, Schwartzman E, Baker WL, Coleman CI, Phung DO. Cinnamon use in type 2 diabetes: an updated systematic review and metaanalysis. Ann Fam Med. 2013;11(5):452\u2013459.\u00a0<a href=\"https:\/\/www.annfammed.org\/content\/11\/5\/452https:\/\/www.annfammed.org\/content\/11\/5\/452\">doi:10.1370\/afm.1517<\/a><\/h6>\n<h6><sup>8<\/sup>Khan A, Safdar M, Ali Khan MM, Khattak KN, Anderson RA. Cinnamon improves glucose and lipids of people with type 2 diabetes. Diabetes Care. 2003;26(12):3215-3218.\u00a0<a href=\"https:\/\/diabetesjournals.org\/care\/article\/26\/12\/3215\/21858\/Cinnamon-Improves-Glucose-and-Lipids-of-People\">doi:10.2337\/diacare.26.12.3215<\/a><\/h6>\n<h6><sup>9<\/sup>Anderson R. Chromium as an essential nutrient for humans.\u00a0<em>Regul Toxicol Pharmacol<\/em>\u00a01997; 26:S35-S41.<\/h6>\n","protected":false},"excerpt":{"rendered":"<ul>\n<li><em>Gymnema sylvestre<\/em>\u00a0+ Agracejo (98 % berberina) + Canela + R-ALA + Cromo.<\/li>\n<li>Contribuye a mantener niveles normales de glucosa en sangre.<\/li>\n<li>Apto para personas cel\u00edacas.<\/li>\n<li>C\u00e1psulas vegetales aptas para dietas veganas y libres de di\u00f3xido de titanio.<\/li>\n<\/ul>\n","protected":false},"featured_media":1844,"comment_status":"closed","ping_status":"closed","template":"","meta":[],"product_brand":[665],"product_cat":[53],"product_tag":[131],"class_list":{"0":"post-877","1":"product","2":"type-product","3":"status-publish","4":"has-post-thumbnail","6":"product_brand-vitobest","7":"product_cat-salud","8":"product_tag-glucobest","10":"first","11":"instock","12":"shipping-taxable","13":"purchasable","14":"product-type-simple"},"gallery_images":[],"yoast_head":"<!-- This site is optimized with the Yoast SEO plugin v23.4 - https:\/\/yoast.com\/wordpress\/plugins\/seo\/ -->\n<title>Glucobest (60 VegeCaps) - Vitobest - Alpha Supplements<\/title>\n<meta name=\"description\" content=\"Gymnema sylvestre\u00a0+ Agracejo (98 % berberina) + Canela + R-ALA + Cromo.  Contribuye a mantener niveles normales de glucosa en sangre.  Apto para personas cel\u00edacas.  C\u00e1psulas vegetales aptas para dietas veganas y libres de di\u00f3xido de titanio.\" \/>\n<meta name=\"robots\" content=\"index, follow, max-snippet:-1, max-image-preview:large, max-video-preview:-1\" \/>\n<link rel=\"canonical\" href=\"https:\/\/alpha.nousdigital.pro\/en\/producto\/glucobest\/\" \/>\n<meta property=\"og:locale\" content=\"en_US\" \/>\n<meta property=\"og:type\" content=\"article\" \/>\n<meta property=\"og:title\" content=\"Glucobest (60 VegeCaps) - Vitobest - Alpha Supplements\" \/>\n<meta property=\"og:description\" content=\"Gymnema sylvestre\u00a0+ Agracejo (98 % berberina) + Canela + R-ALA + Cromo.  Contribuye a mantener niveles normales de glucosa en sangre.  Apto para personas cel\u00edacas.  C\u00e1psulas vegetales aptas para dietas veganas y libres de di\u00f3xido de titanio.\" \/>\n<meta property=\"og:url\" content=\"https:\/\/alpha.nousdigital.pro\/en\/producto\/glucobest\/\" \/>\n<meta property=\"og:site_name\" content=\"Alpha Supplements\" \/>\n<meta property=\"article:modified_time\" content=\"2025-07-13T08:52:06+00:00\" \/>\n<meta property=\"og:image\" content=\"https:\/\/alpha.nousdigital.pro\/wp-content\/uploads\/2023\/09\/Glucobest.jpg\" \/>\n\t<meta property=\"og:image:width\" content=\"600\" \/>\n\t<meta property=\"og:image:height\" content=\"600\" \/>\n\t<meta property=\"og:image:type\" content=\"image\/jpeg\" \/>\n<meta name=\"twitter:card\" content=\"summary_large_image\" \/>\n<meta name=\"twitter:label1\" content=\"Est. reading time\" \/>\n\t<meta name=\"twitter:data1\" content=\"6 minutes\" \/>\n<script type=\"application\/ld+json\" class=\"yoast-schema-graph\">{\"@context\":\"https:\/\/schema.org\",\"@graph\":[{\"@type\":[\"WebPage\",\"ItemPage\"],\"@id\":\"https:\/\/alpha.nousdigital.pro\/en\/producto\/glucobest\/\",\"url\":\"https:\/\/alpha.nousdigital.pro\/en\/producto\/glucobest\/\",\"name\":\"Glucobest (60 VegeCaps) - Vitobest - Alpha Supplements\",\"isPartOf\":{\"@id\":\"https:\/\/alpha.nousdigital.pro\/en\/#website\"},\"primaryImageOfPage\":{\"@id\":\"https:\/\/alpha.nousdigital.pro\/en\/producto\/glucobest\/#primaryimage\"},\"image\":{\"@id\":\"https:\/\/alpha.nousdigital.pro\/en\/producto\/glucobest\/#primaryimage\"},\"thumbnailUrl\":\"https:\/\/alpha.nousdigital.pro\/wp-content\/uploads\/2023\/09\/Glucobest.jpg\",\"datePublished\":\"2023-02-19T13:27:58+00:00\",\"dateModified\":\"2025-07-13T08:52:06+00:00\",\"description\":\"Gymnema sylvestre\u00a0+ Agracejo (98 % berberina) + Canela + R-ALA + Cromo. Contribuye a mantener niveles normales de glucosa en sangre. Apto para personas cel\u00edacas. C\u00e1psulas vegetales aptas para dietas veganas y libres de di\u00f3xido de titanio.\",\"breadcrumb\":{\"@id\":\"https:\/\/alpha.nousdigital.pro\/en\/producto\/glucobest\/#breadcrumb\"},\"inLanguage\":\"en-US\",\"potentialAction\":[{\"@type\":\"ReadAction\",\"target\":[\"https:\/\/alpha.nousdigital.pro\/en\/producto\/glucobest\/\"]}]},{\"@type\":\"ImageObject\",\"inLanguage\":\"en-US\",\"@id\":\"https:\/\/alpha.nousdigital.pro\/en\/producto\/glucobest\/#primaryimage\",\"url\":\"https:\/\/alpha.nousdigital.pro\/wp-content\/uploads\/2023\/09\/Glucobest.jpg\",\"contentUrl\":\"https:\/\/alpha.nousdigital.pro\/wp-content\/uploads\/2023\/09\/Glucobest.jpg\",\"width\":600,\"height\":600},{\"@type\":\"BreadcrumbList\",\"@id\":\"https:\/\/alpha.nousdigital.pro\/en\/producto\/glucobest\/#breadcrumb\",\"itemListElement\":[{\"@type\":\"ListItem\",\"position\":1,\"name\":\"Portada\",\"item\":\"https:\/\/alpha.nousdigital.pro\/en\/\"},{\"@type\":\"ListItem\",\"position\":2,\"name\":\"Shop\",\"item\":\"https:\/\/alpha.nousdigital.pro\/en\/shop\/\"},{\"@type\":\"ListItem\",\"position\":3,\"name\":\"Glucobest (60 VegeCaps) &#8211; Vitobest\"}]},{\"@type\":\"WebSite\",\"@id\":\"https:\/\/alpha.nousdigital.pro\/en\/#website\",\"url\":\"https:\/\/alpha.nousdigital.pro\/en\/\",\"name\":\"Alpha Supplements\",\"description\":\"Dietary supplements to support your health\",\"potentialAction\":[{\"@type\":\"SearchAction\",\"target\":{\"@type\":\"EntryPoint\",\"urlTemplate\":\"https:\/\/alpha.nousdigital.pro\/en\/?s={search_term_string}\"},\"query-input\":{\"@type\":\"PropertyValueSpecification\",\"valueRequired\":true,\"valueName\":\"search_term_string\"}}],\"inLanguage\":\"en-US\"}]}<\/script>\n<!-- \/ Yoast SEO plugin. -->","yoast_head_json":{"title":"Glucobest (60 VegeCaps) - Vitobest - Alpha Supplements","description":"Gymnema sylvestre\u00a0+ Agracejo (98 % berberina) + Canela + R-ALA + Cromo.  Contribuye a mantener niveles normales de glucosa en sangre.  Apto para personas cel\u00edacas.  C\u00e1psulas vegetales aptas para dietas veganas y libres de di\u00f3xido de titanio.","robots":{"index":"index","follow":"follow","max-snippet":"max-snippet:-1","max-image-preview":"max-image-preview:large","max-video-preview":"max-video-preview:-1"},"canonical":"https:\/\/alpha.nousdigital.pro\/en\/producto\/glucobest\/","og_locale":"en_US","og_type":"article","og_title":"Glucobest (60 VegeCaps) - Vitobest - Alpha Supplements","og_description":"Gymnema sylvestre\u00a0+ Agracejo (98 % berberina) + Canela + R-ALA + Cromo.  Contribuye a mantener niveles normales de glucosa en sangre.  Apto para personas cel\u00edacas.  C\u00e1psulas vegetales aptas para dietas veganas y libres de di\u00f3xido de titanio.","og_url":"https:\/\/alpha.nousdigital.pro\/en\/producto\/glucobest\/","og_site_name":"Alpha Supplements","article_modified_time":"2025-07-13T08:52:06+00:00","og_image":[{"width":600,"height":600,"url":"https:\/\/alpha.nousdigital.pro\/wp-content\/uploads\/2023\/09\/Glucobest.jpg","type":"image\/jpeg"}],"twitter_card":"summary_large_image","twitter_misc":{"Est. reading time":"6 minutes"},"schema":{"@context":"https:\/\/schema.org","@graph":[{"@type":["WebPage","ItemPage"],"@id":"https:\/\/alpha.nousdigital.pro\/en\/producto\/glucobest\/","url":"https:\/\/alpha.nousdigital.pro\/en\/producto\/glucobest\/","name":"Glucobest (60 VegeCaps) - Vitobest - Alpha Supplements","isPartOf":{"@id":"https:\/\/alpha.nousdigital.pro\/en\/#website"},"primaryImageOfPage":{"@id":"https:\/\/alpha.nousdigital.pro\/en\/producto\/glucobest\/#primaryimage"},"image":{"@id":"https:\/\/alpha.nousdigital.pro\/en\/producto\/glucobest\/#primaryimage"},"thumbnailUrl":"https:\/\/alpha.nousdigital.pro\/wp-content\/uploads\/2023\/09\/Glucobest.jpg","datePublished":"2023-02-19T13:27:58+00:00","dateModified":"2025-07-13T08:52:06+00:00","description":"Gymnema sylvestre\u00a0+ Agracejo (98 % berberina) + Canela + R-ALA + Cromo. Contribuye a mantener niveles normales de glucosa en sangre. Apto para personas cel\u00edacas. C\u00e1psulas vegetales aptas para dietas veganas y libres de di\u00f3xido de titanio.","breadcrumb":{"@id":"https:\/\/alpha.nousdigital.pro\/en\/producto\/glucobest\/#breadcrumb"},"inLanguage":"en-US","potentialAction":[{"@type":"ReadAction","target":["https:\/\/alpha.nousdigital.pro\/en\/producto\/glucobest\/"]}]},{"@type":"ImageObject","inLanguage":"en-US","@id":"https:\/\/alpha.nousdigital.pro\/en\/producto\/glucobest\/#primaryimage","url":"https:\/\/alpha.nousdigital.pro\/wp-content\/uploads\/2023\/09\/Glucobest.jpg","contentUrl":"https:\/\/alpha.nousdigital.pro\/wp-content\/uploads\/2023\/09\/Glucobest.jpg","width":600,"height":600},{"@type":"BreadcrumbList","@id":"https:\/\/alpha.nousdigital.pro\/en\/producto\/glucobest\/#breadcrumb","itemListElement":[{"@type":"ListItem","position":1,"name":"Portada","item":"https:\/\/alpha.nousdigital.pro\/en\/"},{"@type":"ListItem","position":2,"name":"Shop","item":"https:\/\/alpha.nousdigital.pro\/en\/shop\/"},{"@type":"ListItem","position":3,"name":"Glucobest (60 VegeCaps) &#8211; Vitobest"}]},{"@type":"WebSite","@id":"https:\/\/alpha.nousdigital.pro\/en\/#website","url":"https:\/\/alpha.nousdigital.pro\/en\/","name":"Alpha Supplements","description":"Dietary supplements to support your health","potentialAction":[{"@type":"SearchAction","target":{"@type":"EntryPoint","urlTemplate":"https:\/\/alpha.nousdigital.pro\/en\/?s={search_term_string}"},"query-input":{"@type":"PropertyValueSpecification","valueRequired":true,"valueName":"search_term_string"}}],"inLanguage":"en-US"}]}},"_links":{"self":[{"href":"https:\/\/alpha.nousdigital.pro\/en\/wp-json\/wp\/v2\/product\/877","targetHints":{"allow":["GET"]}}],"collection":[{"href":"https:\/\/alpha.nousdigital.pro\/en\/wp-json\/wp\/v2\/product"}],"about":[{"href":"https:\/\/alpha.nousdigital.pro\/en\/wp-json\/wp\/v2\/types\/product"}],"replies":[{"embeddable":true,"href":"https:\/\/alpha.nousdigital.pro\/en\/wp-json\/wp\/v2\/comments?post=877"}],"wp:featuredmedia":[{"embeddable":true,"href":"https:\/\/alpha.nousdigital.pro\/en\/wp-json\/wp\/v2\/media\/1844"}],"wp:attachment":[{"href":"https:\/\/alpha.nousdigital.pro\/en\/wp-json\/wp\/v2\/media?parent=877"}],"wp:term":[{"taxonomy":"product_brand","embeddable":true,"href":"https:\/\/alpha.nousdigital.pro\/en\/wp-json\/wp\/v2\/product_brand?post=877"},{"taxonomy":"product_cat","embeddable":true,"href":"https:\/\/alpha.nousdigital.pro\/en\/wp-json\/wp\/v2\/product_cat?post=877"},{"taxonomy":"product_tag","embeddable":true,"href":"https:\/\/alpha.nousdigital.pro\/en\/wp-json\/wp\/v2\/product_tag?post=877"}],"curies":[{"name":"wp","href":"https:\/\/api.w.org\/{rel}","templated":true}]}}