
{"id":876,"date":"2023-02-19T13:27:58","date_gmt":"2023-02-19T13:27:58","guid":{"rendered":"https:\/\/alpha.nousdigital.pro\/?post_type=product&#038;p=876"},"modified":"2025-10-28T19:19:06","modified_gmt":"2025-10-28T19:19:06","slug":"beauty","status":"publish","type":"product","link":"https:\/\/alpha.nousdigital.pro\/en\/producto\/beauty\/","title":{"rendered":"Beauty (60 VegeCaps) &#8211; Vitobest"},"content":{"rendered":"<p><strong>Beauty<\/strong>, de\u00a0<strong>Vitobest\u00ae<\/strong>, es la novedosa f\u00f3rmula elaborada a partir de extractos vegetales, vitaminas, minerales y amino\u00e1cidos con propiedades nutritivas ideales para\u00a0<strong>ayudarte a mantener la piel, las u\u00f1as y el cabello<\/strong>\u00a0en condiciones normales.<\/p>\n<ul>\n<li><strong>C\u00e1rtamo:<\/strong>\u00a0su alto contenido de Omega 6 y vitamina E ayuda a hidratar la piel reseca y a revitalizar el cabello<sup>1<\/sup>.<\/li>\n<li><strong>Bamb\u00fa:<\/strong>\u00a0es la fuente natural m\u00e1s rica en silicio (forma parte de la piel, ligamentos, musculatura y huesos). Estudios evidencian que este mineral es efectivo contra el envejecimiento de la piel, u\u00f1as y cabellos quebradizos<sup>2<\/sup>.<\/li>\n<li><strong>L-Cisteina:<\/strong>\u00a0Interviene en la formaci\u00f3n de glutati\u00f3n, el agente antioxidante capaz de reducir el estr\u00e9s oxidativo. Igualmente desempe\u00f1a un rol fundamental en el metabolismo de nutrientes y en la regulaci\u00f3n de procesos como la proliferaci\u00f3n celular<sup>3<\/sup>.<\/li>\n<li><strong>L-Metionina:<\/strong>\u00a0su contenido en azufre puede ayudarnos a fortalecer la estructura tanto del pelo como de las u\u00f1as. Tambi\u00e9n contribuye a evitar la ca\u00edda del cabello<sup>4<\/sup>.<\/li>\n<li><strong>L-Arginina:<\/strong>\u00a0como precursor del \u00f3xido n\u00edtrico (NO), es de gran eficacia para el crecimiento del cabello. Su efecto vasodilatador favorece el crecimiento capilar: la abundancia de \u00f3xido n\u00edtrico abre los canales de potasio, mejora de esta forma el riego sangu\u00edneo del fol\u00edculo piloso y estimula el crecimiento del cabello<sup>5<\/sup>.<\/li>\n<li><strong>Cola de caballo:<\/strong>\u00a0su contenido en s\u00edlice o silicio org\u00e1nico, se asocia a la formaci\u00f3n de col\u00e1geno y el fortalecimiento de los huesos y las u\u00f1as, mejorando su elasticidad y resistencia<sup>6<\/sup>.<\/li>\n<\/ul>\n<p>&nbsp;<\/p>\n<p><iframe src=\"https:\/\/www.youtube.com\/embed\/oP0HWMIivL8\" width=\"560\" height=\"315\" frameborder=\"0\" scrolling=\"no\" data-mce-fragment=\"1\"><\/iframe><\/p>\n<p>&nbsp;<\/p>\n<p><strong>Vitobest\u00ae<\/strong>\u00a0utiliza para este suplemento\u00a0<strong>c\u00e1psulas vegetales<\/strong>\u00a0(VegeCaps) y\u00a0<strong>libres de di\u00f3xido de titanio<\/strong>.<\/p>\n<p><strong>Declaraciones del producto (claims):<\/strong><\/p>\n<ul>\n<li>La biotina contribuye al mantenimiento de la piel y el cabello en condiciones normales.<\/li>\n<li>La riboflavina (vitamina B2) contribuye al mantenimiento de la piel en condiciones normales.<\/li>\n<li>La niacina contribuye al mantenimiento de la piel en condiciones normales.<\/li>\n<li>El zinc contribuye al mantenimiento del cabello, la piel y las u\u00f1as en condiciones normales.<\/li>\n<\/ul>\n<p>&nbsp;<\/p>\n<p><img fetchpriority=\"high\" decoding=\"async\" src=\"https:\/\/www.vitobest.com\/img\/cms\/VegeCaps-(Vitobest)-(Banner).jpg\" alt=\"VegeCaps\" width=\"1000\" height=\"250\" \/><\/p>\n<p>&nbsp;<\/p>\n<h6><strong>Bibliograf\u00eda:<\/strong><\/h6>\n<h6><sup>1<\/sup>\u201cAceites vegetales bajo la lupa\u201d. Blog. Procuradur\u00eda Federal del Consumidor. Gobierno de M\u00e9xico. Disponible en: https:\/\/www.gob.mx\/profeco\/articulos\/aceites-vegetales-bajo-la-lupa<\/h6>\n<h6><sup>2<\/sup>\u201cDietary silicon in take is positively associated with bone mineral density in men and premenopausal women of theFramingham Off spring cohort.\u00a0 2004. Jugdaohsingh R.et al. J. Bone Miner Res. 19: 297-307.<\/h6>\n<h6><sup>3<\/sup>\u201cActualizan el uso terap\u00e9utico de la N-Acetilciste\u00edna y los mecanismos de acci\u00f3n involucrados\u201d. 2011. Gillissen, A., Serie: Indicaciones terap\u00e9uticas de la N-Acetilciste\u00edna (II). Sociedad Iberoamericana de Informaci\u00f3n Cient\u00edfica. Disponible en: https:\/\/ www.siicsalud.com\/pdf\/tc_acetilcisteina_22513.pdf<\/h6>\n<h6><sup>4<\/sup>\u201cMicronutrients for Hair and Nails\u201d. 2011. Haneke, E. & Baran, R. Nutrition for healthy skin, Volume 2, (pp. 149-163).<\/h6>\n<h6><sup>5<\/sup>\u201cArginine Derived Nitric Oxide: Key to Healthy Skin\u201d. 2013. Saini, R. & Zanwar, A. A. Bioactive Dietary Factors and Plant Extracts in Dermatology (pp. 73-82).<\/h6>\n<h6><sup>6<\/sup>\u201cAnabolic therapy with Equisetum arvense along with bone mineralising nutrients in ovariectomized rat model of osteoporosis\u201d. 2016. Swati D. & Smita R. Indian J Pharmacol. May-Jun; 48(3): 312\u2013315. Disponible en: https:\/\/www.ncbi.nlm.nih.gov\/pmc\/articles\/PMC4900006\/<\/h6>\n","protected":false},"excerpt":{"rendered":"<ul>\n<li>F\u00f3rmula 100 % natural.<\/li>\n<li>Contiene extractos vegetales, vitaminas, minerales y amino\u00e1cidos.<\/li>\n<li>Contribuye al mantenimiento del cabello, la piel y las u\u00f1as en condiciones normales.<\/li>\n<li>Apto para personas cel\u00edacas.<\/li>\n<li>C\u00e1psulas vegetales aptas para dietas veganas y libres de di\u00f3xido de titanio.<\/li>\n<\/ul>\n","protected":false},"featured_media":1843,"comment_status":"closed","ping_status":"closed","template":"","meta":[],"product_brand":[665],"product_cat":[53],"product_tag":[130],"class_list":{"0":"post-876","1":"product","2":"type-product","3":"status-publish","4":"has-post-thumbnail","6":"product_brand-vitobest","7":"product_cat-salud","8":"product_tag-beauty","10":"first","11":"onbackorder","12":"shipping-taxable","13":"purchasable","14":"product-type-simple"},"gallery_images":[],"yoast_head":"<!-- This site is optimized with the Yoast SEO plugin v23.4 - https:\/\/yoast.com\/wordpress\/plugins\/seo\/ -->\n<title>Beauty (60 VegeCaps) - Vitobest - Alpha Supplements<\/title>\n<meta name=\"description\" content=\"F\u00f3rmula 100 % natural.  Contiene extractos vegetales, vitaminas, minerales y amino\u00e1cidos.  Contribuye al mantenimiento del cabello, la piel y las u\u00f1as en condiciones normales.  Apto para personas cel\u00edacas.  C\u00e1psulas vegetales aptas para dietas veganas y libres de di\u00f3xido de titanio.\" \/>\n<meta name=\"robots\" content=\"index, follow, max-snippet:-1, max-image-preview:large, max-video-preview:-1\" \/>\n<link rel=\"canonical\" href=\"https:\/\/alpha.nousdigital.pro\/en\/producto\/beauty\/\" \/>\n<meta property=\"og:locale\" content=\"en_US\" \/>\n<meta property=\"og:type\" content=\"article\" \/>\n<meta property=\"og:title\" content=\"Beauty (60 VegeCaps) - Vitobest - Alpha Supplements\" \/>\n<meta property=\"og:description\" content=\"F\u00f3rmula 100 % natural.  Contiene extractos vegetales, vitaminas, minerales y amino\u00e1cidos.  Contribuye al mantenimiento del cabello, la piel y las u\u00f1as en condiciones normales.  Apto para personas cel\u00edacas.  C\u00e1psulas vegetales aptas para dietas veganas y libres de di\u00f3xido de titanio.\" \/>\n<meta property=\"og:url\" content=\"https:\/\/alpha.nousdigital.pro\/en\/producto\/beauty\/\" \/>\n<meta property=\"og:site_name\" content=\"Alpha Supplements\" \/>\n<meta property=\"article:modified_time\" content=\"2025-10-28T19:19:06+00:00\" \/>\n<meta property=\"og:image\" content=\"https:\/\/alpha.nousdigital.pro\/wp-content\/uploads\/2023\/09\/Beauty.jpg\" \/>\n\t<meta property=\"og:image:width\" content=\"600\" \/>\n\t<meta property=\"og:image:height\" content=\"600\" \/>\n\t<meta property=\"og:image:type\" content=\"image\/jpeg\" \/>\n<meta name=\"twitter:card\" content=\"summary_large_image\" \/>\n<meta name=\"twitter:label1\" content=\"Est. reading time\" \/>\n\t<meta name=\"twitter:data1\" content=\"3 minutes\" \/>\n<script type=\"application\/ld+json\" class=\"yoast-schema-graph\">{\"@context\":\"https:\/\/schema.org\",\"@graph\":[{\"@type\":[\"WebPage\",\"ItemPage\"],\"@id\":\"https:\/\/alpha.nousdigital.pro\/en\/producto\/beauty\/\",\"url\":\"https:\/\/alpha.nousdigital.pro\/en\/producto\/beauty\/\",\"name\":\"Beauty (60 VegeCaps) - Vitobest - Alpha Supplements\",\"isPartOf\":{\"@id\":\"https:\/\/alpha.nousdigital.pro\/en\/#website\"},\"primaryImageOfPage\":{\"@id\":\"https:\/\/alpha.nousdigital.pro\/en\/producto\/beauty\/#primaryimage\"},\"image\":{\"@id\":\"https:\/\/alpha.nousdigital.pro\/en\/producto\/beauty\/#primaryimage\"},\"thumbnailUrl\":\"https:\/\/alpha.nousdigital.pro\/wp-content\/uploads\/2023\/09\/Beauty.jpg\",\"datePublished\":\"2023-02-19T13:27:58+00:00\",\"dateModified\":\"2025-10-28T19:19:06+00:00\",\"description\":\"F\u00f3rmula 100 % natural. Contiene extractos vegetales, vitaminas, minerales y amino\u00e1cidos. Contribuye al mantenimiento del cabello, la piel y las u\u00f1as en condiciones normales. Apto para personas cel\u00edacas. C\u00e1psulas vegetales aptas para dietas veganas y libres de di\u00f3xido de titanio.\",\"breadcrumb\":{\"@id\":\"https:\/\/alpha.nousdigital.pro\/en\/producto\/beauty\/#breadcrumb\"},\"inLanguage\":\"en-US\",\"potentialAction\":[{\"@type\":\"ReadAction\",\"target\":[\"https:\/\/alpha.nousdigital.pro\/en\/producto\/beauty\/\"]}]},{\"@type\":\"ImageObject\",\"inLanguage\":\"en-US\",\"@id\":\"https:\/\/alpha.nousdigital.pro\/en\/producto\/beauty\/#primaryimage\",\"url\":\"https:\/\/alpha.nousdigital.pro\/wp-content\/uploads\/2023\/09\/Beauty.jpg\",\"contentUrl\":\"https:\/\/alpha.nousdigital.pro\/wp-content\/uploads\/2023\/09\/Beauty.jpg\",\"width\":600,\"height\":600},{\"@type\":\"BreadcrumbList\",\"@id\":\"https:\/\/alpha.nousdigital.pro\/en\/producto\/beauty\/#breadcrumb\",\"itemListElement\":[{\"@type\":\"ListItem\",\"position\":1,\"name\":\"Portada\",\"item\":\"https:\/\/alpha.nousdigital.pro\/en\/\"},{\"@type\":\"ListItem\",\"position\":2,\"name\":\"Shop\",\"item\":\"https:\/\/alpha.nousdigital.pro\/en\/shop\/\"},{\"@type\":\"ListItem\",\"position\":3,\"name\":\"Beauty (60 VegeCaps) &#8211; Vitobest\"}]},{\"@type\":\"WebSite\",\"@id\":\"https:\/\/alpha.nousdigital.pro\/en\/#website\",\"url\":\"https:\/\/alpha.nousdigital.pro\/en\/\",\"name\":\"Alpha Supplements\",\"description\":\"Dietary supplements to support your health\",\"potentialAction\":[{\"@type\":\"SearchAction\",\"target\":{\"@type\":\"EntryPoint\",\"urlTemplate\":\"https:\/\/alpha.nousdigital.pro\/en\/?s={search_term_string}\"},\"query-input\":{\"@type\":\"PropertyValueSpecification\",\"valueRequired\":true,\"valueName\":\"search_term_string\"}}],\"inLanguage\":\"en-US\"}]}<\/script>\n<!-- \/ Yoast SEO plugin. -->","yoast_head_json":{"title":"Beauty (60 VegeCaps) - Vitobest - Alpha Supplements","description":"F\u00f3rmula 100 % natural.  Contiene extractos vegetales, vitaminas, minerales y amino\u00e1cidos.  Contribuye al mantenimiento del cabello, la piel y las u\u00f1as en condiciones normales.  Apto para personas cel\u00edacas.  C\u00e1psulas vegetales aptas para dietas veganas y libres de di\u00f3xido de titanio.","robots":{"index":"index","follow":"follow","max-snippet":"max-snippet:-1","max-image-preview":"max-image-preview:large","max-video-preview":"max-video-preview:-1"},"canonical":"https:\/\/alpha.nousdigital.pro\/en\/producto\/beauty\/","og_locale":"en_US","og_type":"article","og_title":"Beauty (60 VegeCaps) - Vitobest - Alpha Supplements","og_description":"F\u00f3rmula 100 % natural.  Contiene extractos vegetales, vitaminas, minerales y amino\u00e1cidos.  Contribuye al mantenimiento del cabello, la piel y las u\u00f1as en condiciones normales.  Apto para personas cel\u00edacas.  C\u00e1psulas vegetales aptas para dietas veganas y libres de di\u00f3xido de titanio.","og_url":"https:\/\/alpha.nousdigital.pro\/en\/producto\/beauty\/","og_site_name":"Alpha Supplements","article_modified_time":"2025-10-28T19:19:06+00:00","og_image":[{"width":600,"height":600,"url":"https:\/\/alpha.nousdigital.pro\/wp-content\/uploads\/2023\/09\/Beauty.jpg","type":"image\/jpeg"}],"twitter_card":"summary_large_image","twitter_misc":{"Est. reading time":"3 minutes"},"schema":{"@context":"https:\/\/schema.org","@graph":[{"@type":["WebPage","ItemPage"],"@id":"https:\/\/alpha.nousdigital.pro\/en\/producto\/beauty\/","url":"https:\/\/alpha.nousdigital.pro\/en\/producto\/beauty\/","name":"Beauty (60 VegeCaps) - Vitobest - Alpha Supplements","isPartOf":{"@id":"https:\/\/alpha.nousdigital.pro\/en\/#website"},"primaryImageOfPage":{"@id":"https:\/\/alpha.nousdigital.pro\/en\/producto\/beauty\/#primaryimage"},"image":{"@id":"https:\/\/alpha.nousdigital.pro\/en\/producto\/beauty\/#primaryimage"},"thumbnailUrl":"https:\/\/alpha.nousdigital.pro\/wp-content\/uploads\/2023\/09\/Beauty.jpg","datePublished":"2023-02-19T13:27:58+00:00","dateModified":"2025-10-28T19:19:06+00:00","description":"F\u00f3rmula 100 % natural. Contiene extractos vegetales, vitaminas, minerales y amino\u00e1cidos. Contribuye al mantenimiento del cabello, la piel y las u\u00f1as en condiciones normales. Apto para personas cel\u00edacas. C\u00e1psulas vegetales aptas para dietas veganas y libres de di\u00f3xido de titanio.","breadcrumb":{"@id":"https:\/\/alpha.nousdigital.pro\/en\/producto\/beauty\/#breadcrumb"},"inLanguage":"en-US","potentialAction":[{"@type":"ReadAction","target":["https:\/\/alpha.nousdigital.pro\/en\/producto\/beauty\/"]}]},{"@type":"ImageObject","inLanguage":"en-US","@id":"https:\/\/alpha.nousdigital.pro\/en\/producto\/beauty\/#primaryimage","url":"https:\/\/alpha.nousdigital.pro\/wp-content\/uploads\/2023\/09\/Beauty.jpg","contentUrl":"https:\/\/alpha.nousdigital.pro\/wp-content\/uploads\/2023\/09\/Beauty.jpg","width":600,"height":600},{"@type":"BreadcrumbList","@id":"https:\/\/alpha.nousdigital.pro\/en\/producto\/beauty\/#breadcrumb","itemListElement":[{"@type":"ListItem","position":1,"name":"Portada","item":"https:\/\/alpha.nousdigital.pro\/en\/"},{"@type":"ListItem","position":2,"name":"Shop","item":"https:\/\/alpha.nousdigital.pro\/en\/shop\/"},{"@type":"ListItem","position":3,"name":"Beauty (60 VegeCaps) &#8211; Vitobest"}]},{"@type":"WebSite","@id":"https:\/\/alpha.nousdigital.pro\/en\/#website","url":"https:\/\/alpha.nousdigital.pro\/en\/","name":"Alpha Supplements","description":"Dietary supplements to support your health","potentialAction":[{"@type":"SearchAction","target":{"@type":"EntryPoint","urlTemplate":"https:\/\/alpha.nousdigital.pro\/en\/?s={search_term_string}"},"query-input":{"@type":"PropertyValueSpecification","valueRequired":true,"valueName":"search_term_string"}}],"inLanguage":"en-US"}]}},"_links":{"self":[{"href":"https:\/\/alpha.nousdigital.pro\/en\/wp-json\/wp\/v2\/product\/876","targetHints":{"allow":["GET"]}}],"collection":[{"href":"https:\/\/alpha.nousdigital.pro\/en\/wp-json\/wp\/v2\/product"}],"about":[{"href":"https:\/\/alpha.nousdigital.pro\/en\/wp-json\/wp\/v2\/types\/product"}],"replies":[{"embeddable":true,"href":"https:\/\/alpha.nousdigital.pro\/en\/wp-json\/wp\/v2\/comments?post=876"}],"wp:featuredmedia":[{"embeddable":true,"href":"https:\/\/alpha.nousdigital.pro\/en\/wp-json\/wp\/v2\/media\/1843"}],"wp:attachment":[{"href":"https:\/\/alpha.nousdigital.pro\/en\/wp-json\/wp\/v2\/media?parent=876"}],"wp:term":[{"taxonomy":"product_brand","embeddable":true,"href":"https:\/\/alpha.nousdigital.pro\/en\/wp-json\/wp\/v2\/product_brand?post=876"},{"taxonomy":"product_cat","embeddable":true,"href":"https:\/\/alpha.nousdigital.pro\/en\/wp-json\/wp\/v2\/product_cat?post=876"},{"taxonomy":"product_tag","embeddable":true,"href":"https:\/\/alpha.nousdigital.pro\/en\/wp-json\/wp\/v2\/product_tag?post=876"}],"curies":[{"name":"wp","href":"https:\/\/api.w.org\/{rel}","templated":true}]}}