
{"id":875,"date":"2023-02-19T13:27:58","date_gmt":"2023-02-19T13:27:58","guid":{"rendered":"https:\/\/alpha.nousdigital.pro\/?post_type=product&#038;p=875"},"modified":"2025-07-18T11:08:21","modified_gmt":"2025-07-18T11:08:21","slug":"vena-forte","status":"publish","type":"product","link":"https:\/\/alpha.nousdigital.pro\/en\/producto\/vena-forte\/","title":{"rendered":"VenaForte (60 VegeCaps) &#8211; Vitobest"},"content":{"rendered":"<p><strong>VenaForte<\/strong>, de\u00a0<strong>Vitobest\u00ae<\/strong>, contiene ingredientes de la m\u00e1s alta calidad que ayudan a mejorar tu sistema circulatorio y reforzar la elasticidad de tus vasos sangu\u00edneos:<\/p>\n<ul>\n<li><strong>Extractos secos de ginkgo, ruscus, casta\u00f1o de indias, acerola, mirtilo y semillas de uva:<\/strong>\u00a0diversos estudios indican que el ginkgo ayuda a mejorar la circulaci\u00f3n sangu\u00ednea<sup>1<\/sup>; que los sapon\u00f3sidos contenidos en el ruscus le confieren acci\u00f3n antiinflamatoria y venot\u00f3nica<sup>2<\/sup>; que el casta\u00f1o de indias es eficaz en el tratamiento de las v\u00e1rices<sup>4<\/sup>; que el alto contenido en vitamina C de la acerola contribuye a la formaci\u00f3n de col\u00e1geno para el funcionamiento normal de los vasos sangu\u00edneos; que el mirtilo suele tener efectos antiinflamatorios<sup>5<\/sup>; y que las proantocianidinas presentes en las semillas de uva ayudan a fortalecer el tejido conectivo de los vasos sangu\u00edneos (arterias, venas y capilares).<\/li>\n<li><strong>Citrus bioflavonoides complex:<\/strong>\u00a0estudios en animales han demostrado que la hesperidina en su contenido tiene acci\u00f3n antiedemag\u00e9nica<sup>3<\/sup>.<\/li>\n<\/ul>\n<p><strong>Vitobest\u00ae<\/strong>\u00a0utiliza para este suplemento\u00a0<strong>c\u00e1psulas vegetales<\/strong>\u00a0(VegeCaps)\u00a0<strong>aptas para dietas veganas<\/strong>\u00a0y\u00a0<strong>libres de di\u00f3xido de titanio<\/strong>.<\/p>\n<p>&nbsp;<\/p>\n<p><img fetchpriority=\"high\" decoding=\"async\" src=\"https:\/\/www.vitobest.com\/img\/cms\/VegeCaps-(Vitobest)-(Banner).jpg\" alt=\"VegeCaps\" width=\"1000\" height=\"250\" \/><\/p>\n<p>&nbsp;<\/p>\n<h6><strong>Bibliograf\u00eda:<\/strong><\/h6>\n<h6><sup>1<\/sup>\u201cEstudio comparativo de los efectos de las plantas de\u00a0<em>Centella asi\u00e1tica<\/em>\u00a0vs.\u00a0<em>Ginkgo biloba<\/em>\u00a0aplicadas en forma de emplasto realizando t\u00e9cnicas de masajes en piernas cansadas de mujeres que trabajan en tres laboratorios de visita m\u00e9dica del norte de Quito\u201d. Noblecilla-Salas, X., 2013, disponible en: http:\/\/repositorio.unibe.edu.ec\/xmlui\/handle\/123456789\/44<\/h6>\n<h6><sup>2<\/sup>\u201cUse of extract of\u00a0<em>Ruscus aculeatus<\/em>\u00a0in venous disease in the lower limbs\u201d. Cappelli R. et al, Drugs Exp Clin Res. 1988; 14(4):277-83.<\/h6>\n<h6><sup>3<\/sup>\u201cAcci\u00f3n antiedemag\u00e9nica de los extractos de corteza del fruto de\u00a0<em>Citrus sinensis L.<\/em>\u00a0y\u00a0<em>Citrus aurantiun L.<\/em>\u00a0en modelo de hiperpermeabilidad vascular en ratas\u201d. Alfonso, M.A., Revista Cubana de Plantas Medicinales, versi\u00f3n On-line ISSN 1028-4796.<\/h6>\n<h6><sup>4<\/sup>\u201cTherapeutic Plants. The Historical Dermatological Therapies\u201d. S\u00e1nchez, P. Historia de la Dermatolog\u00eda Ibero-Latino-Americana. 03-076.<\/h6>\n<h6><sup>5<\/sup>\u201cBerry fruits: compositional elements, biochemical activities, and the impact of their intake on human health, performance, and disease\u201d. Seeram, NP.\u00a0 J Agric Food Chem 2008; 56:627-629. 2. Seeram NP. Bioactive polyphenols from foods.<\/h6>\n","protected":false},"excerpt":{"rendered":"<ul>\n<li>Elaborado a partir de extractos vegetales.<\/li>\n<li>Contiene bioflavonoides c\u00edtricos (Citrus Bioflavonoides Complex\u00ae).<\/li>\n<li>Ayuda a estimular la circulaci\u00f3n y reforzar la elasticidad de los vasos sangu\u00edneos.<\/li>\n<li>Apto para personas cel\u00edacas.<\/li>\n<li>C\u00e1psulas vegetales aptas para dietas veganas y libres de di\u00f3xido de titanio.<\/li>\n<\/ul>\n","protected":false},"featured_media":1842,"comment_status":"closed","ping_status":"closed","template":"","meta":[],"product_brand":[665],"product_cat":[53],"product_tag":[129],"class_list":{"0":"post-875","1":"product","2":"type-product","3":"status-publish","4":"has-post-thumbnail","6":"product_brand-vitobest","7":"product_cat-salud","8":"product_tag-venaforte","10":"first","11":"instock","12":"shipping-taxable","13":"purchasable","14":"product-type-simple"},"gallery_images":[],"yoast_head":"<!-- This site is optimized with the Yoast SEO plugin v23.4 - https:\/\/yoast.com\/wordpress\/plugins\/seo\/ -->\n<title>VenaForte (60 VegeCaps) - Vitobest - Alpha Supplements<\/title>\n<meta name=\"description\" content=\"Elaborado a partir de extractos vegetales.  Contiene bioflavonoides c\u00edtricos (Citrus Bioflavonoides Complex\u00ae).  Ayuda a estimular la circulaci\u00f3n y reforzar la elasticidad de los vasos sangu\u00edneos.  Apto para personas cel\u00edacas.  C\u00e1psulas vegetales aptas para dietas veganas y libres de di\u00f3xido de titanio.\" \/>\n<meta name=\"robots\" content=\"index, follow, max-snippet:-1, max-image-preview:large, max-video-preview:-1\" \/>\n<link rel=\"canonical\" href=\"https:\/\/alpha.nousdigital.pro\/en\/producto\/vena-forte\/\" \/>\n<meta property=\"og:locale\" content=\"en_US\" \/>\n<meta property=\"og:type\" content=\"article\" \/>\n<meta property=\"og:title\" content=\"VenaForte (60 VegeCaps) - Vitobest - Alpha Supplements\" \/>\n<meta property=\"og:description\" content=\"Elaborado a partir de extractos vegetales.  Contiene bioflavonoides c\u00edtricos (Citrus Bioflavonoides Complex\u00ae).  Ayuda a estimular la circulaci\u00f3n y reforzar la elasticidad de los vasos sangu\u00edneos.  Apto para personas cel\u00edacas.  C\u00e1psulas vegetales aptas para dietas veganas y libres de di\u00f3xido de titanio.\" \/>\n<meta property=\"og:url\" content=\"https:\/\/alpha.nousdigital.pro\/en\/producto\/vena-forte\/\" \/>\n<meta property=\"og:site_name\" content=\"Alpha Supplements\" \/>\n<meta property=\"article:modified_time\" content=\"2025-07-18T11:08:21+00:00\" \/>\n<meta property=\"og:image\" content=\"https:\/\/alpha.nousdigital.pro\/wp-content\/uploads\/2023\/09\/VenaForte.jpg\" \/>\n\t<meta property=\"og:image:width\" content=\"600\" \/>\n\t<meta property=\"og:image:height\" content=\"600\" \/>\n\t<meta property=\"og:image:type\" content=\"image\/jpeg\" \/>\n<meta name=\"twitter:card\" content=\"summary_large_image\" \/>\n<meta name=\"twitter:label1\" content=\"Est. reading time\" \/>\n\t<meta name=\"twitter:data1\" content=\"2 minutes\" \/>\n<script type=\"application\/ld+json\" class=\"yoast-schema-graph\">{\"@context\":\"https:\/\/schema.org\",\"@graph\":[{\"@type\":[\"WebPage\",\"ItemPage\"],\"@id\":\"https:\/\/alpha.nousdigital.pro\/en\/producto\/vena-forte\/\",\"url\":\"https:\/\/alpha.nousdigital.pro\/en\/producto\/vena-forte\/\",\"name\":\"VenaForte (60 VegeCaps) - Vitobest - Alpha Supplements\",\"isPartOf\":{\"@id\":\"https:\/\/alpha.nousdigital.pro\/en\/#website\"},\"primaryImageOfPage\":{\"@id\":\"https:\/\/alpha.nousdigital.pro\/en\/producto\/vena-forte\/#primaryimage\"},\"image\":{\"@id\":\"https:\/\/alpha.nousdigital.pro\/en\/producto\/vena-forte\/#primaryimage\"},\"thumbnailUrl\":\"https:\/\/alpha.nousdigital.pro\/wp-content\/uploads\/2023\/09\/VenaForte.jpg\",\"datePublished\":\"2023-02-19T13:27:58+00:00\",\"dateModified\":\"2025-07-18T11:08:21+00:00\",\"description\":\"Elaborado a partir de extractos vegetales. Contiene bioflavonoides c\u00edtricos (Citrus Bioflavonoides Complex\u00ae). Ayuda a estimular la circulaci\u00f3n y reforzar la elasticidad de los vasos sangu\u00edneos. Apto para personas cel\u00edacas. C\u00e1psulas vegetales aptas para dietas veganas y libres de di\u00f3xido de titanio.\",\"breadcrumb\":{\"@id\":\"https:\/\/alpha.nousdigital.pro\/en\/producto\/vena-forte\/#breadcrumb\"},\"inLanguage\":\"en-US\",\"potentialAction\":[{\"@type\":\"ReadAction\",\"target\":[\"https:\/\/alpha.nousdigital.pro\/en\/producto\/vena-forte\/\"]}]},{\"@type\":\"ImageObject\",\"inLanguage\":\"en-US\",\"@id\":\"https:\/\/alpha.nousdigital.pro\/en\/producto\/vena-forte\/#primaryimage\",\"url\":\"https:\/\/alpha.nousdigital.pro\/wp-content\/uploads\/2023\/09\/VenaForte.jpg\",\"contentUrl\":\"https:\/\/alpha.nousdigital.pro\/wp-content\/uploads\/2023\/09\/VenaForte.jpg\",\"width\":600,\"height\":600},{\"@type\":\"BreadcrumbList\",\"@id\":\"https:\/\/alpha.nousdigital.pro\/en\/producto\/vena-forte\/#breadcrumb\",\"itemListElement\":[{\"@type\":\"ListItem\",\"position\":1,\"name\":\"Portada\",\"item\":\"https:\/\/alpha.nousdigital.pro\/en\/\"},{\"@type\":\"ListItem\",\"position\":2,\"name\":\"Shop\",\"item\":\"https:\/\/alpha.nousdigital.pro\/en\/shop\/\"},{\"@type\":\"ListItem\",\"position\":3,\"name\":\"VenaForte (60 VegeCaps) &#8211; Vitobest\"}]},{\"@type\":\"WebSite\",\"@id\":\"https:\/\/alpha.nousdigital.pro\/en\/#website\",\"url\":\"https:\/\/alpha.nousdigital.pro\/en\/\",\"name\":\"Alpha Supplements\",\"description\":\"Dietary supplements to support your health\",\"potentialAction\":[{\"@type\":\"SearchAction\",\"target\":{\"@type\":\"EntryPoint\",\"urlTemplate\":\"https:\/\/alpha.nousdigital.pro\/en\/?s={search_term_string}\"},\"query-input\":{\"@type\":\"PropertyValueSpecification\",\"valueRequired\":true,\"valueName\":\"search_term_string\"}}],\"inLanguage\":\"en-US\"}]}<\/script>\n<!-- \/ Yoast SEO plugin. -->","yoast_head_json":{"title":"VenaForte (60 VegeCaps) - Vitobest - Alpha Supplements","description":"Elaborado a partir de extractos vegetales.  Contiene bioflavonoides c\u00edtricos (Citrus Bioflavonoides Complex\u00ae).  Ayuda a estimular la circulaci\u00f3n y reforzar la elasticidad de los vasos sangu\u00edneos.  Apto para personas cel\u00edacas.  C\u00e1psulas vegetales aptas para dietas veganas y libres de di\u00f3xido de titanio.","robots":{"index":"index","follow":"follow","max-snippet":"max-snippet:-1","max-image-preview":"max-image-preview:large","max-video-preview":"max-video-preview:-1"},"canonical":"https:\/\/alpha.nousdigital.pro\/en\/producto\/vena-forte\/","og_locale":"en_US","og_type":"article","og_title":"VenaForte (60 VegeCaps) - Vitobest - Alpha Supplements","og_description":"Elaborado a partir de extractos vegetales.  Contiene bioflavonoides c\u00edtricos (Citrus Bioflavonoides Complex\u00ae).  Ayuda a estimular la circulaci\u00f3n y reforzar la elasticidad de los vasos sangu\u00edneos.  Apto para personas cel\u00edacas.  C\u00e1psulas vegetales aptas para dietas veganas y libres de di\u00f3xido de titanio.","og_url":"https:\/\/alpha.nousdigital.pro\/en\/producto\/vena-forte\/","og_site_name":"Alpha Supplements","article_modified_time":"2025-07-18T11:08:21+00:00","og_image":[{"width":600,"height":600,"url":"https:\/\/alpha.nousdigital.pro\/wp-content\/uploads\/2023\/09\/VenaForte.jpg","type":"image\/jpeg"}],"twitter_card":"summary_large_image","twitter_misc":{"Est. reading time":"2 minutes"},"schema":{"@context":"https:\/\/schema.org","@graph":[{"@type":["WebPage","ItemPage"],"@id":"https:\/\/alpha.nousdigital.pro\/en\/producto\/vena-forte\/","url":"https:\/\/alpha.nousdigital.pro\/en\/producto\/vena-forte\/","name":"VenaForte (60 VegeCaps) - Vitobest - Alpha Supplements","isPartOf":{"@id":"https:\/\/alpha.nousdigital.pro\/en\/#website"},"primaryImageOfPage":{"@id":"https:\/\/alpha.nousdigital.pro\/en\/producto\/vena-forte\/#primaryimage"},"image":{"@id":"https:\/\/alpha.nousdigital.pro\/en\/producto\/vena-forte\/#primaryimage"},"thumbnailUrl":"https:\/\/alpha.nousdigital.pro\/wp-content\/uploads\/2023\/09\/VenaForte.jpg","datePublished":"2023-02-19T13:27:58+00:00","dateModified":"2025-07-18T11:08:21+00:00","description":"Elaborado a partir de extractos vegetales. Contiene bioflavonoides c\u00edtricos (Citrus Bioflavonoides Complex\u00ae). Ayuda a estimular la circulaci\u00f3n y reforzar la elasticidad de los vasos sangu\u00edneos. Apto para personas cel\u00edacas. C\u00e1psulas vegetales aptas para dietas veganas y libres de di\u00f3xido de titanio.","breadcrumb":{"@id":"https:\/\/alpha.nousdigital.pro\/en\/producto\/vena-forte\/#breadcrumb"},"inLanguage":"en-US","potentialAction":[{"@type":"ReadAction","target":["https:\/\/alpha.nousdigital.pro\/en\/producto\/vena-forte\/"]}]},{"@type":"ImageObject","inLanguage":"en-US","@id":"https:\/\/alpha.nousdigital.pro\/en\/producto\/vena-forte\/#primaryimage","url":"https:\/\/alpha.nousdigital.pro\/wp-content\/uploads\/2023\/09\/VenaForte.jpg","contentUrl":"https:\/\/alpha.nousdigital.pro\/wp-content\/uploads\/2023\/09\/VenaForte.jpg","width":600,"height":600},{"@type":"BreadcrumbList","@id":"https:\/\/alpha.nousdigital.pro\/en\/producto\/vena-forte\/#breadcrumb","itemListElement":[{"@type":"ListItem","position":1,"name":"Portada","item":"https:\/\/alpha.nousdigital.pro\/en\/"},{"@type":"ListItem","position":2,"name":"Shop","item":"https:\/\/alpha.nousdigital.pro\/en\/shop\/"},{"@type":"ListItem","position":3,"name":"VenaForte (60 VegeCaps) &#8211; Vitobest"}]},{"@type":"WebSite","@id":"https:\/\/alpha.nousdigital.pro\/en\/#website","url":"https:\/\/alpha.nousdigital.pro\/en\/","name":"Alpha Supplements","description":"Dietary supplements to support your health","potentialAction":[{"@type":"SearchAction","target":{"@type":"EntryPoint","urlTemplate":"https:\/\/alpha.nousdigital.pro\/en\/?s={search_term_string}"},"query-input":{"@type":"PropertyValueSpecification","valueRequired":true,"valueName":"search_term_string"}}],"inLanguage":"en-US"}]}},"_links":{"self":[{"href":"https:\/\/alpha.nousdigital.pro\/en\/wp-json\/wp\/v2\/product\/875","targetHints":{"allow":["GET"]}}],"collection":[{"href":"https:\/\/alpha.nousdigital.pro\/en\/wp-json\/wp\/v2\/product"}],"about":[{"href":"https:\/\/alpha.nousdigital.pro\/en\/wp-json\/wp\/v2\/types\/product"}],"replies":[{"embeddable":true,"href":"https:\/\/alpha.nousdigital.pro\/en\/wp-json\/wp\/v2\/comments?post=875"}],"wp:featuredmedia":[{"embeddable":true,"href":"https:\/\/alpha.nousdigital.pro\/en\/wp-json\/wp\/v2\/media\/1842"}],"wp:attachment":[{"href":"https:\/\/alpha.nousdigital.pro\/en\/wp-json\/wp\/v2\/media?parent=875"}],"wp:term":[{"taxonomy":"product_brand","embeddable":true,"href":"https:\/\/alpha.nousdigital.pro\/en\/wp-json\/wp\/v2\/product_brand?post=875"},{"taxonomy":"product_cat","embeddable":true,"href":"https:\/\/alpha.nousdigital.pro\/en\/wp-json\/wp\/v2\/product_cat?post=875"},{"taxonomy":"product_tag","embeddable":true,"href":"https:\/\/alpha.nousdigital.pro\/en\/wp-json\/wp\/v2\/product_tag?post=875"}],"curies":[{"name":"wp","href":"https:\/\/api.w.org\/{rel}","templated":true}]}}