
{"id":874,"date":"2023-02-19T13:27:58","date_gmt":"2023-02-19T13:27:58","guid":{"rendered":"https:\/\/alpha.nousdigital.pro\/?post_type=product&#038;p=874"},"modified":"2025-11-09T08:43:16","modified_gmt":"2025-11-09T08:43:16","slug":"hierbas-de-la-noche","status":"publish","type":"product","link":"https:\/\/alpha.nousdigital.pro\/en\/producto\/hierbas-de-la-noche\/","title":{"rendered":"Hierbas de la Noche (60 VegeCaps) &#8211; Vitobest"},"content":{"rendered":"<p><strong>Hierbas de la Noche<\/strong>, de\u00a0<strong>Vitobest\u00ae<\/strong>, es una f\u00f3rmula desarrollada a partir de extractos de plantas con probados\u00a0<strong>efectos relajantes<\/strong>, combinados con magnesio y melatonina,\u00a0<strong>para ayudar a relajar el sistema nervioso, mejorar la predisposici\u00f3n a conciliar el sue\u00f1o y disfrutar de un buen descanso.<\/strong><\/p>\n<p>Un buen descanso es imprescindible para que nuestro organismo se recupere y pueda afrontar los retos del d\u00eda a d\u00eda. Sin embargo, el modo de vida que nos impone la sociedad actual genera estados de estr\u00e9s que en no pocas ocasiones se traducen en alteraciones del sue\u00f1o.<\/p>\n<p><strong>Hierbas de la noche<\/strong>, de\u00a0<strong>Vitobest\u00ae<\/strong>, nos ofrece un remedio natural para combatir el insomnio basado en las propiedades relajantes de la valeriana, el l\u00fapulo, la pasiflora y la cimic\u00edfuga, plantas tradicionalmente utilizadas con este fin; en uni\u00f3n con la melatonina (hormona natural que produce nuestro organismo en condiciones normales y que disminuye el tiempo necesario para conciliar el sue\u00f1o) y el magnesio (mineral que reduce el cansancio y la fatiga).<\/p>\n<p>Este producto se fabrica cumpliendo los m\u00e1s estrictos\u00a0<strong>est\u00e1ndares de calidad<\/strong>, utilizando solo extractos titulados de la m\u00e1xima concentraci\u00f3n, recolectados en lugares donde la planta crece de forma natural.<\/p>\n<p><strong>Vitobest\u00ae<\/strong>\u00a0utiliza para este suplemento\u00a0<strong>c\u00e1psulas vegetales<\/strong>\u00a0(VegeCaps)\u00a0<strong>aptas para dietas veganas<\/strong>.<\/p>\n<p><strong>Declaraciones del producto (claims):<\/strong><\/p>\n<ul>\n<li>El magnesio ayuda a disminuir el cansancio y la fatiga.<\/li>\n<li>La melatonina disminuye el tiempo necesario para conciliar el sue\u00f1o.<\/li>\n<\/ul>\n<p>&nbsp;<\/p>\n<p><img fetchpriority=\"high\" decoding=\"async\" src=\"https:\/\/www.vitobest.com\/img\/cms\/VegeCaps-(Vitobest)-(Banner).jpg\" alt=\"VegeCaps\" width=\"1000\" height=\"250\" \/><\/p>\n","protected":false},"excerpt":{"rendered":"<ul>\n<li>Mezcla de extractos vegetales con probados efectos relajantes.<\/li>\n<li>Contiene magnesio y melatonina.<\/li>\n<li>Ayuda a disminuir el tiempo necesario para conciliar el sue\u00f1o.<\/li>\n<li>Contribuye a disminuir el cansancio y la fatiga.<\/li>\n<li>Apto para personas cel\u00edacas.<\/li>\n<li>C\u00e1psulas vegetales aptas para dietas veganas.<\/li>\n<\/ul>\n","protected":false},"featured_media":1841,"comment_status":"closed","ping_status":"closed","template":"","meta":[],"product_brand":[665],"product_cat":[53],"product_tag":[126,128,127],"class_list":{"0":"post-874","1":"product","2":"type-product","3":"status-publish","4":"has-post-thumbnail","6":"product_brand-vitobest","7":"product_cat-salud","8":"product_tag-hierbas","9":"product_tag-hierbasnoche","10":"product_tag-noche","12":"first","13":"onbackorder","14":"shipping-taxable","15":"purchasable","16":"product-type-simple"},"gallery_images":[],"yoast_head":"<!-- This site is optimized with the Yoast SEO plugin v23.4 - https:\/\/yoast.com\/wordpress\/plugins\/seo\/ -->\n<title>Hierbas de la Noche (60 VegeCaps) - Vitobest - Alpha Supplements<\/title>\n<meta name=\"description\" content=\"Mezcla de extractos vegetales con probados efectos relajantes.  Contiene magnesio y melatonina.  Ayuda a disminuir el tiempo necesario para conciliar el sue\u00f1o.  Contribuye a disminuir el cansancio y la fatiga.  Apto para personas cel\u00edacas.  C\u00e1psulas vegetales aptas para dietas veganas.\" \/>\n<meta name=\"robots\" content=\"index, follow, max-snippet:-1, max-image-preview:large, max-video-preview:-1\" \/>\n<link rel=\"canonical\" href=\"https:\/\/alpha.nousdigital.pro\/en\/producto\/hierbas-de-la-noche\/\" \/>\n<meta property=\"og:locale\" content=\"en_US\" \/>\n<meta property=\"og:type\" content=\"article\" \/>\n<meta property=\"og:title\" content=\"Hierbas de la Noche (60 VegeCaps) - Vitobest - Alpha Supplements\" \/>\n<meta property=\"og:description\" content=\"Mezcla de extractos vegetales con probados efectos relajantes.  Contiene magnesio y melatonina.  Ayuda a disminuir el tiempo necesario para conciliar el sue\u00f1o.  Contribuye a disminuir el cansancio y la fatiga.  Apto para personas cel\u00edacas.  C\u00e1psulas vegetales aptas para dietas veganas.\" \/>\n<meta property=\"og:url\" content=\"https:\/\/alpha.nousdigital.pro\/en\/producto\/hierbas-de-la-noche\/\" \/>\n<meta property=\"og:site_name\" content=\"Alpha Supplements\" \/>\n<meta property=\"article:modified_time\" content=\"2025-11-09T08:43:16+00:00\" \/>\n<meta property=\"og:image\" content=\"https:\/\/alpha.nousdigital.pro\/wp-content\/uploads\/2023\/09\/Hierbas-de-la-Noche.jpg\" \/>\n\t<meta property=\"og:image:width\" content=\"600\" \/>\n\t<meta property=\"og:image:height\" content=\"600\" \/>\n\t<meta property=\"og:image:type\" content=\"image\/jpeg\" \/>\n<meta name=\"twitter:card\" content=\"summary_large_image\" \/>\n<meta name=\"twitter:label1\" content=\"Est. reading time\" \/>\n\t<meta name=\"twitter:data1\" content=\"2 minutes\" \/>\n<script type=\"application\/ld+json\" class=\"yoast-schema-graph\">{\"@context\":\"https:\/\/schema.org\",\"@graph\":[{\"@type\":[\"WebPage\",\"ItemPage\"],\"@id\":\"https:\/\/alpha.nousdigital.pro\/en\/producto\/hierbas-de-la-noche\/\",\"url\":\"https:\/\/alpha.nousdigital.pro\/en\/producto\/hierbas-de-la-noche\/\",\"name\":\"Hierbas de la Noche (60 VegeCaps) - Vitobest - Alpha Supplements\",\"isPartOf\":{\"@id\":\"https:\/\/alpha.nousdigital.pro\/en\/#website\"},\"primaryImageOfPage\":{\"@id\":\"https:\/\/alpha.nousdigital.pro\/en\/producto\/hierbas-de-la-noche\/#primaryimage\"},\"image\":{\"@id\":\"https:\/\/alpha.nousdigital.pro\/en\/producto\/hierbas-de-la-noche\/#primaryimage\"},\"thumbnailUrl\":\"https:\/\/alpha.nousdigital.pro\/wp-content\/uploads\/2023\/09\/Hierbas-de-la-Noche.jpg\",\"datePublished\":\"2023-02-19T13:27:58+00:00\",\"dateModified\":\"2025-11-09T08:43:16+00:00\",\"description\":\"Mezcla de extractos vegetales con probados efectos relajantes. Contiene magnesio y melatonina. Ayuda a disminuir el tiempo necesario para conciliar el sue\u00f1o. Contribuye a disminuir el cansancio y la fatiga. Apto para personas cel\u00edacas. C\u00e1psulas vegetales aptas para dietas veganas.\",\"breadcrumb\":{\"@id\":\"https:\/\/alpha.nousdigital.pro\/en\/producto\/hierbas-de-la-noche\/#breadcrumb\"},\"inLanguage\":\"en-US\",\"potentialAction\":[{\"@type\":\"ReadAction\",\"target\":[\"https:\/\/alpha.nousdigital.pro\/en\/producto\/hierbas-de-la-noche\/\"]}]},{\"@type\":\"ImageObject\",\"inLanguage\":\"en-US\",\"@id\":\"https:\/\/alpha.nousdigital.pro\/en\/producto\/hierbas-de-la-noche\/#primaryimage\",\"url\":\"https:\/\/alpha.nousdigital.pro\/wp-content\/uploads\/2023\/09\/Hierbas-de-la-Noche.jpg\",\"contentUrl\":\"https:\/\/alpha.nousdigital.pro\/wp-content\/uploads\/2023\/09\/Hierbas-de-la-Noche.jpg\",\"width\":600,\"height\":600},{\"@type\":\"BreadcrumbList\",\"@id\":\"https:\/\/alpha.nousdigital.pro\/en\/producto\/hierbas-de-la-noche\/#breadcrumb\",\"itemListElement\":[{\"@type\":\"ListItem\",\"position\":1,\"name\":\"Portada\",\"item\":\"https:\/\/alpha.nousdigital.pro\/en\/\"},{\"@type\":\"ListItem\",\"position\":2,\"name\":\"Shop\",\"item\":\"https:\/\/alpha.nousdigital.pro\/en\/shop\/\"},{\"@type\":\"ListItem\",\"position\":3,\"name\":\"Hierbas de la Noche (60 VegeCaps) &#8211; Vitobest\"}]},{\"@type\":\"WebSite\",\"@id\":\"https:\/\/alpha.nousdigital.pro\/en\/#website\",\"url\":\"https:\/\/alpha.nousdigital.pro\/en\/\",\"name\":\"Alpha Supplements\",\"description\":\"Dietary supplements to support your health\",\"potentialAction\":[{\"@type\":\"SearchAction\",\"target\":{\"@type\":\"EntryPoint\",\"urlTemplate\":\"https:\/\/alpha.nousdigital.pro\/en\/?s={search_term_string}\"},\"query-input\":{\"@type\":\"PropertyValueSpecification\",\"valueRequired\":true,\"valueName\":\"search_term_string\"}}],\"inLanguage\":\"en-US\"}]}<\/script>\n<!-- \/ Yoast SEO plugin. -->","yoast_head_json":{"title":"Hierbas de la Noche (60 VegeCaps) - Vitobest - Alpha Supplements","description":"Mezcla de extractos vegetales con probados efectos relajantes.  Contiene magnesio y melatonina.  Ayuda a disminuir el tiempo necesario para conciliar el sue\u00f1o.  Contribuye a disminuir el cansancio y la fatiga.  Apto para personas cel\u00edacas.  C\u00e1psulas vegetales aptas para dietas veganas.","robots":{"index":"index","follow":"follow","max-snippet":"max-snippet:-1","max-image-preview":"max-image-preview:large","max-video-preview":"max-video-preview:-1"},"canonical":"https:\/\/alpha.nousdigital.pro\/en\/producto\/hierbas-de-la-noche\/","og_locale":"en_US","og_type":"article","og_title":"Hierbas de la Noche (60 VegeCaps) - Vitobest - Alpha Supplements","og_description":"Mezcla de extractos vegetales con probados efectos relajantes.  Contiene magnesio y melatonina.  Ayuda a disminuir el tiempo necesario para conciliar el sue\u00f1o.  Contribuye a disminuir el cansancio y la fatiga.  Apto para personas cel\u00edacas.  C\u00e1psulas vegetales aptas para dietas veganas.","og_url":"https:\/\/alpha.nousdigital.pro\/en\/producto\/hierbas-de-la-noche\/","og_site_name":"Alpha Supplements","article_modified_time":"2025-11-09T08:43:16+00:00","og_image":[{"width":600,"height":600,"url":"https:\/\/alpha.nousdigital.pro\/wp-content\/uploads\/2023\/09\/Hierbas-de-la-Noche.jpg","type":"image\/jpeg"}],"twitter_card":"summary_large_image","twitter_misc":{"Est. reading time":"2 minutes"},"schema":{"@context":"https:\/\/schema.org","@graph":[{"@type":["WebPage","ItemPage"],"@id":"https:\/\/alpha.nousdigital.pro\/en\/producto\/hierbas-de-la-noche\/","url":"https:\/\/alpha.nousdigital.pro\/en\/producto\/hierbas-de-la-noche\/","name":"Hierbas de la Noche (60 VegeCaps) - Vitobest - Alpha Supplements","isPartOf":{"@id":"https:\/\/alpha.nousdigital.pro\/en\/#website"},"primaryImageOfPage":{"@id":"https:\/\/alpha.nousdigital.pro\/en\/producto\/hierbas-de-la-noche\/#primaryimage"},"image":{"@id":"https:\/\/alpha.nousdigital.pro\/en\/producto\/hierbas-de-la-noche\/#primaryimage"},"thumbnailUrl":"https:\/\/alpha.nousdigital.pro\/wp-content\/uploads\/2023\/09\/Hierbas-de-la-Noche.jpg","datePublished":"2023-02-19T13:27:58+00:00","dateModified":"2025-11-09T08:43:16+00:00","description":"Mezcla de extractos vegetales con probados efectos relajantes. Contiene magnesio y melatonina. Ayuda a disminuir el tiempo necesario para conciliar el sue\u00f1o. Contribuye a disminuir el cansancio y la fatiga. Apto para personas cel\u00edacas. C\u00e1psulas vegetales aptas para dietas veganas.","breadcrumb":{"@id":"https:\/\/alpha.nousdigital.pro\/en\/producto\/hierbas-de-la-noche\/#breadcrumb"},"inLanguage":"en-US","potentialAction":[{"@type":"ReadAction","target":["https:\/\/alpha.nousdigital.pro\/en\/producto\/hierbas-de-la-noche\/"]}]},{"@type":"ImageObject","inLanguage":"en-US","@id":"https:\/\/alpha.nousdigital.pro\/en\/producto\/hierbas-de-la-noche\/#primaryimage","url":"https:\/\/alpha.nousdigital.pro\/wp-content\/uploads\/2023\/09\/Hierbas-de-la-Noche.jpg","contentUrl":"https:\/\/alpha.nousdigital.pro\/wp-content\/uploads\/2023\/09\/Hierbas-de-la-Noche.jpg","width":600,"height":600},{"@type":"BreadcrumbList","@id":"https:\/\/alpha.nousdigital.pro\/en\/producto\/hierbas-de-la-noche\/#breadcrumb","itemListElement":[{"@type":"ListItem","position":1,"name":"Portada","item":"https:\/\/alpha.nousdigital.pro\/en\/"},{"@type":"ListItem","position":2,"name":"Shop","item":"https:\/\/alpha.nousdigital.pro\/en\/shop\/"},{"@type":"ListItem","position":3,"name":"Hierbas de la Noche (60 VegeCaps) &#8211; Vitobest"}]},{"@type":"WebSite","@id":"https:\/\/alpha.nousdigital.pro\/en\/#website","url":"https:\/\/alpha.nousdigital.pro\/en\/","name":"Alpha Supplements","description":"Dietary supplements to support your health","potentialAction":[{"@type":"SearchAction","target":{"@type":"EntryPoint","urlTemplate":"https:\/\/alpha.nousdigital.pro\/en\/?s={search_term_string}"},"query-input":{"@type":"PropertyValueSpecification","valueRequired":true,"valueName":"search_term_string"}}],"inLanguage":"en-US"}]}},"_links":{"self":[{"href":"https:\/\/alpha.nousdigital.pro\/en\/wp-json\/wp\/v2\/product\/874","targetHints":{"allow":["GET"]}}],"collection":[{"href":"https:\/\/alpha.nousdigital.pro\/en\/wp-json\/wp\/v2\/product"}],"about":[{"href":"https:\/\/alpha.nousdigital.pro\/en\/wp-json\/wp\/v2\/types\/product"}],"replies":[{"embeddable":true,"href":"https:\/\/alpha.nousdigital.pro\/en\/wp-json\/wp\/v2\/comments?post=874"}],"wp:featuredmedia":[{"embeddable":true,"href":"https:\/\/alpha.nousdigital.pro\/en\/wp-json\/wp\/v2\/media\/1841"}],"wp:attachment":[{"href":"https:\/\/alpha.nousdigital.pro\/en\/wp-json\/wp\/v2\/media?parent=874"}],"wp:term":[{"taxonomy":"product_brand","embeddable":true,"href":"https:\/\/alpha.nousdigital.pro\/en\/wp-json\/wp\/v2\/product_brand?post=874"},{"taxonomy":"product_cat","embeddable":true,"href":"https:\/\/alpha.nousdigital.pro\/en\/wp-json\/wp\/v2\/product_cat?post=874"},{"taxonomy":"product_tag","embeddable":true,"href":"https:\/\/alpha.nousdigital.pro\/en\/wp-json\/wp\/v2\/product_tag?post=874"}],"curies":[{"name":"wp","href":"https:\/\/api.w.org\/{rel}","templated":true}]}}