
{"id":873,"date":"2023-02-19T13:27:58","date_gmt":"2023-02-19T13:27:58","guid":{"rendered":"https:\/\/alpha.nousdigital.pro\/?post_type=product&#038;p=873"},"modified":"2025-07-13T08:52:05","modified_gmt":"2025-07-13T08:52:05","slug":"floramix","status":"publish","type":"product","link":"https:\/\/alpha.nousdigital.pro\/en\/producto\/floramix\/","title":{"rendered":"Floramix (60 VegeCaps) &#8211; Vitobest"},"content":{"rendered":"<p><strong>VitOBest FLORAMIX<\/strong> se presenta como un combinado de bacterias probi\u00f3ticas reconstituyentes y regeneradores de la microbiota y ambiente intestinal.\u00a0<strong>FLORAVITAL<\/strong>\u00a0est\u00e1 compuesto por el combinado de bacterias en concentraciones determinadas.<\/p>\n<p><em>Entre los efectos nutricionales de los prebi\u00f3ticos est\u00e1 el de mejorar la digestibilidad de los alimentos. Gracias al aporte enzim\u00e1tico, la flora probi\u00f3tica contribuye a mejorar la digesti\u00f3n de los alimentos, y favorece, sobre todo, la digesti\u00f3n de las prote\u00ednas (Cao, Y. C., & Fern\u00e1ndez, A. F., 2005).\u00a0<\/em><\/p>\n<p>Ante la mayor demanda de suplementos y avances m\u00e9dicos encaminados a la mejor\u00eda del sistema inmune , existe una evidencia cada vez mayor acerca de la importancia del<strong>\u00a0equilibrio de la flora intestinal.<\/strong>\u00a0Procesos como la digesti\u00f3n y correcta absorci\u00f3n de nutrientes, funci\u00f3n entero-hep\u00e1tica , la acci\u00f3n de barrera mec\u00e1nica ante ant\u00edgenos y mol\u00e9culas externas o la correcta modulaci\u00f3n del sistema inmunol\u00f3gico est\u00e1n \u00edntimamente ligados al equilibrio de la flora intestinal.<\/p>\n<p><strong>Flora Mix<\/strong>\u00a0es un complemento alimenticio que contiene seis cepas probi\u00f3ticas: Bifidobacterium lactis, Bifidobacterium breve, Bifidobacterium longum, Lactobacillus paracasei y dos cepas de Lactobacillus rhamnosus. Todas las cepas incluidas en la formulaci\u00f3n de este producto han sido seleccionadas siguiendo las directrices de la\u00a0<strong>Food and Agriculture Organisation (FAO) y la Organizaci\u00f3n Mundial de la Salud (OMS).<\/strong><\/p>\n<p>La identificaci\u00f3n taxon\u00f3mica de todas las cepas se ha llevado a cabo a nivel de g\u00e9nero y especie mediante secuenciaci\u00f3n del ADN ribosomico (ADNr) 16S. La seguridad de cada una de ellas se ha demostrado con estudios in vitro (producci\u00f3n de \u00e1cido l\u00e1ctico, aminas bi\u00f3genas e hidr\u00f3lisis de sales biliares) as\u00ed como con ensayos in vivo de toxicidad aguda en ratones inmunocompetentes e inmunodeprimidos. Tambi\u00e9n se ha secuenciado el genoma completo de todas las cepas para verificar que no existen genes de virulencia ni resistencia a antibi\u00f3ticos mediante pirosecuenciaci\u00f3n en la plataforma 454 Life Science-Roche.<\/p>\n","protected":false},"excerpt":{"rendered":"<ul>\n<li>Contribuye a mejorar la digesti\u00f3n, absorci\u00f3n y biodisponibilidad de nutrientes.<\/li>\n<li>Ayuda a regenerar y equilibrar la microbiota intestinal.<\/li>\n<li>Puede favorecer la absorci\u00f3n de calcio a nivel intestinal.<\/li>\n<li>Ayuda a mantener estables las colonias de probi\u00f3ticos en la microbiota intestinal.<\/li>\n<li>No provoca molestias ni aumenta la resistencia a los antibi\u00f3ticos.<\/li>\n<li>Tributa al control de la bacteria\u00a0Helicobacter pylori\u00a0sin alterar la microbiota del intestino.<\/li>\n<\/ul>\n","protected":false},"featured_media":1840,"comment_status":"closed","ping_status":"closed","template":"","meta":[],"product_brand":[665],"product_cat":[53],"product_tag":[134],"class_list":{"0":"post-873","1":"product","2":"type-product","3":"status-publish","4":"has-post-thumbnail","6":"product_brand-vitobest","7":"product_cat-salud","8":"product_tag-floramix","10":"first","11":"instock","12":"shipping-taxable","13":"purchasable","14":"product-type-simple"},"gallery_images":[],"yoast_head":"<!-- This site is optimized with the Yoast SEO plugin v23.4 - https:\/\/yoast.com\/wordpress\/plugins\/seo\/ -->\n<title>Floramix (60 VegeCaps) - Vitobest - Alpha Supplements<\/title>\n<meta name=\"description\" content=\"Contribuye a mejorar la digesti\u00f3n, absorci\u00f3n y biodisponibilidad de nutrientes.  Ayuda a regenerar y equilibrar la microbiota intestinal.  Puede favorecer la absorci\u00f3n de calcio a nivel intestinal.  Ayuda a mantener estables las colonias de probi\u00f3ticos en la microbiota intestinal.  No provoca molestias ni aumenta la resistencia a los antibi\u00f3ticos.  Tributa al control de la bacteria\u00a0Helicobacter pylori\u00a0sin alterar la microbiota del intestino.\" \/>\n<meta name=\"robots\" content=\"index, follow, max-snippet:-1, max-image-preview:large, max-video-preview:-1\" \/>\n<link rel=\"canonical\" href=\"https:\/\/alpha.nousdigital.pro\/en\/producto\/floramix\/\" \/>\n<meta property=\"og:locale\" content=\"en_US\" \/>\n<meta property=\"og:type\" content=\"article\" \/>\n<meta property=\"og:title\" content=\"Floramix (60 VegeCaps) - Vitobest - Alpha Supplements\" \/>\n<meta property=\"og:description\" content=\"Contribuye a mejorar la digesti\u00f3n, absorci\u00f3n y biodisponibilidad de nutrientes.  Ayuda a regenerar y equilibrar la microbiota intestinal.  Puede favorecer la absorci\u00f3n de calcio a nivel intestinal.  Ayuda a mantener estables las colonias de probi\u00f3ticos en la microbiota intestinal.  No provoca molestias ni aumenta la resistencia a los antibi\u00f3ticos.  Tributa al control de la bacteria\u00a0Helicobacter pylori\u00a0sin alterar la microbiota del intestino.\" \/>\n<meta property=\"og:url\" content=\"https:\/\/alpha.nousdigital.pro\/en\/producto\/floramix\/\" \/>\n<meta property=\"og:site_name\" content=\"Alpha Supplements\" \/>\n<meta property=\"article:modified_time\" content=\"2025-07-13T08:52:05+00:00\" \/>\n<meta property=\"og:image\" content=\"https:\/\/alpha.nousdigital.pro\/wp-content\/uploads\/2023\/09\/Floramix.jpg\" \/>\n\t<meta property=\"og:image:width\" content=\"450\" \/>\n\t<meta property=\"og:image:height\" content=\"450\" \/>\n\t<meta property=\"og:image:type\" content=\"image\/jpeg\" \/>\n<meta name=\"twitter:card\" content=\"summary_large_image\" \/>\n<meta name=\"twitter:label1\" content=\"Est. reading time\" \/>\n\t<meta name=\"twitter:data1\" content=\"2 minutes\" \/>\n<script type=\"application\/ld+json\" class=\"yoast-schema-graph\">{\"@context\":\"https:\/\/schema.org\",\"@graph\":[{\"@type\":[\"WebPage\",\"ItemPage\"],\"@id\":\"https:\/\/alpha.nousdigital.pro\/en\/producto\/floramix\/\",\"url\":\"https:\/\/alpha.nousdigital.pro\/en\/producto\/floramix\/\",\"name\":\"Floramix (60 VegeCaps) - Vitobest - Alpha Supplements\",\"isPartOf\":{\"@id\":\"https:\/\/alpha.nousdigital.pro\/en\/#website\"},\"primaryImageOfPage\":{\"@id\":\"https:\/\/alpha.nousdigital.pro\/en\/producto\/floramix\/#primaryimage\"},\"image\":{\"@id\":\"https:\/\/alpha.nousdigital.pro\/en\/producto\/floramix\/#primaryimage\"},\"thumbnailUrl\":\"https:\/\/alpha.nousdigital.pro\/wp-content\/uploads\/2023\/09\/Floramix.jpg\",\"datePublished\":\"2023-02-19T13:27:58+00:00\",\"dateModified\":\"2025-07-13T08:52:05+00:00\",\"description\":\"Contribuye a mejorar la digesti\u00f3n, absorci\u00f3n y biodisponibilidad de nutrientes. Ayuda a regenerar y equilibrar la microbiota intestinal. Puede favorecer la absorci\u00f3n de calcio a nivel intestinal. Ayuda a mantener estables las colonias de probi\u00f3ticos en la microbiota intestinal. No provoca molestias ni aumenta la resistencia a los antibi\u00f3ticos. Tributa al control de la bacteria\u00a0Helicobacter pylori\u00a0sin alterar la microbiota del intestino.\",\"breadcrumb\":{\"@id\":\"https:\/\/alpha.nousdigital.pro\/en\/producto\/floramix\/#breadcrumb\"},\"inLanguage\":\"en-US\",\"potentialAction\":[{\"@type\":\"ReadAction\",\"target\":[\"https:\/\/alpha.nousdigital.pro\/en\/producto\/floramix\/\"]}]},{\"@type\":\"ImageObject\",\"inLanguage\":\"en-US\",\"@id\":\"https:\/\/alpha.nousdigital.pro\/en\/producto\/floramix\/#primaryimage\",\"url\":\"https:\/\/alpha.nousdigital.pro\/wp-content\/uploads\/2023\/09\/Floramix.jpg\",\"contentUrl\":\"https:\/\/alpha.nousdigital.pro\/wp-content\/uploads\/2023\/09\/Floramix.jpg\",\"width\":450,\"height\":450},{\"@type\":\"BreadcrumbList\",\"@id\":\"https:\/\/alpha.nousdigital.pro\/en\/producto\/floramix\/#breadcrumb\",\"itemListElement\":[{\"@type\":\"ListItem\",\"position\":1,\"name\":\"Portada\",\"item\":\"https:\/\/alpha.nousdigital.pro\/en\/\"},{\"@type\":\"ListItem\",\"position\":2,\"name\":\"Shop\",\"item\":\"https:\/\/alpha.nousdigital.pro\/en\/shop\/\"},{\"@type\":\"ListItem\",\"position\":3,\"name\":\"Floramix (60 VegeCaps) &#8211; Vitobest\"}]},{\"@type\":\"WebSite\",\"@id\":\"https:\/\/alpha.nousdigital.pro\/en\/#website\",\"url\":\"https:\/\/alpha.nousdigital.pro\/en\/\",\"name\":\"Alpha Supplements\",\"description\":\"Dietary supplements to support your health\",\"potentialAction\":[{\"@type\":\"SearchAction\",\"target\":{\"@type\":\"EntryPoint\",\"urlTemplate\":\"https:\/\/alpha.nousdigital.pro\/en\/?s={search_term_string}\"},\"query-input\":{\"@type\":\"PropertyValueSpecification\",\"valueRequired\":true,\"valueName\":\"search_term_string\"}}],\"inLanguage\":\"en-US\"}]}<\/script>\n<!-- \/ Yoast SEO plugin. -->","yoast_head_json":{"title":"Floramix (60 VegeCaps) - Vitobest - Alpha Supplements","description":"Contribuye a mejorar la digesti\u00f3n, absorci\u00f3n y biodisponibilidad de nutrientes.  Ayuda a regenerar y equilibrar la microbiota intestinal.  Puede favorecer la absorci\u00f3n de calcio a nivel intestinal.  Ayuda a mantener estables las colonias de probi\u00f3ticos en la microbiota intestinal.  No provoca molestias ni aumenta la resistencia a los antibi\u00f3ticos.  Tributa al control de la bacteria\u00a0Helicobacter pylori\u00a0sin alterar la microbiota del intestino.","robots":{"index":"index","follow":"follow","max-snippet":"max-snippet:-1","max-image-preview":"max-image-preview:large","max-video-preview":"max-video-preview:-1"},"canonical":"https:\/\/alpha.nousdigital.pro\/en\/producto\/floramix\/","og_locale":"en_US","og_type":"article","og_title":"Floramix (60 VegeCaps) - Vitobest - Alpha Supplements","og_description":"Contribuye a mejorar la digesti\u00f3n, absorci\u00f3n y biodisponibilidad de nutrientes.  Ayuda a regenerar y equilibrar la microbiota intestinal.  Puede favorecer la absorci\u00f3n de calcio a nivel intestinal.  Ayuda a mantener estables las colonias de probi\u00f3ticos en la microbiota intestinal.  No provoca molestias ni aumenta la resistencia a los antibi\u00f3ticos.  Tributa al control de la bacteria\u00a0Helicobacter pylori\u00a0sin alterar la microbiota del intestino.","og_url":"https:\/\/alpha.nousdigital.pro\/en\/producto\/floramix\/","og_site_name":"Alpha Supplements","article_modified_time":"2025-07-13T08:52:05+00:00","og_image":[{"width":450,"height":450,"url":"https:\/\/alpha.nousdigital.pro\/wp-content\/uploads\/2023\/09\/Floramix.jpg","type":"image\/jpeg"}],"twitter_card":"summary_large_image","twitter_misc":{"Est. reading time":"2 minutes"},"schema":{"@context":"https:\/\/schema.org","@graph":[{"@type":["WebPage","ItemPage"],"@id":"https:\/\/alpha.nousdigital.pro\/en\/producto\/floramix\/","url":"https:\/\/alpha.nousdigital.pro\/en\/producto\/floramix\/","name":"Floramix (60 VegeCaps) - Vitobest - Alpha Supplements","isPartOf":{"@id":"https:\/\/alpha.nousdigital.pro\/en\/#website"},"primaryImageOfPage":{"@id":"https:\/\/alpha.nousdigital.pro\/en\/producto\/floramix\/#primaryimage"},"image":{"@id":"https:\/\/alpha.nousdigital.pro\/en\/producto\/floramix\/#primaryimage"},"thumbnailUrl":"https:\/\/alpha.nousdigital.pro\/wp-content\/uploads\/2023\/09\/Floramix.jpg","datePublished":"2023-02-19T13:27:58+00:00","dateModified":"2025-07-13T08:52:05+00:00","description":"Contribuye a mejorar la digesti\u00f3n, absorci\u00f3n y biodisponibilidad de nutrientes. Ayuda a regenerar y equilibrar la microbiota intestinal. Puede favorecer la absorci\u00f3n de calcio a nivel intestinal. Ayuda a mantener estables las colonias de probi\u00f3ticos en la microbiota intestinal. No provoca molestias ni aumenta la resistencia a los antibi\u00f3ticos. Tributa al control de la bacteria\u00a0Helicobacter pylori\u00a0sin alterar la microbiota del intestino.","breadcrumb":{"@id":"https:\/\/alpha.nousdigital.pro\/en\/producto\/floramix\/#breadcrumb"},"inLanguage":"en-US","potentialAction":[{"@type":"ReadAction","target":["https:\/\/alpha.nousdigital.pro\/en\/producto\/floramix\/"]}]},{"@type":"ImageObject","inLanguage":"en-US","@id":"https:\/\/alpha.nousdigital.pro\/en\/producto\/floramix\/#primaryimage","url":"https:\/\/alpha.nousdigital.pro\/wp-content\/uploads\/2023\/09\/Floramix.jpg","contentUrl":"https:\/\/alpha.nousdigital.pro\/wp-content\/uploads\/2023\/09\/Floramix.jpg","width":450,"height":450},{"@type":"BreadcrumbList","@id":"https:\/\/alpha.nousdigital.pro\/en\/producto\/floramix\/#breadcrumb","itemListElement":[{"@type":"ListItem","position":1,"name":"Portada","item":"https:\/\/alpha.nousdigital.pro\/en\/"},{"@type":"ListItem","position":2,"name":"Shop","item":"https:\/\/alpha.nousdigital.pro\/en\/shop\/"},{"@type":"ListItem","position":3,"name":"Floramix (60 VegeCaps) &#8211; Vitobest"}]},{"@type":"WebSite","@id":"https:\/\/alpha.nousdigital.pro\/en\/#website","url":"https:\/\/alpha.nousdigital.pro\/en\/","name":"Alpha Supplements","description":"Dietary supplements to support your health","potentialAction":[{"@type":"SearchAction","target":{"@type":"EntryPoint","urlTemplate":"https:\/\/alpha.nousdigital.pro\/en\/?s={search_term_string}"},"query-input":{"@type":"PropertyValueSpecification","valueRequired":true,"valueName":"search_term_string"}}],"inLanguage":"en-US"}]}},"_links":{"self":[{"href":"https:\/\/alpha.nousdigital.pro\/en\/wp-json\/wp\/v2\/product\/873","targetHints":{"allow":["GET"]}}],"collection":[{"href":"https:\/\/alpha.nousdigital.pro\/en\/wp-json\/wp\/v2\/product"}],"about":[{"href":"https:\/\/alpha.nousdigital.pro\/en\/wp-json\/wp\/v2\/types\/product"}],"replies":[{"embeddable":true,"href":"https:\/\/alpha.nousdigital.pro\/en\/wp-json\/wp\/v2\/comments?post=873"}],"wp:featuredmedia":[{"embeddable":true,"href":"https:\/\/alpha.nousdigital.pro\/en\/wp-json\/wp\/v2\/media\/1840"}],"wp:attachment":[{"href":"https:\/\/alpha.nousdigital.pro\/en\/wp-json\/wp\/v2\/media?parent=873"}],"wp:term":[{"taxonomy":"product_brand","embeddable":true,"href":"https:\/\/alpha.nousdigital.pro\/en\/wp-json\/wp\/v2\/product_brand?post=873"},{"taxonomy":"product_cat","embeddable":true,"href":"https:\/\/alpha.nousdigital.pro\/en\/wp-json\/wp\/v2\/product_cat?post=873"},{"taxonomy":"product_tag","embeddable":true,"href":"https:\/\/alpha.nousdigital.pro\/en\/wp-json\/wp\/v2\/product_tag?post=873"}],"curies":[{"name":"wp","href":"https:\/\/api.w.org\/{rel}","templated":true}]}}