
{"id":872,"date":"2023-02-19T13:27:58","date_gmt":"2023-02-19T13:27:58","guid":{"rendered":"https:\/\/alpha.nousdigital.pro\/?post_type=product&#038;p=872"},"modified":"2025-12-03T19:39:12","modified_gmt":"2025-12-03T19:39:12","slug":"es3","status":"publish","type":"product","link":"https:\/\/alpha.nousdigital.pro\/en\/producto\/es3\/","title":{"rendered":"ES3 (60 VegeCaps) &#8211; Vitobest"},"content":{"rendered":"<p><strong>ES3<\/strong>, de\u00a0<strong>Vitobest\u00ae<\/strong>, es una f\u00f3rmula especialmente elaborada para ayudarnos a relajar la mente y el cuerpo, mantener nuestra salud cognitiva, y mejorar el tiempo de recuperaci\u00f3n post-ejercicio.<\/p>\n<p><strong>En la obtenci\u00f3n de ES3, Vitobest\u00ae incorpora ingredientes que ayudan a disminuir los niveles de estr\u00e9s:<\/strong><\/p>\n<ul>\n<li><strong>Fosfatidilserina:<\/strong>\u00a0fosfol\u00edpido capaz de potenciar la memoria y disminuir el deterioro de la misma por causa del envejecimiento<sup>1<\/sup>\u00a0y el estr\u00e9s<sup>2<\/sup>. Adem\u00e1s, puede acelerar la recuperaci\u00f3n post-ejercicio, prevenir el dolor muscular y disminuir la concentraci\u00f3n de cortisol<sup>3<\/sup>\u00a0(hormona relacionada con el aumento de los niveles de estr\u00e9s).<\/li>\n<li><strong>Teanina:<\/strong>\u00a0amino\u00e1cido capaz de atravesar la barrera hematoencef\u00e1lica y actuar directamente sobre los centros de producci\u00f3n de dopamina, serotonina y \u00e1cido gamma aminobut\u00edrico (GABA); posibilitando un aumento del estado de placer<sup>4<\/sup>\u00a0y una disminuci\u00f3n en los niveles de estr\u00e9s y ansiedad<sup>5<\/sup>.<\/li>\n<li><strong>Extracto de regaliz (<em>Glycyrrhiza glabra<\/em>):<\/strong>\u00a0contiene \u00e1cido glicirric\u00ednico, que act\u00faa directamente sobre la gl\u00e1ndula suprarrenal inhibiendo el metabolismo del cortisol.<\/li>\n<li><strong>Extracto de\u00a0<em>Rhodiola rosea<\/em>:<\/strong>\u00a0ejerce un efecto anti fatiga que puede incrementar el rendimiento mental y disminuir la respuesta del cortisol frente el estr\u00e9s<sup>6<\/sup>.<\/li>\n<\/ul>\n<p><strong>Vitobest\u00ae<\/strong>\u00a0utiliza para este suplemento\u00a0<strong>c\u00e1psulas vegetales<\/strong>\u00a0(VegeCaps)\u00a0<strong>aptas para dietas veganas<\/strong>.<\/p>\n<p>&nbsp;<\/p>\n<p><img fetchpriority=\"high\" decoding=\"async\" src=\"https:\/\/www.vitobest.com\/img\/cms\/VegeCaps-(Vitobest)-(Banner).jpg\" alt=\"VegeCaps\" width=\"1000\" height=\"250\" \/><\/p>\n<p>&nbsp;<\/p>\n<h6><strong>Bibliograf\u00eda:<\/strong><\/h6>\n<h6><sup>1<\/sup>\u201cEffects of phosphatidylserine in age\u2010associated memory impairment\u00bb. T. H. Crook, PhD et al. (mayo de 1991). Neurology 41 (5): 644-649.<\/h6>\n<h6><sup>2<\/sup>\u201cMilk-based phospholipids increase morning cortisol availability and improve memory in chronically stressed men\u00bb. Melanie Schubert et al. (junio de 2011). Nutrition Research 31 (6): 413\u2013420.<\/h6>\n<h6><sup>3<\/sup>\u201cPhospholipids and sports performance\u00bb. J\u00e4ger R, Purpura M, Kingsley M (7 de 2007). Journal of the International Society of Sports Nutrition 4: 5.<\/h6>\n<h6><sup>4<\/sup>\u201cAntidepressant-like effects of L-theanine in the forced swim and tail suspension tests in mice\u00bb. Yin C1, Gou L, Liu Y, Yin X, Zhang L, Jia G, Zhuang X. Phytother Res. 2011 Nov;25(11):1636-9. doi: 10.1002\/ptr.3456. Epub 2011 Mar 21.<\/h6>\n<h6><sup>5<\/sup>\u201cNeurobiological effects of the green tea constituent theanine and its potential role in the treatment of psychiatric and neurodegenerative disorders\u00bb. Lardner Al. Nutr. Neurosci. 2014 Jul;17(4):145-55. doi: 10.1179\/1476830513Y.0000000079. Epub 2013 Nov 26.<\/h6>\n<h6><sup>6<\/sup>\u201cUn estudio aleatorio, doble ciego, controlado con placebo, en grupos paralelos, del extracto estandarizado SHR-5 de las ra\u00edces de la\u00a0<em>Rhodiola rosea<\/em>\u00a0en el tratamiento de sujetos con fatiga relacionada al estr\u00e9s\u00bb. Erik M.G. Olsson, Bo von Sch\u00e9ele, Alexander G. Panossian. DOI 10.1055\/s-0028-1088346 Planta Med. 2009; 75: 105-112.<\/h6>\n","protected":false},"excerpt":{"rendered":"<ul>\n<li>Fosfatidilserina + teanina + extracto de regaliz + extracto de\u00a0<em>Rhodiola rosea<\/em>.<\/li>\n<li>Dise\u00f1ada para ayudar a relajar la mente y el cuerpo.<\/li>\n<li>Contribuye a mantener nuestra salud cognitiva, y mejorar el tiempo de recuperaci\u00f3n post-ejercicio.<\/li>\n<li>Apto para personas cel\u00edacas.<\/li>\n<li>C\u00e1psulas vegetales aptas para dietas veganas.<\/li>\n<\/ul>\n","protected":false},"featured_media":1839,"comment_status":"closed","ping_status":"closed","template":"","meta":[],"product_brand":[665],"product_cat":[53],"product_tag":[122],"class_list":{"0":"post-872","1":"product","2":"type-product","3":"status-publish","4":"has-post-thumbnail","6":"product_brand-vitobest","7":"product_cat-salud","8":"product_tag-es3","10":"first","11":"onbackorder","12":"shipping-taxable","13":"purchasable","14":"product-type-simple"},"gallery_images":[],"yoast_head":"<!-- This site is optimized with the Yoast SEO plugin v23.4 - https:\/\/yoast.com\/wordpress\/plugins\/seo\/ -->\n<title>ES3 (60 VegeCaps) - Vitobest - Alpha Supplements<\/title>\n<meta name=\"description\" content=\"Fosfatidilserina + teanina + extracto de regaliz + extracto de\u00a0Rhodiola rosea.  Dise\u00f1ada para ayudar a relajar la mente y el cuerpo.  Contribuye a mantener nuestra salud cognitiva, y mejorar el tiempo de recuperaci\u00f3n post-ejercicio.  Apto para personas cel\u00edacas.  C\u00e1psulas vegetales aptas para dietas veganas.\" \/>\n<meta name=\"robots\" content=\"index, follow, max-snippet:-1, max-image-preview:large, max-video-preview:-1\" \/>\n<link rel=\"canonical\" href=\"https:\/\/alpha.nousdigital.pro\/en\/producto\/es3\/\" \/>\n<meta property=\"og:locale\" content=\"en_US\" \/>\n<meta property=\"og:type\" content=\"article\" \/>\n<meta property=\"og:title\" content=\"ES3 (60 VegeCaps) - Vitobest - Alpha Supplements\" \/>\n<meta property=\"og:description\" content=\"Fosfatidilserina + teanina + extracto de regaliz + extracto de\u00a0Rhodiola rosea.  Dise\u00f1ada para ayudar a relajar la mente y el cuerpo.  Contribuye a mantener nuestra salud cognitiva, y mejorar el tiempo de recuperaci\u00f3n post-ejercicio.  Apto para personas cel\u00edacas.  C\u00e1psulas vegetales aptas para dietas veganas.\" \/>\n<meta property=\"og:url\" content=\"https:\/\/alpha.nousdigital.pro\/en\/producto\/es3\/\" \/>\n<meta property=\"og:site_name\" content=\"Alpha Supplements\" \/>\n<meta property=\"article:modified_time\" content=\"2025-12-03T19:39:12+00:00\" \/>\n<meta property=\"og:image\" content=\"https:\/\/alpha.nousdigital.pro\/wp-content\/uploads\/2023\/09\/ES3.jpg\" \/>\n\t<meta property=\"og:image:width\" content=\"600\" \/>\n\t<meta property=\"og:image:height\" content=\"600\" \/>\n\t<meta property=\"og:image:type\" content=\"image\/jpeg\" \/>\n<meta name=\"twitter:card\" content=\"summary_large_image\" \/>\n<meta name=\"twitter:label1\" content=\"Est. reading time\" \/>\n\t<meta name=\"twitter:data1\" content=\"3 minutes\" \/>\n<script type=\"application\/ld+json\" class=\"yoast-schema-graph\">{\"@context\":\"https:\/\/schema.org\",\"@graph\":[{\"@type\":[\"WebPage\",\"ItemPage\"],\"@id\":\"https:\/\/alpha.nousdigital.pro\/en\/producto\/es3\/\",\"url\":\"https:\/\/alpha.nousdigital.pro\/en\/producto\/es3\/\",\"name\":\"ES3 (60 VegeCaps) - Vitobest - Alpha Supplements\",\"isPartOf\":{\"@id\":\"https:\/\/alpha.nousdigital.pro\/en\/#website\"},\"primaryImageOfPage\":{\"@id\":\"https:\/\/alpha.nousdigital.pro\/en\/producto\/es3\/#primaryimage\"},\"image\":{\"@id\":\"https:\/\/alpha.nousdigital.pro\/en\/producto\/es3\/#primaryimage\"},\"thumbnailUrl\":\"https:\/\/alpha.nousdigital.pro\/wp-content\/uploads\/2023\/09\/ES3.jpg\",\"datePublished\":\"2023-02-19T13:27:58+00:00\",\"dateModified\":\"2025-12-03T19:39:12+00:00\",\"description\":\"Fosfatidilserina + teanina + extracto de regaliz + extracto de\u00a0Rhodiola rosea. Dise\u00f1ada para ayudar a relajar la mente y el cuerpo. Contribuye a mantener nuestra salud cognitiva, y mejorar el tiempo de recuperaci\u00f3n post-ejercicio. Apto para personas cel\u00edacas. C\u00e1psulas vegetales aptas para dietas veganas.\",\"breadcrumb\":{\"@id\":\"https:\/\/alpha.nousdigital.pro\/en\/producto\/es3\/#breadcrumb\"},\"inLanguage\":\"en-US\",\"potentialAction\":[{\"@type\":\"ReadAction\",\"target\":[\"https:\/\/alpha.nousdigital.pro\/en\/producto\/es3\/\"]}]},{\"@type\":\"ImageObject\",\"inLanguage\":\"en-US\",\"@id\":\"https:\/\/alpha.nousdigital.pro\/en\/producto\/es3\/#primaryimage\",\"url\":\"https:\/\/alpha.nousdigital.pro\/wp-content\/uploads\/2023\/09\/ES3.jpg\",\"contentUrl\":\"https:\/\/alpha.nousdigital.pro\/wp-content\/uploads\/2023\/09\/ES3.jpg\",\"width\":600,\"height\":600},{\"@type\":\"BreadcrumbList\",\"@id\":\"https:\/\/alpha.nousdigital.pro\/en\/producto\/es3\/#breadcrumb\",\"itemListElement\":[{\"@type\":\"ListItem\",\"position\":1,\"name\":\"Portada\",\"item\":\"https:\/\/alpha.nousdigital.pro\/en\/\"},{\"@type\":\"ListItem\",\"position\":2,\"name\":\"Shop\",\"item\":\"https:\/\/alpha.nousdigital.pro\/en\/shop\/\"},{\"@type\":\"ListItem\",\"position\":3,\"name\":\"ES3 (60 VegeCaps) &#8211; Vitobest\"}]},{\"@type\":\"WebSite\",\"@id\":\"https:\/\/alpha.nousdigital.pro\/en\/#website\",\"url\":\"https:\/\/alpha.nousdigital.pro\/en\/\",\"name\":\"Alpha Supplements\",\"description\":\"Dietary supplements to support your health\",\"potentialAction\":[{\"@type\":\"SearchAction\",\"target\":{\"@type\":\"EntryPoint\",\"urlTemplate\":\"https:\/\/alpha.nousdigital.pro\/en\/?s={search_term_string}\"},\"query-input\":{\"@type\":\"PropertyValueSpecification\",\"valueRequired\":true,\"valueName\":\"search_term_string\"}}],\"inLanguage\":\"en-US\"}]}<\/script>\n<!-- \/ Yoast SEO plugin. -->","yoast_head_json":{"title":"ES3 (60 VegeCaps) - Vitobest - Alpha Supplements","description":"Fosfatidilserina + teanina + extracto de regaliz + extracto de\u00a0Rhodiola rosea.  Dise\u00f1ada para ayudar a relajar la mente y el cuerpo.  Contribuye a mantener nuestra salud cognitiva, y mejorar el tiempo de recuperaci\u00f3n post-ejercicio.  Apto para personas cel\u00edacas.  C\u00e1psulas vegetales aptas para dietas veganas.","robots":{"index":"index","follow":"follow","max-snippet":"max-snippet:-1","max-image-preview":"max-image-preview:large","max-video-preview":"max-video-preview:-1"},"canonical":"https:\/\/alpha.nousdigital.pro\/en\/producto\/es3\/","og_locale":"en_US","og_type":"article","og_title":"ES3 (60 VegeCaps) - Vitobest - Alpha Supplements","og_description":"Fosfatidilserina + teanina + extracto de regaliz + extracto de\u00a0Rhodiola rosea.  Dise\u00f1ada para ayudar a relajar la mente y el cuerpo.  Contribuye a mantener nuestra salud cognitiva, y mejorar el tiempo de recuperaci\u00f3n post-ejercicio.  Apto para personas cel\u00edacas.  C\u00e1psulas vegetales aptas para dietas veganas.","og_url":"https:\/\/alpha.nousdigital.pro\/en\/producto\/es3\/","og_site_name":"Alpha Supplements","article_modified_time":"2025-12-03T19:39:12+00:00","og_image":[{"width":600,"height":600,"url":"https:\/\/alpha.nousdigital.pro\/wp-content\/uploads\/2023\/09\/ES3.jpg","type":"image\/jpeg"}],"twitter_card":"summary_large_image","twitter_misc":{"Est. reading time":"3 minutes"},"schema":{"@context":"https:\/\/schema.org","@graph":[{"@type":["WebPage","ItemPage"],"@id":"https:\/\/alpha.nousdigital.pro\/en\/producto\/es3\/","url":"https:\/\/alpha.nousdigital.pro\/en\/producto\/es3\/","name":"ES3 (60 VegeCaps) - Vitobest - Alpha Supplements","isPartOf":{"@id":"https:\/\/alpha.nousdigital.pro\/en\/#website"},"primaryImageOfPage":{"@id":"https:\/\/alpha.nousdigital.pro\/en\/producto\/es3\/#primaryimage"},"image":{"@id":"https:\/\/alpha.nousdigital.pro\/en\/producto\/es3\/#primaryimage"},"thumbnailUrl":"https:\/\/alpha.nousdigital.pro\/wp-content\/uploads\/2023\/09\/ES3.jpg","datePublished":"2023-02-19T13:27:58+00:00","dateModified":"2025-12-03T19:39:12+00:00","description":"Fosfatidilserina + teanina + extracto de regaliz + extracto de\u00a0Rhodiola rosea. Dise\u00f1ada para ayudar a relajar la mente y el cuerpo. Contribuye a mantener nuestra salud cognitiva, y mejorar el tiempo de recuperaci\u00f3n post-ejercicio. Apto para personas cel\u00edacas. C\u00e1psulas vegetales aptas para dietas veganas.","breadcrumb":{"@id":"https:\/\/alpha.nousdigital.pro\/en\/producto\/es3\/#breadcrumb"},"inLanguage":"en-US","potentialAction":[{"@type":"ReadAction","target":["https:\/\/alpha.nousdigital.pro\/en\/producto\/es3\/"]}]},{"@type":"ImageObject","inLanguage":"en-US","@id":"https:\/\/alpha.nousdigital.pro\/en\/producto\/es3\/#primaryimage","url":"https:\/\/alpha.nousdigital.pro\/wp-content\/uploads\/2023\/09\/ES3.jpg","contentUrl":"https:\/\/alpha.nousdigital.pro\/wp-content\/uploads\/2023\/09\/ES3.jpg","width":600,"height":600},{"@type":"BreadcrumbList","@id":"https:\/\/alpha.nousdigital.pro\/en\/producto\/es3\/#breadcrumb","itemListElement":[{"@type":"ListItem","position":1,"name":"Portada","item":"https:\/\/alpha.nousdigital.pro\/en\/"},{"@type":"ListItem","position":2,"name":"Shop","item":"https:\/\/alpha.nousdigital.pro\/en\/shop\/"},{"@type":"ListItem","position":3,"name":"ES3 (60 VegeCaps) &#8211; Vitobest"}]},{"@type":"WebSite","@id":"https:\/\/alpha.nousdigital.pro\/en\/#website","url":"https:\/\/alpha.nousdigital.pro\/en\/","name":"Alpha Supplements","description":"Dietary supplements to support your health","potentialAction":[{"@type":"SearchAction","target":{"@type":"EntryPoint","urlTemplate":"https:\/\/alpha.nousdigital.pro\/en\/?s={search_term_string}"},"query-input":{"@type":"PropertyValueSpecification","valueRequired":true,"valueName":"search_term_string"}}],"inLanguage":"en-US"}]}},"_links":{"self":[{"href":"https:\/\/alpha.nousdigital.pro\/en\/wp-json\/wp\/v2\/product\/872","targetHints":{"allow":["GET"]}}],"collection":[{"href":"https:\/\/alpha.nousdigital.pro\/en\/wp-json\/wp\/v2\/product"}],"about":[{"href":"https:\/\/alpha.nousdigital.pro\/en\/wp-json\/wp\/v2\/types\/product"}],"replies":[{"embeddable":true,"href":"https:\/\/alpha.nousdigital.pro\/en\/wp-json\/wp\/v2\/comments?post=872"}],"wp:featuredmedia":[{"embeddable":true,"href":"https:\/\/alpha.nousdigital.pro\/en\/wp-json\/wp\/v2\/media\/1839"}],"wp:attachment":[{"href":"https:\/\/alpha.nousdigital.pro\/en\/wp-json\/wp\/v2\/media?parent=872"}],"wp:term":[{"taxonomy":"product_brand","embeddable":true,"href":"https:\/\/alpha.nousdigital.pro\/en\/wp-json\/wp\/v2\/product_brand?post=872"},{"taxonomy":"product_cat","embeddable":true,"href":"https:\/\/alpha.nousdigital.pro\/en\/wp-json\/wp\/v2\/product_cat?post=872"},{"taxonomy":"product_tag","embeddable":true,"href":"https:\/\/alpha.nousdigital.pro\/en\/wp-json\/wp\/v2\/product_tag?post=872"}],"curies":[{"name":"wp","href":"https:\/\/api.w.org\/{rel}","templated":true}]}}