
{"id":870,"date":"2023-02-19T13:27:58","date_gmt":"2023-02-19T13:27:58","guid":{"rendered":"https:\/\/alpha.nousdigital.pro\/?post_type=product&#038;p=870"},"modified":"2025-07-13T08:48:59","modified_gmt":"2025-07-13T08:48:59","slug":"cla-green-tea","status":"publish","type":"product","link":"https:\/\/alpha.nousdigital.pro\/en\/producto\/cla-green-tea\/","title":{"rendered":"CLA + Green Tea (90 capsuLIQ) &#8211; Vitobest"},"content":{"rendered":"<p><strong>CLA+Green Tea<\/strong>, de Vitobest\u00ae, es un producto elaborado a partir de CLA (\u00e1cido linoleico conjugado) de origen vegetal (<strong>Tonalin\u00ae<\/strong>) y t\u00e9 verde macerado en aceite de oliva, usado desde tiempos ancestrales por sus propiedades naturales, principalmente las atribuidas a la p\u00e9rdida de grasa corporal.<\/p>\n<p>&nbsp;<\/p>\n<p><img fetchpriority=\"high\" decoding=\"async\" src=\"https:\/\/www.vitobest.com\/img\/cms\/CLA-01-(Vitobest)-(Banner).jpg\" alt=\"CLA+Green Tea 01\" width=\"371\" height=\"154\" \/><\/p>\n<p>&nbsp;<\/p>\n<p>Estudios realizados con personas que presentan sobrepeso, han demostrado que la ingesti\u00f3n diaria de 3,4 g de CLA produce una disminuci\u00f3n de la masa grasa total sin afectar otros par\u00e1metros metab\u00f3licos, como el recuento eritrocitario y la cantidad de masa magra<sup>1<\/sup>. La informaci\u00f3n obtenida respecto al efecto del CLA en la reducci\u00f3n del peso corporal sugiere que el \u00e1cido graso afectar\u00eda la interconversi\u00f3n metab\u00f3lica de los \u00e1cidos grasos y producir\u00eda una activaci\u00f3n de la lipolisis<sup>2<\/sup>. Sobre el t\u00e9 verde, algunos autores sugieren que tiene un efecto sobre la p\u00e9rdida de peso mediante un aumento de la termog\u00e9nesis y de la oxidaci\u00f3n de grasas<sup>3<\/sup>. Incluso alegan que los polifenoles dervados del t\u00e9 verde tienen propiedades antioxidantes<sup>4<\/sup>.<\/p>\n<p><strong>CLA+Green Tea:<\/strong><\/p>\n<ul>\n<li>Contiene CLA que ayuda a reducir la grasa total sin afectar otros par\u00e1metros metab\u00f3licos.<\/li>\n<li>El t\u00e9 verde contribuye a aumentar la termog\u00e9nesis y la oxidaci\u00f3n de grasas.<\/li>\n<li>El t\u00e9 verde tiene propiedades antioxidantes.<\/li>\n<\/ul>\n<p>&nbsp;<\/p>\n<p><img decoding=\"async\" src=\"https:\/\/www.vitobest.com\/img\/cms\/CLA+Green-Tea-02-(Vitobest)-(Banner)1.jpg\" alt=\"CLA+Green Tea 02\" width=\"1000\" height=\"389\" \/><\/p>\n<p>&nbsp;<\/p>\n<p>&nbsp;<\/p>\n<p><strong>Vitobest\u00ae<\/strong>\u00a0utiliza para este suplemento\u00a0<strong>c\u00e1psulas vegetales l\u00edquidas<\/strong>\u00a0(capsuLIQ)\u00a0<strong>aptas para dietas veganas<\/strong>\u00a0y\u00a0<strong>libres de di\u00f3xido de titanio<\/strong>.<\/p>\n<p><strong>Declaraciones del producto (claims):<\/strong><\/p>\n<ul>\n<li>El \u00e1cido linoleico contribuye a mantener niveles normales de colesterol sangu\u00edneo.<\/li>\n<\/ul>\n<p>&nbsp;<\/p>\n<p><img decoding=\"async\" src=\"https:\/\/www.vitobest.com\/img\/cms\/CLA+Green-Tea-03-(Vitobest)-(Banner).jpg\" alt=\"CLA+Green Tea 03\" width=\"1000\" height=\"250\" \/><\/p>\n<p>&nbsp;<\/p>\n<h6><strong>Bibliograf\u00eda:<\/strong><\/h6>\n<h6><sup>1<\/sup>\u201cConjugated linoleic acid reduces body fat mass in overweigth and obese humans\u201d. 2000. Blankson, H. et al.\u00a0 J Nutr; 130: 2943-2948.<\/h6>\n<h6><sup>2<\/sup>\u201cMitochondrial respiration on rumenic and linoleic acids\u201d. 1998. Clouet, P. et al., Biochem Soc Trans; 29: 320-325.<\/h6>\n<h6><sup>3<\/sup>\u201cMetabolic effects of green tea and of phases of weight loss\u201d. 2006. Diepvens, K. et al., Physiol Behav; 87:185-191.<\/h6>\n<h6><sup>4<\/sup>\u201c<em>Camellia sinensi (L.)<\/em>\u00a0Kuntze (<em>Theaceae<\/em>)\u201d. 1995. Snow, J.M., J Botanical Medicine. 1995; Autumn: 28-32.<\/h6>\n","protected":false},"excerpt":{"rendered":"<ul>\n<li>\u00c1cido linoleico conjugado (CLA) de origen vegetal + T\u00e9 verde macerado en aceite de oliva.<\/li>\n<li>Contribuye al control de peso.<\/li>\n<li>Ayuda a mantener niveles normales de colesterol sangu\u00edneo.<\/li>\n<li>C\u00e1psulas vegetales l\u00edquidas de \u00faltima generaci\u00f3n (capsuLIQ).<\/li>\n<li>Apto para personas cel\u00edacas.<\/li>\n<\/ul>\n","protected":false},"featured_media":1837,"comment_status":"closed","ping_status":"closed","template":"","meta":[],"product_brand":[665],"product_cat":[69,53],"product_tag":[188,189,190],"class_list":{"0":"post-870","1":"product","2":"type-product","3":"status-publish","4":"has-post-thumbnail","6":"product_brand-vitobest","7":"product_cat-acidos-grasos-omegas","8":"product_cat-salud","9":"product_tag-cla","10":"product_tag-greentea","11":"product_tag-tea","13":"first","14":"onbackorder","15":"shipping-taxable","16":"purchasable","17":"product-type-simple"},"gallery_images":[],"yoast_head":"<!-- This site is optimized with the Yoast SEO plugin v23.4 - https:\/\/yoast.com\/wordpress\/plugins\/seo\/ -->\n<title>CLA + Green Tea (90 capsuLIQ) - Vitobest - Alpha Supplements<\/title>\n<meta name=\"description\" content=\"\u00c1cido linoleico conjugado (CLA) de origen vegetal + T\u00e9 verde macerado en aceite de oliva.  Contribuye al control de peso.  Ayuda a mantener niveles normales de colesterol sangu\u00edneo.  C\u00e1psulas vegetales l\u00edquidas de \u00faltima generaci\u00f3n (capsuLIQ).  Apto para personas cel\u00edacas.\" \/>\n<meta name=\"robots\" content=\"index, follow, max-snippet:-1, max-image-preview:large, max-video-preview:-1\" \/>\n<link rel=\"canonical\" href=\"https:\/\/alpha.nousdigital.pro\/en\/producto\/cla-green-tea\/\" \/>\n<meta property=\"og:locale\" content=\"en_US\" \/>\n<meta property=\"og:type\" content=\"article\" \/>\n<meta property=\"og:title\" content=\"CLA + Green Tea (90 capsuLIQ) - Vitobest - Alpha Supplements\" \/>\n<meta property=\"og:description\" content=\"\u00c1cido linoleico conjugado (CLA) de origen vegetal + T\u00e9 verde macerado en aceite de oliva.  Contribuye al control de peso.  Ayuda a mantener niveles normales de colesterol sangu\u00edneo.  C\u00e1psulas vegetales l\u00edquidas de \u00faltima generaci\u00f3n (capsuLIQ).  Apto para personas cel\u00edacas.\" \/>\n<meta property=\"og:url\" content=\"https:\/\/alpha.nousdigital.pro\/en\/producto\/cla-green-tea\/\" \/>\n<meta property=\"og:site_name\" content=\"Alpha Supplements\" \/>\n<meta property=\"article:modified_time\" content=\"2025-07-13T08:48:59+00:00\" \/>\n<meta property=\"og:image\" content=\"https:\/\/alpha.nousdigital.pro\/wp-content\/uploads\/2023\/09\/CLA.jpg\" \/>\n\t<meta property=\"og:image:width\" content=\"600\" \/>\n\t<meta property=\"og:image:height\" content=\"600\" \/>\n\t<meta property=\"og:image:type\" content=\"image\/jpeg\" \/>\n<meta name=\"twitter:card\" content=\"summary_large_image\" \/>\n<meta name=\"twitter:label1\" content=\"Est. reading time\" \/>\n\t<meta name=\"twitter:data1\" content=\"3 minutes\" \/>\n<script type=\"application\/ld+json\" class=\"yoast-schema-graph\">{\"@context\":\"https:\/\/schema.org\",\"@graph\":[{\"@type\":[\"WebPage\",\"ItemPage\"],\"@id\":\"https:\/\/alpha.nousdigital.pro\/en\/producto\/cla-green-tea\/\",\"url\":\"https:\/\/alpha.nousdigital.pro\/en\/producto\/cla-green-tea\/\",\"name\":\"CLA + Green Tea (90 capsuLIQ) - Vitobest - Alpha Supplements\",\"isPartOf\":{\"@id\":\"https:\/\/alpha.nousdigital.pro\/en\/#website\"},\"primaryImageOfPage\":{\"@id\":\"https:\/\/alpha.nousdigital.pro\/en\/producto\/cla-green-tea\/#primaryimage\"},\"image\":{\"@id\":\"https:\/\/alpha.nousdigital.pro\/en\/producto\/cla-green-tea\/#primaryimage\"},\"thumbnailUrl\":\"https:\/\/alpha.nousdigital.pro\/wp-content\/uploads\/2023\/09\/CLA.jpg\",\"datePublished\":\"2023-02-19T13:27:58+00:00\",\"dateModified\":\"2025-07-13T08:48:59+00:00\",\"description\":\"\u00c1cido linoleico conjugado (CLA) de origen vegetal + T\u00e9 verde macerado en aceite de oliva. Contribuye al control de peso. Ayuda a mantener niveles normales de colesterol sangu\u00edneo. C\u00e1psulas vegetales l\u00edquidas de \u00faltima generaci\u00f3n (capsuLIQ). Apto para personas cel\u00edacas.\",\"breadcrumb\":{\"@id\":\"https:\/\/alpha.nousdigital.pro\/en\/producto\/cla-green-tea\/#breadcrumb\"},\"inLanguage\":\"en-US\",\"potentialAction\":[{\"@type\":\"ReadAction\",\"target\":[\"https:\/\/alpha.nousdigital.pro\/en\/producto\/cla-green-tea\/\"]}]},{\"@type\":\"ImageObject\",\"inLanguage\":\"en-US\",\"@id\":\"https:\/\/alpha.nousdigital.pro\/en\/producto\/cla-green-tea\/#primaryimage\",\"url\":\"https:\/\/alpha.nousdigital.pro\/wp-content\/uploads\/2023\/09\/CLA.jpg\",\"contentUrl\":\"https:\/\/alpha.nousdigital.pro\/wp-content\/uploads\/2023\/09\/CLA.jpg\",\"width\":600,\"height\":600},{\"@type\":\"BreadcrumbList\",\"@id\":\"https:\/\/alpha.nousdigital.pro\/en\/producto\/cla-green-tea\/#breadcrumb\",\"itemListElement\":[{\"@type\":\"ListItem\",\"position\":1,\"name\":\"Portada\",\"item\":\"https:\/\/alpha.nousdigital.pro\/en\/\"},{\"@type\":\"ListItem\",\"position\":2,\"name\":\"Shop\",\"item\":\"https:\/\/alpha.nousdigital.pro\/en\/shop\/\"},{\"@type\":\"ListItem\",\"position\":3,\"name\":\"CLA + Green Tea (90 capsuLIQ) &#8211; Vitobest\"}]},{\"@type\":\"WebSite\",\"@id\":\"https:\/\/alpha.nousdigital.pro\/en\/#website\",\"url\":\"https:\/\/alpha.nousdigital.pro\/en\/\",\"name\":\"Alpha Supplements\",\"description\":\"Dietary supplements to support your health\",\"potentialAction\":[{\"@type\":\"SearchAction\",\"target\":{\"@type\":\"EntryPoint\",\"urlTemplate\":\"https:\/\/alpha.nousdigital.pro\/en\/?s={search_term_string}\"},\"query-input\":{\"@type\":\"PropertyValueSpecification\",\"valueRequired\":true,\"valueName\":\"search_term_string\"}}],\"inLanguage\":\"en-US\"}]}<\/script>\n<!-- \/ Yoast SEO plugin. -->","yoast_head_json":{"title":"CLA + Green Tea (90 capsuLIQ) - Vitobest - Alpha Supplements","description":"\u00c1cido linoleico conjugado (CLA) de origen vegetal + T\u00e9 verde macerado en aceite de oliva.  Contribuye al control de peso.  Ayuda a mantener niveles normales de colesterol sangu\u00edneo.  C\u00e1psulas vegetales l\u00edquidas de \u00faltima generaci\u00f3n (capsuLIQ).  Apto para personas cel\u00edacas.","robots":{"index":"index","follow":"follow","max-snippet":"max-snippet:-1","max-image-preview":"max-image-preview:large","max-video-preview":"max-video-preview:-1"},"canonical":"https:\/\/alpha.nousdigital.pro\/en\/producto\/cla-green-tea\/","og_locale":"en_US","og_type":"article","og_title":"CLA + Green Tea (90 capsuLIQ) - Vitobest - Alpha Supplements","og_description":"\u00c1cido linoleico conjugado (CLA) de origen vegetal + T\u00e9 verde macerado en aceite de oliva.  Contribuye al control de peso.  Ayuda a mantener niveles normales de colesterol sangu\u00edneo.  C\u00e1psulas vegetales l\u00edquidas de \u00faltima generaci\u00f3n (capsuLIQ).  Apto para personas cel\u00edacas.","og_url":"https:\/\/alpha.nousdigital.pro\/en\/producto\/cla-green-tea\/","og_site_name":"Alpha Supplements","article_modified_time":"2025-07-13T08:48:59+00:00","og_image":[{"width":600,"height":600,"url":"https:\/\/alpha.nousdigital.pro\/wp-content\/uploads\/2023\/09\/CLA.jpg","type":"image\/jpeg"}],"twitter_card":"summary_large_image","twitter_misc":{"Est. reading time":"3 minutes"},"schema":{"@context":"https:\/\/schema.org","@graph":[{"@type":["WebPage","ItemPage"],"@id":"https:\/\/alpha.nousdigital.pro\/en\/producto\/cla-green-tea\/","url":"https:\/\/alpha.nousdigital.pro\/en\/producto\/cla-green-tea\/","name":"CLA + Green Tea (90 capsuLIQ) - Vitobest - Alpha Supplements","isPartOf":{"@id":"https:\/\/alpha.nousdigital.pro\/en\/#website"},"primaryImageOfPage":{"@id":"https:\/\/alpha.nousdigital.pro\/en\/producto\/cla-green-tea\/#primaryimage"},"image":{"@id":"https:\/\/alpha.nousdigital.pro\/en\/producto\/cla-green-tea\/#primaryimage"},"thumbnailUrl":"https:\/\/alpha.nousdigital.pro\/wp-content\/uploads\/2023\/09\/CLA.jpg","datePublished":"2023-02-19T13:27:58+00:00","dateModified":"2025-07-13T08:48:59+00:00","description":"\u00c1cido linoleico conjugado (CLA) de origen vegetal + T\u00e9 verde macerado en aceite de oliva. Contribuye al control de peso. Ayuda a mantener niveles normales de colesterol sangu\u00edneo. C\u00e1psulas vegetales l\u00edquidas de \u00faltima generaci\u00f3n (capsuLIQ). Apto para personas cel\u00edacas.","breadcrumb":{"@id":"https:\/\/alpha.nousdigital.pro\/en\/producto\/cla-green-tea\/#breadcrumb"},"inLanguage":"en-US","potentialAction":[{"@type":"ReadAction","target":["https:\/\/alpha.nousdigital.pro\/en\/producto\/cla-green-tea\/"]}]},{"@type":"ImageObject","inLanguage":"en-US","@id":"https:\/\/alpha.nousdigital.pro\/en\/producto\/cla-green-tea\/#primaryimage","url":"https:\/\/alpha.nousdigital.pro\/wp-content\/uploads\/2023\/09\/CLA.jpg","contentUrl":"https:\/\/alpha.nousdigital.pro\/wp-content\/uploads\/2023\/09\/CLA.jpg","width":600,"height":600},{"@type":"BreadcrumbList","@id":"https:\/\/alpha.nousdigital.pro\/en\/producto\/cla-green-tea\/#breadcrumb","itemListElement":[{"@type":"ListItem","position":1,"name":"Portada","item":"https:\/\/alpha.nousdigital.pro\/en\/"},{"@type":"ListItem","position":2,"name":"Shop","item":"https:\/\/alpha.nousdigital.pro\/en\/shop\/"},{"@type":"ListItem","position":3,"name":"CLA + Green Tea (90 capsuLIQ) &#8211; Vitobest"}]},{"@type":"WebSite","@id":"https:\/\/alpha.nousdigital.pro\/en\/#website","url":"https:\/\/alpha.nousdigital.pro\/en\/","name":"Alpha Supplements","description":"Dietary supplements to support your health","potentialAction":[{"@type":"SearchAction","target":{"@type":"EntryPoint","urlTemplate":"https:\/\/alpha.nousdigital.pro\/en\/?s={search_term_string}"},"query-input":{"@type":"PropertyValueSpecification","valueRequired":true,"valueName":"search_term_string"}}],"inLanguage":"en-US"}]}},"_links":{"self":[{"href":"https:\/\/alpha.nousdigital.pro\/en\/wp-json\/wp\/v2\/product\/870","targetHints":{"allow":["GET"]}}],"collection":[{"href":"https:\/\/alpha.nousdigital.pro\/en\/wp-json\/wp\/v2\/product"}],"about":[{"href":"https:\/\/alpha.nousdigital.pro\/en\/wp-json\/wp\/v2\/types\/product"}],"replies":[{"embeddable":true,"href":"https:\/\/alpha.nousdigital.pro\/en\/wp-json\/wp\/v2\/comments?post=870"}],"wp:featuredmedia":[{"embeddable":true,"href":"https:\/\/alpha.nousdigital.pro\/en\/wp-json\/wp\/v2\/media\/1837"}],"wp:attachment":[{"href":"https:\/\/alpha.nousdigital.pro\/en\/wp-json\/wp\/v2\/media?parent=870"}],"wp:term":[{"taxonomy":"product_brand","embeddable":true,"href":"https:\/\/alpha.nousdigital.pro\/en\/wp-json\/wp\/v2\/product_brand?post=870"},{"taxonomy":"product_cat","embeddable":true,"href":"https:\/\/alpha.nousdigital.pro\/en\/wp-json\/wp\/v2\/product_cat?post=870"},{"taxonomy":"product_tag","embeddable":true,"href":"https:\/\/alpha.nousdigital.pro\/en\/wp-json\/wp\/v2\/product_tag?post=870"}],"curies":[{"name":"wp","href":"https:\/\/api.w.org\/{rel}","templated":true}]}}