
{"id":854,"date":"2023-02-19T13:27:57","date_gmt":"2023-02-19T13:27:57","guid":{"rendered":"https:\/\/alpha.nousdigital.pro\/?post_type=product&#038;p=854"},"modified":"2025-07-13T08:55:05","modified_gmt":"2025-07-13T08:55:05","slug":"redubest-gel","status":"publish","type":"product","link":"https:\/\/alpha.nousdigital.pro\/en\/producto\/redubest-gel\/","title":{"rendered":"Redubest Gel (100 ml) &#8211; Vitobest"},"content":{"rendered":"<p><strong>ReduBest Gel<\/strong>, de\u00a0<strong>Vitobest\u00ae<\/strong>, es una potente e innovadora f\u00f3rmula reductora elaborada a partir de ingredientes 100 % naturales de la m\u00e1s alta calidad, como Provislim\u2122 (cetonas de frambuesa y fisetina), que ayudan a activar la lipolisis<sup>1<\/sup>\u00a0y a prevenir la acumulaci\u00f3n de tejido adiposo:<\/p>\n<p>&nbsp;<\/p>\n<p><iframe src=\"https:\/\/www.youtube.com\/embed\/tscvD22j91c\" width=\"560\" height=\"315\" frameborder=\"0\" scrolling=\"no\" data-mce-fragment=\"1\"><\/iframe><\/p>\n<p>&nbsp;<\/p>\n<p><strong>1. Provislim\u2122 (fisetina y cetonas de frambuesa):<\/strong><\/p>\n<ul>\n<li>Ayuda a activar la lip\u00f3lisis basal en reposo (degradaci\u00f3n de triglic\u00e9ridos)<sup>1<\/sup>.<\/li>\n<li>Contribuye a potenciar la lip\u00f3lisis inducida por adrenalina durante el ejercicio.<\/li>\n<li>Ayuda a inhibir la lipog\u00e9nesis (formaci\u00f3n de triglic\u00e9ridos) despu\u00e9s de la ingesta de alimentos<sup>2<\/sup>.<\/li>\n<li>Contribuye a inhibir la adipog\u00e9nesis (diferenciaci\u00f3n a adipocitos maduros) como efecto preventivo global<sup>1<\/sup>.<\/li>\n<\/ul>\n<p><strong>2.\u00a0<em>Panax ginseng<\/em>:<\/strong><\/p>\n<ul>\n<li>Tiene efecto protector.<\/li>\n<li>Contribuye a estimular y revitalizar todo tipo de pieles<sup>3<\/sup>.<\/li>\n<li>Ayuda a mejorar su elasticidad.<\/li>\n<\/ul>\n<p><strong>3.\u00a0<em>Ruscus aculeatus<\/em>:<\/strong><\/p>\n<ul>\n<li>Rico en sapon\u00f3sidos (act\u00faan sobre los receptores alfa y beta adren\u00e9rgicos)<sup>4<\/sup>.<\/li>\n<li>Ayuda a provocar la contracci\u00f3n de los vasos venosos<sup>4<\/sup>.<\/li>\n<li>Contribuye a mejorar la circulaci\u00f3n venosa local (acci\u00f3n venot\u00f3nica)<sup>4<\/sup>.<\/li>\n<\/ul>\n<p><strong>4.\u00a0<em>Aloe vera<\/em>:<\/strong><\/p>\n<ul>\n<li>Rico en arginina y muc\u00edlagos.<\/li>\n<li>Contribuye a mejorar la microcirculaci\u00f3n<sup>6,7<\/sup>.<\/li>\n<li>Potente regenerador.<\/li>\n<li>Tiene acci\u00f3n venot\u00f3nica<sup>6,7<\/sup>.<\/li>\n<\/ul>\n<p><strong>5.\u00a0<em>Coffea ar\u00e1bica<\/em>:<\/strong><\/p>\n<ul>\n<li>Alto contenido en metilxantinas y polifenoles<sup>7<\/sup>.<\/li>\n<li>Potente lipol\u00edtico (ayuda a producir la hidr\u00f3lisis o desdoblamiento de las grasas)<sup>7<\/sup>.<\/li>\n<\/ul>\n<p><strong>Libre de parabenos, la f\u00f3rmula de ReduBest act\u00faa en 3 fases para ayudar a reafirmar y revitalizar todo tipo de pieles<\/strong><strong><sup>7<\/sup>:<\/strong><\/p>\n<ul>\n<li>1. Aumento de la microcirculaci\u00f3n<sup>2<\/sup>.<\/li>\n<li>2. Acci\u00f3n venot\u00f3nica<sup>3<\/sup>.<\/li>\n<li>3. Potente acci\u00f3n lipol\u00edtica.<\/li>\n<\/ul>\n<p><strong>ReduBest Gel de Vitobest\u00ae contribuye a:<\/strong><\/p>\n<ul>\n<li>Mejorar la apariencia de la \u201cpiel de naranja\u201d y la elasticidad.<\/li>\n<li>Reducir la celulitis y la grasa localizada (hasta 1 cm)<sup>1,2<\/sup>.<\/li>\n<li>Modelar y reafirmar la piel.<\/li>\n<li>Prolongar hasta 24 horas la acci\u00f3n reductora.<\/li>\n<\/ul>\n<p><strong>No testado<\/strong>\u00a0en\u00a0<strong>animales<\/strong>,\u00a0<strong>libre<\/strong>\u00a0de\u00a0<strong>parabenos<\/strong>, principios activos de\u00a0<strong>origen 100 % natural<\/strong>\u00a0y\u00a0<strong>sin al\u00e9rgenos<\/strong>.<\/p>\n<p>&nbsp;<\/p>\n<p><img fetchpriority=\"high\" decoding=\"async\" src=\"https:\/\/www.vitobest.com\/img\/cms\/ReduBest-Gel-(Vitobest)-(Banner).jpg\" alt=\"ReduBest Gel Vitobest\" width=\"1000\" height=\"250\" \/><\/p>\n<p>&nbsp;<\/p>\n<h6><strong>Bibliograf\u00eda:<\/strong><\/h6>\n<h6><sup>1<\/sup>\u201cAnti-obese activities of raspberry ketone\u201d. 2002.\u00a0 Ushiki, M. et al. Aroma Research 3(4): 361.<\/h6>\n<h6><sup>2<\/sup>\u201cRaspberry ketone increases both lipolysis and fatty acid oxidation in 3T3-L1 adipocytes\u201d. 2010. Park, K.S. Planta Med. 76:1654-8. View abstract.<\/h6>\n<h6><sup>3<\/sup>\u201cAntiaging effects of the mixture of Panax ginseng and\u00a0<em>Crataegus pinnatifida<\/em>\u00a0in human dermal fibroblasts and healthy human skin\u201d. Hwang, E. et al.<\/h6>\n<h6><sup>4<\/sup>\u201cAssessment report on\u00a0<em>Ruscus aculeatus L.<\/em>\u00a0rhizoma based on Article 16d(1), Article 16f and Article 16h of Directive 2001\/83\/EC (traditional use)\u201d. 2018. EMA\/188805\/2017 Committee on Herbal Medicinal Products (HMPC).<\/h6>\n<h6><sup>5<\/sup>\u201cPhenolic constituents, antioxidant and preliminary antimycoplasmic activities of leaf skin and flowers of Aloe vera (L.) Burm. f. (syn. A. barbadensis Mill.) from the Canary Islands (Spain)\u201d. 2013. L\u00f3pez, A. et al. Molecules, 18(5), 4942-4954.<\/h6>\n<h6><sup>6<\/sup>\u201cEffectiveness of Aloe Vera Gel compared with 1 percent silver sulphadiazine cream as burn wound dressing in second degree burns\u201d. 2013. Shahzad, M. N., & Ahmed, N. Journal of Pakistan Medical Association.<\/h6>\n<h6><sup>7<\/sup>\u201cEffect of green\u00a0<em>Coffea arabica L.<\/em>\u00a0seed oil on extracellular matrix components and water\u2010channel expression in in vitro and ex vivo human skin models\u201d.\u00a0 Velazquez Pereda, M.C. et al.<\/h6>\n","protected":false},"excerpt":{"rendered":"<ul>\n<li>Potente e innovadora f\u00f3rmula reductora.<\/li>\n<li>Ingredientes 100 % naturales y sin parabenos.<\/li>\n<li>Ayuda a mejorar la apariencia de la \u201cpiel de naranja\u201d y la elasticidad.<\/li>\n<li>Contribuye a reducir la celulitis y la grasa localizada reafirmando la piel.<\/li>\n<li>C\u00f3modo formato (tubo de 100 ml y bote de 500 ml).<\/li>\n<\/ul>\n","protected":false},"featured_media":1823,"comment_status":"closed","ping_status":"closed","template":"","meta":[],"product_brand":[665],"product_cat":[53],"product_tag":[140,139,141],"class_list":{"0":"post-854","1":"product","2":"type-product","3":"status-publish","4":"has-post-thumbnail","6":"product_brand-vitobest","7":"product_cat-salud","8":"product_tag-gel","9":"product_tag-redubest","10":"product_tag-redubestgel","12":"first","13":"onbackorder","14":"shipping-taxable","15":"purchasable","16":"product-type-simple"},"gallery_images":[],"yoast_head":"<!-- This site is optimized with the Yoast SEO plugin v23.4 - https:\/\/yoast.com\/wordpress\/plugins\/seo\/ -->\n<title>Redubest Gel (100 ml) - Vitobest - Alpha Supplements<\/title>\n<meta name=\"description\" content=\"Potente e innovadora f\u00f3rmula reductora.  Ingredientes 100 % naturales y sin parabenos.  Ayuda a mejorar la apariencia de la \u201cpiel de naranja\u201d y la elasticidad.  Contribuye a reducir la celulitis y la grasa localizada reafirmando la piel.  C\u00f3modo formato (tubo de 100 ml y bote de 500 ml).\" \/>\n<meta name=\"robots\" content=\"index, follow, max-snippet:-1, max-image-preview:large, max-video-preview:-1\" \/>\n<link rel=\"canonical\" href=\"https:\/\/alpha.nousdigital.pro\/en\/producto\/redubest-gel\/\" \/>\n<meta property=\"og:locale\" content=\"en_US\" \/>\n<meta property=\"og:type\" content=\"article\" \/>\n<meta property=\"og:title\" content=\"Redubest Gel (100 ml) - Vitobest - Alpha Supplements\" \/>\n<meta property=\"og:description\" content=\"Potente e innovadora f\u00f3rmula reductora.  Ingredientes 100 % naturales y sin parabenos.  Ayuda a mejorar la apariencia de la \u201cpiel de naranja\u201d y la elasticidad.  Contribuye a reducir la celulitis y la grasa localizada reafirmando la piel.  C\u00f3modo formato (tubo de 100 ml y bote de 500 ml).\" \/>\n<meta property=\"og:url\" content=\"https:\/\/alpha.nousdigital.pro\/en\/producto\/redubest-gel\/\" \/>\n<meta property=\"og:site_name\" content=\"Alpha Supplements\" \/>\n<meta property=\"article:modified_time\" content=\"2025-07-13T08:55:05+00:00\" \/>\n<meta property=\"og:image\" content=\"https:\/\/alpha.nousdigital.pro\/wp-content\/uploads\/2023\/09\/Redubest-Gel.jpg\" \/>\n\t<meta property=\"og:image:width\" content=\"600\" \/>\n\t<meta property=\"og:image:height\" content=\"600\" \/>\n\t<meta property=\"og:image:type\" content=\"image\/jpeg\" \/>\n<meta name=\"twitter:card\" content=\"summary_large_image\" \/>\n<meta name=\"twitter:label1\" content=\"Est. reading time\" \/>\n\t<meta name=\"twitter:data1\" content=\"3 minutes\" \/>\n<script type=\"application\/ld+json\" class=\"yoast-schema-graph\">{\"@context\":\"https:\/\/schema.org\",\"@graph\":[{\"@type\":[\"WebPage\",\"ItemPage\"],\"@id\":\"https:\/\/alpha.nousdigital.pro\/en\/producto\/redubest-gel\/\",\"url\":\"https:\/\/alpha.nousdigital.pro\/en\/producto\/redubest-gel\/\",\"name\":\"Redubest Gel (100 ml) - Vitobest - Alpha Supplements\",\"isPartOf\":{\"@id\":\"https:\/\/alpha.nousdigital.pro\/en\/#website\"},\"primaryImageOfPage\":{\"@id\":\"https:\/\/alpha.nousdigital.pro\/en\/producto\/redubest-gel\/#primaryimage\"},\"image\":{\"@id\":\"https:\/\/alpha.nousdigital.pro\/en\/producto\/redubest-gel\/#primaryimage\"},\"thumbnailUrl\":\"https:\/\/alpha.nousdigital.pro\/wp-content\/uploads\/2023\/09\/Redubest-Gel.jpg\",\"datePublished\":\"2023-02-19T13:27:57+00:00\",\"dateModified\":\"2025-07-13T08:55:05+00:00\",\"description\":\"Potente e innovadora f\u00f3rmula reductora. Ingredientes 100 % naturales y sin parabenos. Ayuda a mejorar la apariencia de la \u201cpiel de naranja\u201d y la elasticidad. Contribuye a reducir la celulitis y la grasa localizada reafirmando la piel. C\u00f3modo formato (tubo de 100 ml y bote de 500 ml).\",\"breadcrumb\":{\"@id\":\"https:\/\/alpha.nousdigital.pro\/en\/producto\/redubest-gel\/#breadcrumb\"},\"inLanguage\":\"en-US\",\"potentialAction\":[{\"@type\":\"ReadAction\",\"target\":[\"https:\/\/alpha.nousdigital.pro\/en\/producto\/redubest-gel\/\"]}]},{\"@type\":\"ImageObject\",\"inLanguage\":\"en-US\",\"@id\":\"https:\/\/alpha.nousdigital.pro\/en\/producto\/redubest-gel\/#primaryimage\",\"url\":\"https:\/\/alpha.nousdigital.pro\/wp-content\/uploads\/2023\/09\/Redubest-Gel.jpg\",\"contentUrl\":\"https:\/\/alpha.nousdigital.pro\/wp-content\/uploads\/2023\/09\/Redubest-Gel.jpg\",\"width\":600,\"height\":600},{\"@type\":\"BreadcrumbList\",\"@id\":\"https:\/\/alpha.nousdigital.pro\/en\/producto\/redubest-gel\/#breadcrumb\",\"itemListElement\":[{\"@type\":\"ListItem\",\"position\":1,\"name\":\"Portada\",\"item\":\"https:\/\/alpha.nousdigital.pro\/en\/\"},{\"@type\":\"ListItem\",\"position\":2,\"name\":\"Shop\",\"item\":\"https:\/\/alpha.nousdigital.pro\/en\/shop\/\"},{\"@type\":\"ListItem\",\"position\":3,\"name\":\"Redubest Gel (100 ml) &#8211; Vitobest\"}]},{\"@type\":\"WebSite\",\"@id\":\"https:\/\/alpha.nousdigital.pro\/en\/#website\",\"url\":\"https:\/\/alpha.nousdigital.pro\/en\/\",\"name\":\"Alpha Supplements\",\"description\":\"Dietary supplements to support your health\",\"potentialAction\":[{\"@type\":\"SearchAction\",\"target\":{\"@type\":\"EntryPoint\",\"urlTemplate\":\"https:\/\/alpha.nousdigital.pro\/en\/?s={search_term_string}\"},\"query-input\":{\"@type\":\"PropertyValueSpecification\",\"valueRequired\":true,\"valueName\":\"search_term_string\"}}],\"inLanguage\":\"en-US\"}]}<\/script>\n<!-- \/ Yoast SEO plugin. -->","yoast_head_json":{"title":"Redubest Gel (100 ml) - Vitobest - Alpha Supplements","description":"Potente e innovadora f\u00f3rmula reductora.  Ingredientes 100 % naturales y sin parabenos.  Ayuda a mejorar la apariencia de la \u201cpiel de naranja\u201d y la elasticidad.  Contribuye a reducir la celulitis y la grasa localizada reafirmando la piel.  C\u00f3modo formato (tubo de 100 ml y bote de 500 ml).","robots":{"index":"index","follow":"follow","max-snippet":"max-snippet:-1","max-image-preview":"max-image-preview:large","max-video-preview":"max-video-preview:-1"},"canonical":"https:\/\/alpha.nousdigital.pro\/en\/producto\/redubest-gel\/","og_locale":"en_US","og_type":"article","og_title":"Redubest Gel (100 ml) - Vitobest - Alpha Supplements","og_description":"Potente e innovadora f\u00f3rmula reductora.  Ingredientes 100 % naturales y sin parabenos.  Ayuda a mejorar la apariencia de la \u201cpiel de naranja\u201d y la elasticidad.  Contribuye a reducir la celulitis y la grasa localizada reafirmando la piel.  C\u00f3modo formato (tubo de 100 ml y bote de 500 ml).","og_url":"https:\/\/alpha.nousdigital.pro\/en\/producto\/redubest-gel\/","og_site_name":"Alpha Supplements","article_modified_time":"2025-07-13T08:55:05+00:00","og_image":[{"width":600,"height":600,"url":"https:\/\/alpha.nousdigital.pro\/wp-content\/uploads\/2023\/09\/Redubest-Gel.jpg","type":"image\/jpeg"}],"twitter_card":"summary_large_image","twitter_misc":{"Est. reading time":"3 minutes"},"schema":{"@context":"https:\/\/schema.org","@graph":[{"@type":["WebPage","ItemPage"],"@id":"https:\/\/alpha.nousdigital.pro\/en\/producto\/redubest-gel\/","url":"https:\/\/alpha.nousdigital.pro\/en\/producto\/redubest-gel\/","name":"Redubest Gel (100 ml) - Vitobest - Alpha Supplements","isPartOf":{"@id":"https:\/\/alpha.nousdigital.pro\/en\/#website"},"primaryImageOfPage":{"@id":"https:\/\/alpha.nousdigital.pro\/en\/producto\/redubest-gel\/#primaryimage"},"image":{"@id":"https:\/\/alpha.nousdigital.pro\/en\/producto\/redubest-gel\/#primaryimage"},"thumbnailUrl":"https:\/\/alpha.nousdigital.pro\/wp-content\/uploads\/2023\/09\/Redubest-Gel.jpg","datePublished":"2023-02-19T13:27:57+00:00","dateModified":"2025-07-13T08:55:05+00:00","description":"Potente e innovadora f\u00f3rmula reductora. Ingredientes 100 % naturales y sin parabenos. Ayuda a mejorar la apariencia de la \u201cpiel de naranja\u201d y la elasticidad. Contribuye a reducir la celulitis y la grasa localizada reafirmando la piel. C\u00f3modo formato (tubo de 100 ml y bote de 500 ml).","breadcrumb":{"@id":"https:\/\/alpha.nousdigital.pro\/en\/producto\/redubest-gel\/#breadcrumb"},"inLanguage":"en-US","potentialAction":[{"@type":"ReadAction","target":["https:\/\/alpha.nousdigital.pro\/en\/producto\/redubest-gel\/"]}]},{"@type":"ImageObject","inLanguage":"en-US","@id":"https:\/\/alpha.nousdigital.pro\/en\/producto\/redubest-gel\/#primaryimage","url":"https:\/\/alpha.nousdigital.pro\/wp-content\/uploads\/2023\/09\/Redubest-Gel.jpg","contentUrl":"https:\/\/alpha.nousdigital.pro\/wp-content\/uploads\/2023\/09\/Redubest-Gel.jpg","width":600,"height":600},{"@type":"BreadcrumbList","@id":"https:\/\/alpha.nousdigital.pro\/en\/producto\/redubest-gel\/#breadcrumb","itemListElement":[{"@type":"ListItem","position":1,"name":"Portada","item":"https:\/\/alpha.nousdigital.pro\/en\/"},{"@type":"ListItem","position":2,"name":"Shop","item":"https:\/\/alpha.nousdigital.pro\/en\/shop\/"},{"@type":"ListItem","position":3,"name":"Redubest Gel (100 ml) &#8211; Vitobest"}]},{"@type":"WebSite","@id":"https:\/\/alpha.nousdigital.pro\/en\/#website","url":"https:\/\/alpha.nousdigital.pro\/en\/","name":"Alpha Supplements","description":"Dietary supplements to support your health","potentialAction":[{"@type":"SearchAction","target":{"@type":"EntryPoint","urlTemplate":"https:\/\/alpha.nousdigital.pro\/en\/?s={search_term_string}"},"query-input":{"@type":"PropertyValueSpecification","valueRequired":true,"valueName":"search_term_string"}}],"inLanguage":"en-US"}]}},"_links":{"self":[{"href":"https:\/\/alpha.nousdigital.pro\/en\/wp-json\/wp\/v2\/product\/854","targetHints":{"allow":["GET"]}}],"collection":[{"href":"https:\/\/alpha.nousdigital.pro\/en\/wp-json\/wp\/v2\/product"}],"about":[{"href":"https:\/\/alpha.nousdigital.pro\/en\/wp-json\/wp\/v2\/types\/product"}],"replies":[{"embeddable":true,"href":"https:\/\/alpha.nousdigital.pro\/en\/wp-json\/wp\/v2\/comments?post=854"}],"wp:featuredmedia":[{"embeddable":true,"href":"https:\/\/alpha.nousdigital.pro\/en\/wp-json\/wp\/v2\/media\/1823"}],"wp:attachment":[{"href":"https:\/\/alpha.nousdigital.pro\/en\/wp-json\/wp\/v2\/media?parent=854"}],"wp:term":[{"taxonomy":"product_brand","embeddable":true,"href":"https:\/\/alpha.nousdigital.pro\/en\/wp-json\/wp\/v2\/product_brand?post=854"},{"taxonomy":"product_cat","embeddable":true,"href":"https:\/\/alpha.nousdigital.pro\/en\/wp-json\/wp\/v2\/product_cat?post=854"},{"taxonomy":"product_tag","embeddable":true,"href":"https:\/\/alpha.nousdigital.pro\/en\/wp-json\/wp\/v2\/product_tag?post=854"}],"curies":[{"name":"wp","href":"https:\/\/api.w.org\/{rel}","templated":true}]}}