
{"id":853,"date":"2023-02-19T13:27:57","date_gmt":"2023-02-19T13:27:57","guid":{"rendered":"https:\/\/alpha.nousdigital.pro\/?post_type=product&#038;p=853"},"modified":"2025-07-13T08:57:18","modified_gmt":"2025-07-13T08:57:18","slug":"thermoburn","status":"publish","type":"product","link":"https:\/\/alpha.nousdigital.pro\/en\/producto\/thermoburn\/","title":{"rendered":"Thermoburn (90 VegeCaps) &#8211; Vitobest"},"content":{"rendered":"<p><strong>ThermoBurn<\/strong>, de\u00a0<strong>Vitobest\u00ae<\/strong>, es una potente f\u00f3rmula termog\u00e9nica que combina extractos de plantas con efectos termog\u00e9nicos y diur\u00e9ticos que pueden ayudarte a aumentar la energ\u00eda, acelerar el metabolismo, evitar la fatiga y mantener el balance h\u00eddrico \u00f3ptimo del organismo.<\/p>\n<p>Seg\u00fan la\u00a0<strong>Organizaci\u00f3n Mundial de la Salud (OMS)<\/strong>, el sobrepeso y la obesidad se definen como una acumulaci\u00f3n anormal o excesiva de grasa que puede ser perjudicial para la salud, sus causas radican en un desequilibrio energ\u00e9tico entre calor\u00edas consumidas y gastadas, y para evitarlas o eliminarlas resultan imprescindibles una dieta saludable y la pr\u00e1ctica peri\u00f3dica de actividad f\u00edsica.<\/p>\n<p>Una v\u00eda que puede complementar este empe\u00f1o optimizando sus resultados es la\u00a0<strong>suplementaci\u00f3n responsable<\/strong>. Por eso, y porque apostamos siempre por las mejores materias primas del mercado,\u00a0<strong>Vitobest\u00ae<\/strong>\u00a0presenta su l\u00ednea de control de peso, especialmente dise\u00f1ada para satisfacer todas tus necesidades.\u00a0<strong>ThermoBurn<\/strong>\u00a0es uno de sus productos estrella.<\/p>\n<p>Esta formulaci\u00f3n \u00fanica en el mercado utiliza extractos de plantas con efectos termog\u00e9nicos y diur\u00e9ticos para optimizar los entrenos, acelerar el metabolismo, evitar la fatiga y mantener un balance h\u00eddrico adecuado en el organismo. Entre los ingredientes de la m\u00e1s alta calidad que la componen se encuentran:<strong>\u00a0Sinetrol\u00ae<\/strong>\u00a0(extracto patentado de naranja roja, uva, naranja amarga y guaran\u00e1);\u00a0<strong>MacaFull\u00ae<\/strong>\u00a0(\u00fanico extracto de maca que ha sido estandarizado:\u00a0<strong>0,6 % en macamidas y macaenas<\/strong>); extractos vegetales (guaran\u00e1, sauce blanco, vara de oro, jengibre y diente de le\u00f3n); y cafe\u00edna<sup>1<\/sup>.<\/p>\n<p><strong>Vitobest\u00ae<\/strong>\u00a0utiliza para este suplemento\u00a0<strong>c\u00e1psulas vegetales<\/strong>\u00a0(VegeCaps)\u00a0<strong>aptas para dietas veganas<\/strong>\u00a0y\u00a0<strong>libres de di\u00f3xido de titanio<\/strong>.<\/p>\n<p>&nbsp;<\/p>\n<p><img fetchpriority=\"high\" decoding=\"async\" src=\"https:\/\/www.vitobest.com\/img\/cms\/ThermoBurn-(Vitobest)-(Banner).jpg\" alt=\"ThermoBurn\" width=\"1000\" height=\"250\" \/><\/p>\n<p>&nbsp;<\/p>\n<h6><strong>Bibliograf\u00eda:<\/strong><\/h6>\n<h6><sup>1<\/sup>\u201cIngesti\u00f3n aguda y habitual de cafe\u00edna y respuestas metab\u00f3licas al ejercicio en estado estacionario\u201d. 1992. Bangsbo, J. et al. J Appl Physiol (1985). 1992 abr; 72 (4): 1297-303.<\/h6>\n","protected":false},"excerpt":{"rendered":"<ul>\n<li>Potente f\u00f3rmula termog\u00e9nica.<\/li>\n<li>Combina extractos de plantas con efectos termog\u00e9nicos y diur\u00e9ticos.<\/li>\n<li>Ayuda a aumentar la energ\u00eda, acelerar el metabolismo y evitar la fatiga.<\/li>\n<li>Contribuye a mantener el balance h\u00eddrico \u00f3ptimo del organismo.<\/li>\n<li>Apto para personas cel\u00edacas.<\/li>\n<li>C\u00e1psulas vegetales aptas para dietas veganas y libres de di\u00f3xido de titanio.<\/li>\n<\/ul>\n","protected":false},"featured_media":1822,"comment_status":"closed","ping_status":"closed","template":"","meta":[],"product_brand":[665],"product_cat":[692,53],"product_tag":[142],"class_list":{"0":"post-853","1":"product","2":"type-product","3":"status-publish","4":"has-post-thumbnail","6":"product_brand-vitobest","7":"product_cat-control-peso","8":"product_cat-salud","9":"product_tag-thermoburn","11":"first","12":"onbackorder","13":"shipping-taxable","14":"purchasable","15":"product-type-simple"},"gallery_images":[],"yoast_head":"<!-- This site is optimized with the Yoast SEO plugin v23.4 - https:\/\/yoast.com\/wordpress\/plugins\/seo\/ -->\n<title>Thermoburn (90 VegeCaps) - Vitobest - Alpha Supplements<\/title>\n<meta name=\"description\" content=\"Potente f\u00f3rmula termog\u00e9nica.  Combina extractos de plantas con efectos termog\u00e9nicos y diur\u00e9ticos.  Ayuda a aumentar la energ\u00eda, acelerar el metabolismo y evitar la fatiga.  Contribuye a mantener el balance h\u00eddrico \u00f3ptimo del organismo.  Apto para personas cel\u00edacas.  C\u00e1psulas vegetales aptas para dietas veganas y libres de di\u00f3xido de titanio.\" \/>\n<meta name=\"robots\" content=\"index, follow, max-snippet:-1, max-image-preview:large, max-video-preview:-1\" \/>\n<link rel=\"canonical\" href=\"https:\/\/alpha.nousdigital.pro\/en\/producto\/thermoburn\/\" \/>\n<meta property=\"og:locale\" content=\"en_US\" \/>\n<meta property=\"og:type\" content=\"article\" \/>\n<meta property=\"og:title\" content=\"Thermoburn (90 VegeCaps) - Vitobest - Alpha Supplements\" \/>\n<meta property=\"og:description\" content=\"Potente f\u00f3rmula termog\u00e9nica.  Combina extractos de plantas con efectos termog\u00e9nicos y diur\u00e9ticos.  Ayuda a aumentar la energ\u00eda, acelerar el metabolismo y evitar la fatiga.  Contribuye a mantener el balance h\u00eddrico \u00f3ptimo del organismo.  Apto para personas cel\u00edacas.  C\u00e1psulas vegetales aptas para dietas veganas y libres de di\u00f3xido de titanio.\" \/>\n<meta property=\"og:url\" content=\"https:\/\/alpha.nousdigital.pro\/en\/producto\/thermoburn\/\" \/>\n<meta property=\"og:site_name\" content=\"Alpha Supplements\" \/>\n<meta property=\"article:modified_time\" content=\"2025-07-13T08:57:18+00:00\" \/>\n<meta property=\"og:image\" content=\"https:\/\/alpha.nousdigital.pro\/wp-content\/uploads\/2023\/09\/Thermoburn.jpg\" \/>\n\t<meta property=\"og:image:width\" content=\"600\" \/>\n\t<meta property=\"og:image:height\" content=\"600\" \/>\n\t<meta property=\"og:image:type\" content=\"image\/jpeg\" \/>\n<meta name=\"twitter:card\" content=\"summary_large_image\" \/>\n<meta name=\"twitter:label1\" content=\"Est. reading time\" \/>\n\t<meta name=\"twitter:data1\" content=\"2 minutes\" \/>\n<script type=\"application\/ld+json\" class=\"yoast-schema-graph\">{\"@context\":\"https:\/\/schema.org\",\"@graph\":[{\"@type\":[\"WebPage\",\"ItemPage\"],\"@id\":\"https:\/\/alpha.nousdigital.pro\/en\/producto\/thermoburn\/\",\"url\":\"https:\/\/alpha.nousdigital.pro\/en\/producto\/thermoburn\/\",\"name\":\"Thermoburn (90 VegeCaps) - Vitobest - Alpha Supplements\",\"isPartOf\":{\"@id\":\"https:\/\/alpha.nousdigital.pro\/en\/#website\"},\"primaryImageOfPage\":{\"@id\":\"https:\/\/alpha.nousdigital.pro\/en\/producto\/thermoburn\/#primaryimage\"},\"image\":{\"@id\":\"https:\/\/alpha.nousdigital.pro\/en\/producto\/thermoburn\/#primaryimage\"},\"thumbnailUrl\":\"https:\/\/alpha.nousdigital.pro\/wp-content\/uploads\/2023\/09\/Thermoburn.jpg\",\"datePublished\":\"2023-02-19T13:27:57+00:00\",\"dateModified\":\"2025-07-13T08:57:18+00:00\",\"description\":\"Potente f\u00f3rmula termog\u00e9nica. Combina extractos de plantas con efectos termog\u00e9nicos y diur\u00e9ticos. Ayuda a aumentar la energ\u00eda, acelerar el metabolismo y evitar la fatiga. Contribuye a mantener el balance h\u00eddrico \u00f3ptimo del organismo. Apto para personas cel\u00edacas. C\u00e1psulas vegetales aptas para dietas veganas y libres de di\u00f3xido de titanio.\",\"breadcrumb\":{\"@id\":\"https:\/\/alpha.nousdigital.pro\/en\/producto\/thermoburn\/#breadcrumb\"},\"inLanguage\":\"en-US\",\"potentialAction\":[{\"@type\":\"ReadAction\",\"target\":[\"https:\/\/alpha.nousdigital.pro\/en\/producto\/thermoburn\/\"]}]},{\"@type\":\"ImageObject\",\"inLanguage\":\"en-US\",\"@id\":\"https:\/\/alpha.nousdigital.pro\/en\/producto\/thermoburn\/#primaryimage\",\"url\":\"https:\/\/alpha.nousdigital.pro\/wp-content\/uploads\/2023\/09\/Thermoburn.jpg\",\"contentUrl\":\"https:\/\/alpha.nousdigital.pro\/wp-content\/uploads\/2023\/09\/Thermoburn.jpg\",\"width\":600,\"height\":600},{\"@type\":\"BreadcrumbList\",\"@id\":\"https:\/\/alpha.nousdigital.pro\/en\/producto\/thermoburn\/#breadcrumb\",\"itemListElement\":[{\"@type\":\"ListItem\",\"position\":1,\"name\":\"Portada\",\"item\":\"https:\/\/alpha.nousdigital.pro\/en\/\"},{\"@type\":\"ListItem\",\"position\":2,\"name\":\"Shop\",\"item\":\"https:\/\/alpha.nousdigital.pro\/en\/shop\/\"},{\"@type\":\"ListItem\",\"position\":3,\"name\":\"Thermoburn (90 VegeCaps) &#8211; Vitobest\"}]},{\"@type\":\"WebSite\",\"@id\":\"https:\/\/alpha.nousdigital.pro\/en\/#website\",\"url\":\"https:\/\/alpha.nousdigital.pro\/en\/\",\"name\":\"Alpha Supplements\",\"description\":\"Dietary supplements to support your health\",\"potentialAction\":[{\"@type\":\"SearchAction\",\"target\":{\"@type\":\"EntryPoint\",\"urlTemplate\":\"https:\/\/alpha.nousdigital.pro\/en\/?s={search_term_string}\"},\"query-input\":{\"@type\":\"PropertyValueSpecification\",\"valueRequired\":true,\"valueName\":\"search_term_string\"}}],\"inLanguage\":\"en-US\"}]}<\/script>\n<!-- \/ Yoast SEO plugin. -->","yoast_head_json":{"title":"Thermoburn (90 VegeCaps) - Vitobest - Alpha Supplements","description":"Potente f\u00f3rmula termog\u00e9nica.  Combina extractos de plantas con efectos termog\u00e9nicos y diur\u00e9ticos.  Ayuda a aumentar la energ\u00eda, acelerar el metabolismo y evitar la fatiga.  Contribuye a mantener el balance h\u00eddrico \u00f3ptimo del organismo.  Apto para personas cel\u00edacas.  C\u00e1psulas vegetales aptas para dietas veganas y libres de di\u00f3xido de titanio.","robots":{"index":"index","follow":"follow","max-snippet":"max-snippet:-1","max-image-preview":"max-image-preview:large","max-video-preview":"max-video-preview:-1"},"canonical":"https:\/\/alpha.nousdigital.pro\/en\/producto\/thermoburn\/","og_locale":"en_US","og_type":"article","og_title":"Thermoburn (90 VegeCaps) - Vitobest - Alpha Supplements","og_description":"Potente f\u00f3rmula termog\u00e9nica.  Combina extractos de plantas con efectos termog\u00e9nicos y diur\u00e9ticos.  Ayuda a aumentar la energ\u00eda, acelerar el metabolismo y evitar la fatiga.  Contribuye a mantener el balance h\u00eddrico \u00f3ptimo del organismo.  Apto para personas cel\u00edacas.  C\u00e1psulas vegetales aptas para dietas veganas y libres de di\u00f3xido de titanio.","og_url":"https:\/\/alpha.nousdigital.pro\/en\/producto\/thermoburn\/","og_site_name":"Alpha Supplements","article_modified_time":"2025-07-13T08:57:18+00:00","og_image":[{"width":600,"height":600,"url":"https:\/\/alpha.nousdigital.pro\/wp-content\/uploads\/2023\/09\/Thermoburn.jpg","type":"image\/jpeg"}],"twitter_card":"summary_large_image","twitter_misc":{"Est. reading time":"2 minutes"},"schema":{"@context":"https:\/\/schema.org","@graph":[{"@type":["WebPage","ItemPage"],"@id":"https:\/\/alpha.nousdigital.pro\/en\/producto\/thermoburn\/","url":"https:\/\/alpha.nousdigital.pro\/en\/producto\/thermoburn\/","name":"Thermoburn (90 VegeCaps) - Vitobest - Alpha Supplements","isPartOf":{"@id":"https:\/\/alpha.nousdigital.pro\/en\/#website"},"primaryImageOfPage":{"@id":"https:\/\/alpha.nousdigital.pro\/en\/producto\/thermoburn\/#primaryimage"},"image":{"@id":"https:\/\/alpha.nousdigital.pro\/en\/producto\/thermoburn\/#primaryimage"},"thumbnailUrl":"https:\/\/alpha.nousdigital.pro\/wp-content\/uploads\/2023\/09\/Thermoburn.jpg","datePublished":"2023-02-19T13:27:57+00:00","dateModified":"2025-07-13T08:57:18+00:00","description":"Potente f\u00f3rmula termog\u00e9nica. Combina extractos de plantas con efectos termog\u00e9nicos y diur\u00e9ticos. Ayuda a aumentar la energ\u00eda, acelerar el metabolismo y evitar la fatiga. Contribuye a mantener el balance h\u00eddrico \u00f3ptimo del organismo. Apto para personas cel\u00edacas. C\u00e1psulas vegetales aptas para dietas veganas y libres de di\u00f3xido de titanio.","breadcrumb":{"@id":"https:\/\/alpha.nousdigital.pro\/en\/producto\/thermoburn\/#breadcrumb"},"inLanguage":"en-US","potentialAction":[{"@type":"ReadAction","target":["https:\/\/alpha.nousdigital.pro\/en\/producto\/thermoburn\/"]}]},{"@type":"ImageObject","inLanguage":"en-US","@id":"https:\/\/alpha.nousdigital.pro\/en\/producto\/thermoburn\/#primaryimage","url":"https:\/\/alpha.nousdigital.pro\/wp-content\/uploads\/2023\/09\/Thermoburn.jpg","contentUrl":"https:\/\/alpha.nousdigital.pro\/wp-content\/uploads\/2023\/09\/Thermoburn.jpg","width":600,"height":600},{"@type":"BreadcrumbList","@id":"https:\/\/alpha.nousdigital.pro\/en\/producto\/thermoburn\/#breadcrumb","itemListElement":[{"@type":"ListItem","position":1,"name":"Portada","item":"https:\/\/alpha.nousdigital.pro\/en\/"},{"@type":"ListItem","position":2,"name":"Shop","item":"https:\/\/alpha.nousdigital.pro\/en\/shop\/"},{"@type":"ListItem","position":3,"name":"Thermoburn (90 VegeCaps) &#8211; Vitobest"}]},{"@type":"WebSite","@id":"https:\/\/alpha.nousdigital.pro\/en\/#website","url":"https:\/\/alpha.nousdigital.pro\/en\/","name":"Alpha Supplements","description":"Dietary supplements to support your health","potentialAction":[{"@type":"SearchAction","target":{"@type":"EntryPoint","urlTemplate":"https:\/\/alpha.nousdigital.pro\/en\/?s={search_term_string}"},"query-input":{"@type":"PropertyValueSpecification","valueRequired":true,"valueName":"search_term_string"}}],"inLanguage":"en-US"}]}},"_links":{"self":[{"href":"https:\/\/alpha.nousdigital.pro\/en\/wp-json\/wp\/v2\/product\/853","targetHints":{"allow":["GET"]}}],"collection":[{"href":"https:\/\/alpha.nousdigital.pro\/en\/wp-json\/wp\/v2\/product"}],"about":[{"href":"https:\/\/alpha.nousdigital.pro\/en\/wp-json\/wp\/v2\/types\/product"}],"replies":[{"embeddable":true,"href":"https:\/\/alpha.nousdigital.pro\/en\/wp-json\/wp\/v2\/comments?post=853"}],"wp:featuredmedia":[{"embeddable":true,"href":"https:\/\/alpha.nousdigital.pro\/en\/wp-json\/wp\/v2\/media\/1822"}],"wp:attachment":[{"href":"https:\/\/alpha.nousdigital.pro\/en\/wp-json\/wp\/v2\/media?parent=853"}],"wp:term":[{"taxonomy":"product_brand","embeddable":true,"href":"https:\/\/alpha.nousdigital.pro\/en\/wp-json\/wp\/v2\/product_brand?post=853"},{"taxonomy":"product_cat","embeddable":true,"href":"https:\/\/alpha.nousdigital.pro\/en\/wp-json\/wp\/v2\/product_cat?post=853"},{"taxonomy":"product_tag","embeddable":true,"href":"https:\/\/alpha.nousdigital.pro\/en\/wp-json\/wp\/v2\/product_tag?post=853"}],"curies":[{"name":"wp","href":"https:\/\/api.w.org\/{rel}","templated":true}]}}