
{"id":851,"date":"2023-02-19T13:27:56","date_gmt":"2023-02-19T13:27:56","guid":{"rendered":"https:\/\/alpha.nousdigital.pro\/?post_type=product&#038;p=851"},"modified":"2025-07-13T08:52:27","modified_gmt":"2025-07-13T08:52:27","slug":"hellcore","status":"publish","type":"product","link":"https:\/\/alpha.nousdigital.pro\/en\/producto\/hellcore\/","title":{"rendered":"Hellcore (90 VegeCaps) &#8211; Vitobest"},"content":{"rendered":"<p>Practicar ejercicios con frecuencia, unido a una dieta saludable, resulta clave para evitar o eliminar el sobrepeso y la obesidad. Entre las v\u00edas para complementar este empe\u00f1o y optimizar sus resultados destaca la suplementaci\u00f3n.<\/p>\n<p>Bien lo sabe\u00a0<strong>Vitobest\u00ae<\/strong>. Por eso su l\u00ednea de control de peso no solo apuesta por las mejores materias primas del mercado, sino tambi\u00e9n por la efectividad de sus f\u00f3rmulas: adem\u00e1s de ayudarte a aprovechar las grasas, los ingredientes de nuestros productos permiten que puedas sacarle un mayor y mejor provecho a tus entrenos y actividades f\u00edsicas diarias.<\/p>\n<p><strong>Hellcore<\/strong>, de\u00a0<strong>Vitobest\u00ae<\/strong>, es un efectivo termog\u00e9nico extremo, cuya misi\u00f3n principal es contribuir a la elevaci\u00f3n de la temperatura basal durante 6 horas para que en este periodo de tiempo te ayude a quemar la grasa almacenada en tu cuerpo.<\/p>\n<p>&nbsp;<\/p>\n<p><iframe src=\"https:\/\/www.youtube.com\/embed\/scdyoXRkF3k\" width=\"560\" height=\"315\" frameborder=\"0\" scrolling=\"no\" data-mce-fragment=\"1\"><\/iframe><\/p>\n<p>&nbsp;<\/p>\n<p>&nbsp;<\/p>\n<p>Es una excelente composici\u00f3n de extractos vegetales naturales con efectos sin\u00e9rgicos para contribuir en acelerar el proceso de descomposici\u00f3n del tejido graso. La eficacia de\u00a0<strong>Hellcore<\/strong>\u00a0de\u00a0<strong>Vitobest\u00ae<\/strong>, proviene de un intenso aumento de la actividad metab\u00f3lica, as\u00ed como del uso eficaz de los productos energ\u00e9ticos generados durante la lip\u00f3lisis en los procesos b\u00e1sicos vitales.<\/p>\n<p>Es tan eficaz porque sus diferentes ingredientes activos trabajan simult\u00e1neamente, aportando una alta dosis de cafe\u00edna. Estudios cient\u00edficos realizados hasta la fecha demuestran que la ingesta de cafe\u00edna por parte de sujetos entrenados provoca aumentos en la adrenalina plasm\u00e1tica y reduce la relaci\u00f3n de intercambio respiratorio (RIR) durante el ejercicio<sup>1<\/sup>.<\/p>\n<p><strong>Hellcore de Vitobest\u00ae contribuye a:<\/strong><\/p>\n<ul>\n<li>Aumentar la termog\u00e9nesis.<\/li>\n<li>Conseguir una gran p\u00e9rdida de peso r\u00e1pida y duradera.<\/li>\n<li>Aumentar la energ\u00eda.<\/li>\n<li>Controlar el apetito.<\/li>\n<li>Conseguir una buena definici\u00f3n muscular.<\/li>\n<\/ul>\n<p><strong>Vitobest\u00ae<\/strong>\u00a0utiliza para este suplemento\u00a0<strong>c\u00e1psulas vegetales<\/strong>\u00a0(VegeCaps)\u00a0<strong>aptas para dietas veganas<\/strong>\u00a0y\u00a0<strong>libres de di\u00f3xido de titanio<\/strong>.<\/p>\n<p>&nbsp;<\/p>\n<p><img fetchpriority=\"high\" decoding=\"async\" src=\"https:\/\/www.vitobest.com\/img\/cms\/VegeCaps-(Vitobest)-(Banner).jpg\" alt=\"VegeCaps\" width=\"1000\" height=\"250\" \/><\/p>\n<p>&nbsp;<\/p>\n<h6><strong>Bibliograf\u00eda:<\/strong><\/h6>\n<h6><sup>1<\/sup>\u201cIngesti\u00f3n aguda y habitual de cafe\u00edna y respuestas metab\u00f3licas al ejercicio en estado estacionario\u201d. 1992. Bangsbo, J. et al. J Appl Physiol (1985). 1992 abr; 72 (4): 1297-303.<\/h6>\n","protected":false},"excerpt":{"rendered":"<ul>\n<li>El termog\u00e9nico m\u00e1s extremo.<\/li>\n<li>Contiene extractos vegetales naturales ricos en cafe\u00edna.<\/li>\n<li>Apto para personas cel\u00edacas.<\/li>\n<li>C\u00e1psulas vegetales aptas para dietas veganas y libres de di\u00f3xido de titanio.<\/li>\n<\/ul>\n","protected":false},"featured_media":1820,"comment_status":"closed","ping_status":"closed","template":"","meta":[],"product_brand":[665],"product_cat":[692,53],"product_tag":[158],"class_list":{"0":"post-851","1":"product","2":"type-product","3":"status-publish","4":"has-post-thumbnail","6":"product_brand-vitobest","7":"product_cat-control-peso","8":"product_cat-salud","9":"product_tag-hellcore","11":"first","12":"onbackorder","13":"shipping-taxable","14":"purchasable","15":"product-type-simple"},"gallery_images":[],"yoast_head":"<!-- This site is optimized with the Yoast SEO plugin v23.4 - https:\/\/yoast.com\/wordpress\/plugins\/seo\/ -->\n<title>Hellcore (90 VegeCaps) - Vitobest - Alpha Supplements<\/title>\n<meta name=\"description\" content=\"El termog\u00e9nico m\u00e1s extremo.  Contiene extractos vegetales naturales ricos en cafe\u00edna.  Apto para personas cel\u00edacas.  C\u00e1psulas vegetales aptas para dietas veganas y libres de di\u00f3xido de titanio.\" \/>\n<meta name=\"robots\" content=\"index, follow, max-snippet:-1, max-image-preview:large, max-video-preview:-1\" \/>\n<link rel=\"canonical\" href=\"https:\/\/alpha.nousdigital.pro\/en\/producto\/hellcore\/\" \/>\n<meta property=\"og:locale\" content=\"en_US\" \/>\n<meta property=\"og:type\" content=\"article\" \/>\n<meta property=\"og:title\" content=\"Hellcore (90 VegeCaps) - Vitobest - Alpha Supplements\" \/>\n<meta property=\"og:description\" content=\"El termog\u00e9nico m\u00e1s extremo.  Contiene extractos vegetales naturales ricos en cafe\u00edna.  Apto para personas cel\u00edacas.  C\u00e1psulas vegetales aptas para dietas veganas y libres de di\u00f3xido de titanio.\" \/>\n<meta property=\"og:url\" content=\"https:\/\/alpha.nousdigital.pro\/en\/producto\/hellcore\/\" \/>\n<meta property=\"og:site_name\" content=\"Alpha Supplements\" \/>\n<meta property=\"article:modified_time\" content=\"2025-07-13T08:52:27+00:00\" \/>\n<meta property=\"og:image\" content=\"https:\/\/alpha.nousdigital.pro\/wp-content\/uploads\/2023\/09\/Hellcore.jpg\" \/>\n\t<meta property=\"og:image:width\" content=\"600\" \/>\n\t<meta property=\"og:image:height\" content=\"600\" \/>\n\t<meta property=\"og:image:type\" content=\"image\/jpeg\" \/>\n<meta name=\"twitter:card\" content=\"summary_large_image\" \/>\n<meta name=\"twitter:label1\" content=\"Est. reading time\" \/>\n\t<meta name=\"twitter:data1\" content=\"2 minutes\" \/>\n<script type=\"application\/ld+json\" class=\"yoast-schema-graph\">{\"@context\":\"https:\/\/schema.org\",\"@graph\":[{\"@type\":[\"WebPage\",\"ItemPage\"],\"@id\":\"https:\/\/alpha.nousdigital.pro\/en\/producto\/hellcore\/\",\"url\":\"https:\/\/alpha.nousdigital.pro\/en\/producto\/hellcore\/\",\"name\":\"Hellcore (90 VegeCaps) - Vitobest - Alpha Supplements\",\"isPartOf\":{\"@id\":\"https:\/\/alpha.nousdigital.pro\/en\/#website\"},\"primaryImageOfPage\":{\"@id\":\"https:\/\/alpha.nousdigital.pro\/en\/producto\/hellcore\/#primaryimage\"},\"image\":{\"@id\":\"https:\/\/alpha.nousdigital.pro\/en\/producto\/hellcore\/#primaryimage\"},\"thumbnailUrl\":\"https:\/\/alpha.nousdigital.pro\/wp-content\/uploads\/2023\/09\/Hellcore.jpg\",\"datePublished\":\"2023-02-19T13:27:56+00:00\",\"dateModified\":\"2025-07-13T08:52:27+00:00\",\"description\":\"El termog\u00e9nico m\u00e1s extremo. Contiene extractos vegetales naturales ricos en cafe\u00edna. Apto para personas cel\u00edacas. C\u00e1psulas vegetales aptas para dietas veganas y libres de di\u00f3xido de titanio.\",\"breadcrumb\":{\"@id\":\"https:\/\/alpha.nousdigital.pro\/en\/producto\/hellcore\/#breadcrumb\"},\"inLanguage\":\"en-US\",\"potentialAction\":[{\"@type\":\"ReadAction\",\"target\":[\"https:\/\/alpha.nousdigital.pro\/en\/producto\/hellcore\/\"]}]},{\"@type\":\"ImageObject\",\"inLanguage\":\"en-US\",\"@id\":\"https:\/\/alpha.nousdigital.pro\/en\/producto\/hellcore\/#primaryimage\",\"url\":\"https:\/\/alpha.nousdigital.pro\/wp-content\/uploads\/2023\/09\/Hellcore.jpg\",\"contentUrl\":\"https:\/\/alpha.nousdigital.pro\/wp-content\/uploads\/2023\/09\/Hellcore.jpg\",\"width\":600,\"height\":600},{\"@type\":\"BreadcrumbList\",\"@id\":\"https:\/\/alpha.nousdigital.pro\/en\/producto\/hellcore\/#breadcrumb\",\"itemListElement\":[{\"@type\":\"ListItem\",\"position\":1,\"name\":\"Portada\",\"item\":\"https:\/\/alpha.nousdigital.pro\/en\/\"},{\"@type\":\"ListItem\",\"position\":2,\"name\":\"Shop\",\"item\":\"https:\/\/alpha.nousdigital.pro\/en\/shop\/\"},{\"@type\":\"ListItem\",\"position\":3,\"name\":\"Hellcore (90 VegeCaps) &#8211; Vitobest\"}]},{\"@type\":\"WebSite\",\"@id\":\"https:\/\/alpha.nousdigital.pro\/en\/#website\",\"url\":\"https:\/\/alpha.nousdigital.pro\/en\/\",\"name\":\"Alpha Supplements\",\"description\":\"Dietary supplements to support your health\",\"potentialAction\":[{\"@type\":\"SearchAction\",\"target\":{\"@type\":\"EntryPoint\",\"urlTemplate\":\"https:\/\/alpha.nousdigital.pro\/en\/?s={search_term_string}\"},\"query-input\":{\"@type\":\"PropertyValueSpecification\",\"valueRequired\":true,\"valueName\":\"search_term_string\"}}],\"inLanguage\":\"en-US\"}]}<\/script>\n<!-- \/ Yoast SEO plugin. -->","yoast_head_json":{"title":"Hellcore (90 VegeCaps) - Vitobest - Alpha Supplements","description":"El termog\u00e9nico m\u00e1s extremo.  Contiene extractos vegetales naturales ricos en cafe\u00edna.  Apto para personas cel\u00edacas.  C\u00e1psulas vegetales aptas para dietas veganas y libres de di\u00f3xido de titanio.","robots":{"index":"index","follow":"follow","max-snippet":"max-snippet:-1","max-image-preview":"max-image-preview:large","max-video-preview":"max-video-preview:-1"},"canonical":"https:\/\/alpha.nousdigital.pro\/en\/producto\/hellcore\/","og_locale":"en_US","og_type":"article","og_title":"Hellcore (90 VegeCaps) - Vitobest - Alpha Supplements","og_description":"El termog\u00e9nico m\u00e1s extremo.  Contiene extractos vegetales naturales ricos en cafe\u00edna.  Apto para personas cel\u00edacas.  C\u00e1psulas vegetales aptas para dietas veganas y libres de di\u00f3xido de titanio.","og_url":"https:\/\/alpha.nousdigital.pro\/en\/producto\/hellcore\/","og_site_name":"Alpha Supplements","article_modified_time":"2025-07-13T08:52:27+00:00","og_image":[{"width":600,"height":600,"url":"https:\/\/alpha.nousdigital.pro\/wp-content\/uploads\/2023\/09\/Hellcore.jpg","type":"image\/jpeg"}],"twitter_card":"summary_large_image","twitter_misc":{"Est. reading time":"2 minutes"},"schema":{"@context":"https:\/\/schema.org","@graph":[{"@type":["WebPage","ItemPage"],"@id":"https:\/\/alpha.nousdigital.pro\/en\/producto\/hellcore\/","url":"https:\/\/alpha.nousdigital.pro\/en\/producto\/hellcore\/","name":"Hellcore (90 VegeCaps) - Vitobest - Alpha Supplements","isPartOf":{"@id":"https:\/\/alpha.nousdigital.pro\/en\/#website"},"primaryImageOfPage":{"@id":"https:\/\/alpha.nousdigital.pro\/en\/producto\/hellcore\/#primaryimage"},"image":{"@id":"https:\/\/alpha.nousdigital.pro\/en\/producto\/hellcore\/#primaryimage"},"thumbnailUrl":"https:\/\/alpha.nousdigital.pro\/wp-content\/uploads\/2023\/09\/Hellcore.jpg","datePublished":"2023-02-19T13:27:56+00:00","dateModified":"2025-07-13T08:52:27+00:00","description":"El termog\u00e9nico m\u00e1s extremo. Contiene extractos vegetales naturales ricos en cafe\u00edna. Apto para personas cel\u00edacas. C\u00e1psulas vegetales aptas para dietas veganas y libres de di\u00f3xido de titanio.","breadcrumb":{"@id":"https:\/\/alpha.nousdigital.pro\/en\/producto\/hellcore\/#breadcrumb"},"inLanguage":"en-US","potentialAction":[{"@type":"ReadAction","target":["https:\/\/alpha.nousdigital.pro\/en\/producto\/hellcore\/"]}]},{"@type":"ImageObject","inLanguage":"en-US","@id":"https:\/\/alpha.nousdigital.pro\/en\/producto\/hellcore\/#primaryimage","url":"https:\/\/alpha.nousdigital.pro\/wp-content\/uploads\/2023\/09\/Hellcore.jpg","contentUrl":"https:\/\/alpha.nousdigital.pro\/wp-content\/uploads\/2023\/09\/Hellcore.jpg","width":600,"height":600},{"@type":"BreadcrumbList","@id":"https:\/\/alpha.nousdigital.pro\/en\/producto\/hellcore\/#breadcrumb","itemListElement":[{"@type":"ListItem","position":1,"name":"Portada","item":"https:\/\/alpha.nousdigital.pro\/en\/"},{"@type":"ListItem","position":2,"name":"Shop","item":"https:\/\/alpha.nousdigital.pro\/en\/shop\/"},{"@type":"ListItem","position":3,"name":"Hellcore (90 VegeCaps) &#8211; Vitobest"}]},{"@type":"WebSite","@id":"https:\/\/alpha.nousdigital.pro\/en\/#website","url":"https:\/\/alpha.nousdigital.pro\/en\/","name":"Alpha Supplements","description":"Dietary supplements to support your health","potentialAction":[{"@type":"SearchAction","target":{"@type":"EntryPoint","urlTemplate":"https:\/\/alpha.nousdigital.pro\/en\/?s={search_term_string}"},"query-input":{"@type":"PropertyValueSpecification","valueRequired":true,"valueName":"search_term_string"}}],"inLanguage":"en-US"}]}},"_links":{"self":[{"href":"https:\/\/alpha.nousdigital.pro\/en\/wp-json\/wp\/v2\/product\/851","targetHints":{"allow":["GET"]}}],"collection":[{"href":"https:\/\/alpha.nousdigital.pro\/en\/wp-json\/wp\/v2\/product"}],"about":[{"href":"https:\/\/alpha.nousdigital.pro\/en\/wp-json\/wp\/v2\/types\/product"}],"replies":[{"embeddable":true,"href":"https:\/\/alpha.nousdigital.pro\/en\/wp-json\/wp\/v2\/comments?post=851"}],"wp:featuredmedia":[{"embeddable":true,"href":"https:\/\/alpha.nousdigital.pro\/en\/wp-json\/wp\/v2\/media\/1820"}],"wp:attachment":[{"href":"https:\/\/alpha.nousdigital.pro\/en\/wp-json\/wp\/v2\/media?parent=851"}],"wp:term":[{"taxonomy":"product_brand","embeddable":true,"href":"https:\/\/alpha.nousdigital.pro\/en\/wp-json\/wp\/v2\/product_brand?post=851"},{"taxonomy":"product_cat","embeddable":true,"href":"https:\/\/alpha.nousdigital.pro\/en\/wp-json\/wp\/v2\/product_cat?post=851"},{"taxonomy":"product_tag","embeddable":true,"href":"https:\/\/alpha.nousdigital.pro\/en\/wp-json\/wp\/v2\/product_tag?post=851"}],"curies":[{"name":"wp","href":"https:\/\/api.w.org\/{rel}","templated":true}]}}