
{"id":850,"date":"2023-02-19T13:27:56","date_gmt":"2023-02-19T13:27:56","guid":{"rendered":"https:\/\/alpha.nousdigital.pro\/?post_type=product&#038;p=850"},"modified":"2025-07-13T08:52:05","modified_gmt":"2025-07-13T08:52:05","slug":"garcimax","status":"publish","type":"product","link":"https:\/\/alpha.nousdigital.pro\/en\/producto\/garcimax\/","title":{"rendered":"Garcimax (90 VegeCaps) &#8211; Vitobest"},"content":{"rendered":"<p>Con\u00a0<strong>GarciMax<\/strong>,\u00a0<strong>Vitobest\u00ae<\/strong>\u00a0pone a nuestra disposici\u00f3n las propiedades de los frutos de la\u00a0<em>Garcinia cambogia<\/em>, un \u00e1rbol que crece en el sur de la India y es muy usado en naturoterapia por sus m\u00faltiples beneficios.<\/p>\n<p>Seg\u00fan la\u00a0<strong>Organizaci\u00f3n Mundial de la Salud (OMS)<\/strong>, el sobrepeso y la obesidad se definen como una acumulaci\u00f3n anormal o excesiva de grasa que puede ser perjudicial para la salud, sus causas radican en un desequilibrio energ\u00e9tico entre calor\u00edas consumidas y gastadas, y para evitarlas o eliminarlas resultan imprescindibles una dieta saludable y la pr\u00e1ctica peri\u00f3dica de actividades f\u00edsicas.<\/p>\n<p>Una v\u00eda que puede complementar este empe\u00f1o optimizando sus resultados es la\u00a0<strong>suplementaci\u00f3n responsable<\/strong>. Por eso, y porque apostamos siempre por las mejores materias primas del mercado,\u00a0<strong>Vitobest\u00ae<\/strong>\u00a0presenta su l\u00ednea de control de peso, especialmente dise\u00f1ada para satisfacer todas tus necesidades. GarciMax es uno de sus productos estrella.<\/p>\n<p>Elaborado a partir de extracto seco de\u00a0<em>Garcinia cambogia<\/em>, se basa en el ingrediente activo de los frutos de esta planta: el\u00a0<strong>\u00e1cido hidroxic\u00edtrico<\/strong>\u00a0o HCA (<strong>60 %<\/strong>). El HCA constituye un inhibidor competitivo de la enzima metab\u00f3lica ATP-Citrato Liasa que reduce la producci\u00f3n de Acetil Coenzima A (implicado en el metabolismo de las grasas y carbohidratos), reduciendo as\u00ed la formaci\u00f3n de grasas y colesterol<sup>1<\/sup>.<\/p>\n<p>Estudios desarrollados con animales tambi\u00e9n demuestran la eficacia del HCA natural en el control del peso: frena el apetito e inhibe la bios\u00edntesis de grasa corporal. Adem\u00e1s, puede ser beneficioso en el tratamiento de la depresi\u00f3n, el insomnio, la migra\u00f1a y otras afecciones deficientes en serotonina<sup>2<\/sup>.<\/p>\n<p>Como valor a\u00f1adido a su formulaci\u00f3n,\u00a0<strong>GarciMax<\/strong>, de\u00a0<strong>Vitobest\u00ae<\/strong>, utiliza picolinato de cromo de\u00a0<strong>Chromax\u00ae<\/strong>, un mineral de alt\u00edsima calidad que contribuye al metabolismo normal de los macronutrientes y a mantener niveles normales de glucosa en sangre.<b><\/b><\/p>\n<p><strong>Vitobest\u00ae<\/strong>\u00a0utiliza para este suplemento\u00a0<strong>c\u00e1psulas vegetales<\/strong>\u00a0(VegeCaps)\u00a0<strong>aptas para dietas veganas<\/strong>\u00a0y\u00a0<strong>libres de di\u00f3xido de titanio<\/strong>.<\/p>\n<p><strong>Declaraciones del producto (claims):<\/strong><\/p>\n<ul>\n<li>El cromo contribuye al metabolismo normal de los macronutrientes.<\/li>\n<li>El cromo contribuye a mantener niveles normales de glucosa en sangre.<\/li>\n<\/ul>\n<p>&nbsp;<\/p>\n<p><img fetchpriority=\"high\" decoding=\"async\" src=\"https:\/\/www.vitobest.com\/img\/cms\/GarciMax-(Vitobest)-(Banner).jpg\" alt=\"GarciMax\" width=\"1000\" height=\"250\" \/><\/p>\n<p>&nbsp;<\/p>\n<h6><strong>Bibliograf\u00eda:<\/strong><\/h6>\n<h6><sup>1<\/sup>\u201cSuplementos\u201d. Janezic, X. et al. Manual LAFyS de Nutrici\u00f3n y Deporte. C\u00e1p. 12.<\/h6>\n<h6><sup>2<\/sup>\u201cSeguridad y mecanismo de supresi\u00f3n del apetito por un nuevo extracto de \u00e1cido hidroxic\u00edtrico (HCA-SX)\u201d. 2002. Ohia, S.E. et al. Mol Cell Biochem. 238 (1-2): 89-103.<\/h6>\n","protected":false},"excerpt":{"rendered":"<ul>\n<li><em>Garcinia cambogia<\/em>\u00a0(60 % \u00e1cido hidroxic\u00edtrico o HCA) + picolinato de cromo (Chromax\u00ae).<\/li>\n<li>El HCA ayuda a disminuir la formaci\u00f3n de grasas y colesterol.<\/li>\n<li>El picolinato de cromo contribuye al metabolismo normal de los macronutrientes y a mantener niveles normales de glucosa en sangre.<\/li>\n<li>Apto para personas cel\u00edacas.<\/li>\n<li>C\u00e1psulas vegetales aptas para dietas veganas y libres de di\u00f3xido de titanio.<\/li>\n<\/ul>\n","protected":false},"featured_media":1819,"comment_status":"closed","ping_status":"closed","template":"","meta":[],"product_brand":[665],"product_cat":[692,53],"product_tag":[161],"class_list":{"0":"post-850","1":"product","2":"type-product","3":"status-publish","4":"has-post-thumbnail","6":"product_brand-vitobest","7":"product_cat-control-peso","8":"product_cat-salud","9":"product_tag-garcimax","11":"first","12":"onbackorder","13":"shipping-taxable","14":"purchasable","15":"product-type-simple"},"gallery_images":[],"yoast_head":"<!-- This site is optimized with the Yoast SEO plugin v23.4 - https:\/\/yoast.com\/wordpress\/plugins\/seo\/ -->\n<title>Garcimax (90 VegeCaps) - Vitobest - Alpha Supplements<\/title>\n<meta name=\"description\" content=\"Garcinia cambogia\u00a0(60 % \u00e1cido hidroxic\u00edtrico o HCA) + picolinato de cromo (Chromax\u00ae).  El HCA ayuda a disminuir la formaci\u00f3n de grasas y colesterol.  El picolinato de cromo contribuye al metabolismo normal de los macronutrientes y a mantener niveles normales de glucosa en sangre.  Apto para personas cel\u00edacas.  C\u00e1psulas vegetales aptas para dietas veganas y libres de di\u00f3xido de titanio.\" \/>\n<meta name=\"robots\" content=\"index, follow, max-snippet:-1, max-image-preview:large, max-video-preview:-1\" \/>\n<link rel=\"canonical\" href=\"https:\/\/alpha.nousdigital.pro\/en\/producto\/garcimax\/\" \/>\n<meta property=\"og:locale\" content=\"en_US\" \/>\n<meta property=\"og:type\" content=\"article\" \/>\n<meta property=\"og:title\" content=\"Garcimax (90 VegeCaps) - Vitobest - Alpha Supplements\" \/>\n<meta property=\"og:description\" content=\"Garcinia cambogia\u00a0(60 % \u00e1cido hidroxic\u00edtrico o HCA) + picolinato de cromo (Chromax\u00ae).  El HCA ayuda a disminuir la formaci\u00f3n de grasas y colesterol.  El picolinato de cromo contribuye al metabolismo normal de los macronutrientes y a mantener niveles normales de glucosa en sangre.  Apto para personas cel\u00edacas.  C\u00e1psulas vegetales aptas para dietas veganas y libres de di\u00f3xido de titanio.\" \/>\n<meta property=\"og:url\" content=\"https:\/\/alpha.nousdigital.pro\/en\/producto\/garcimax\/\" \/>\n<meta property=\"og:site_name\" content=\"Alpha Supplements\" \/>\n<meta property=\"article:modified_time\" content=\"2025-07-13T08:52:05+00:00\" \/>\n<meta property=\"og:image\" content=\"https:\/\/alpha.nousdigital.pro\/wp-content\/uploads\/2023\/09\/Garcimax.jpg\" \/>\n\t<meta property=\"og:image:width\" content=\"600\" \/>\n\t<meta property=\"og:image:height\" content=\"600\" \/>\n\t<meta property=\"og:image:type\" content=\"image\/jpeg\" \/>\n<meta name=\"twitter:card\" content=\"summary_large_image\" \/>\n<meta name=\"twitter:label1\" content=\"Est. reading time\" \/>\n\t<meta name=\"twitter:data1\" content=\"3 minutes\" \/>\n<script type=\"application\/ld+json\" class=\"yoast-schema-graph\">{\"@context\":\"https:\/\/schema.org\",\"@graph\":[{\"@type\":[\"WebPage\",\"ItemPage\"],\"@id\":\"https:\/\/alpha.nousdigital.pro\/en\/producto\/garcimax\/\",\"url\":\"https:\/\/alpha.nousdigital.pro\/en\/producto\/garcimax\/\",\"name\":\"Garcimax (90 VegeCaps) - Vitobest - Alpha Supplements\",\"isPartOf\":{\"@id\":\"https:\/\/alpha.nousdigital.pro\/en\/#website\"},\"primaryImageOfPage\":{\"@id\":\"https:\/\/alpha.nousdigital.pro\/en\/producto\/garcimax\/#primaryimage\"},\"image\":{\"@id\":\"https:\/\/alpha.nousdigital.pro\/en\/producto\/garcimax\/#primaryimage\"},\"thumbnailUrl\":\"https:\/\/alpha.nousdigital.pro\/wp-content\/uploads\/2023\/09\/Garcimax.jpg\",\"datePublished\":\"2023-02-19T13:27:56+00:00\",\"dateModified\":\"2025-07-13T08:52:05+00:00\",\"description\":\"Garcinia cambogia\u00a0(60 % \u00e1cido hidroxic\u00edtrico o HCA) + picolinato de cromo (Chromax\u00ae). El HCA ayuda a disminuir la formaci\u00f3n de grasas y colesterol. El picolinato de cromo contribuye al metabolismo normal de los macronutrientes y a mantener niveles normales de glucosa en sangre. Apto para personas cel\u00edacas. C\u00e1psulas vegetales aptas para dietas veganas y libres de di\u00f3xido de titanio.\",\"breadcrumb\":{\"@id\":\"https:\/\/alpha.nousdigital.pro\/en\/producto\/garcimax\/#breadcrumb\"},\"inLanguage\":\"en-US\",\"potentialAction\":[{\"@type\":\"ReadAction\",\"target\":[\"https:\/\/alpha.nousdigital.pro\/en\/producto\/garcimax\/\"]}]},{\"@type\":\"ImageObject\",\"inLanguage\":\"en-US\",\"@id\":\"https:\/\/alpha.nousdigital.pro\/en\/producto\/garcimax\/#primaryimage\",\"url\":\"https:\/\/alpha.nousdigital.pro\/wp-content\/uploads\/2023\/09\/Garcimax.jpg\",\"contentUrl\":\"https:\/\/alpha.nousdigital.pro\/wp-content\/uploads\/2023\/09\/Garcimax.jpg\",\"width\":600,\"height\":600},{\"@type\":\"BreadcrumbList\",\"@id\":\"https:\/\/alpha.nousdigital.pro\/en\/producto\/garcimax\/#breadcrumb\",\"itemListElement\":[{\"@type\":\"ListItem\",\"position\":1,\"name\":\"Portada\",\"item\":\"https:\/\/alpha.nousdigital.pro\/en\/\"},{\"@type\":\"ListItem\",\"position\":2,\"name\":\"Shop\",\"item\":\"https:\/\/alpha.nousdigital.pro\/en\/shop\/\"},{\"@type\":\"ListItem\",\"position\":3,\"name\":\"Garcimax (90 VegeCaps) &#8211; Vitobest\"}]},{\"@type\":\"WebSite\",\"@id\":\"https:\/\/alpha.nousdigital.pro\/en\/#website\",\"url\":\"https:\/\/alpha.nousdigital.pro\/en\/\",\"name\":\"Alpha Supplements\",\"description\":\"Dietary supplements to support your health\",\"potentialAction\":[{\"@type\":\"SearchAction\",\"target\":{\"@type\":\"EntryPoint\",\"urlTemplate\":\"https:\/\/alpha.nousdigital.pro\/en\/?s={search_term_string}\"},\"query-input\":{\"@type\":\"PropertyValueSpecification\",\"valueRequired\":true,\"valueName\":\"search_term_string\"}}],\"inLanguage\":\"en-US\"}]}<\/script>\n<!-- \/ Yoast SEO plugin. -->","yoast_head_json":{"title":"Garcimax (90 VegeCaps) - Vitobest - Alpha Supplements","description":"Garcinia cambogia\u00a0(60 % \u00e1cido hidroxic\u00edtrico o HCA) + picolinato de cromo (Chromax\u00ae).  El HCA ayuda a disminuir la formaci\u00f3n de grasas y colesterol.  El picolinato de cromo contribuye al metabolismo normal de los macronutrientes y a mantener niveles normales de glucosa en sangre.  Apto para personas cel\u00edacas.  C\u00e1psulas vegetales aptas para dietas veganas y libres de di\u00f3xido de titanio.","robots":{"index":"index","follow":"follow","max-snippet":"max-snippet:-1","max-image-preview":"max-image-preview:large","max-video-preview":"max-video-preview:-1"},"canonical":"https:\/\/alpha.nousdigital.pro\/en\/producto\/garcimax\/","og_locale":"en_US","og_type":"article","og_title":"Garcimax (90 VegeCaps) - Vitobest - Alpha Supplements","og_description":"Garcinia cambogia\u00a0(60 % \u00e1cido hidroxic\u00edtrico o HCA) + picolinato de cromo (Chromax\u00ae).  El HCA ayuda a disminuir la formaci\u00f3n de grasas y colesterol.  El picolinato de cromo contribuye al metabolismo normal de los macronutrientes y a mantener niveles normales de glucosa en sangre.  Apto para personas cel\u00edacas.  C\u00e1psulas vegetales aptas para dietas veganas y libres de di\u00f3xido de titanio.","og_url":"https:\/\/alpha.nousdigital.pro\/en\/producto\/garcimax\/","og_site_name":"Alpha Supplements","article_modified_time":"2025-07-13T08:52:05+00:00","og_image":[{"width":600,"height":600,"url":"https:\/\/alpha.nousdigital.pro\/wp-content\/uploads\/2023\/09\/Garcimax.jpg","type":"image\/jpeg"}],"twitter_card":"summary_large_image","twitter_misc":{"Est. reading time":"3 minutes"},"schema":{"@context":"https:\/\/schema.org","@graph":[{"@type":["WebPage","ItemPage"],"@id":"https:\/\/alpha.nousdigital.pro\/en\/producto\/garcimax\/","url":"https:\/\/alpha.nousdigital.pro\/en\/producto\/garcimax\/","name":"Garcimax (90 VegeCaps) - Vitobest - Alpha Supplements","isPartOf":{"@id":"https:\/\/alpha.nousdigital.pro\/en\/#website"},"primaryImageOfPage":{"@id":"https:\/\/alpha.nousdigital.pro\/en\/producto\/garcimax\/#primaryimage"},"image":{"@id":"https:\/\/alpha.nousdigital.pro\/en\/producto\/garcimax\/#primaryimage"},"thumbnailUrl":"https:\/\/alpha.nousdigital.pro\/wp-content\/uploads\/2023\/09\/Garcimax.jpg","datePublished":"2023-02-19T13:27:56+00:00","dateModified":"2025-07-13T08:52:05+00:00","description":"Garcinia cambogia\u00a0(60 % \u00e1cido hidroxic\u00edtrico o HCA) + picolinato de cromo (Chromax\u00ae). El HCA ayuda a disminuir la formaci\u00f3n de grasas y colesterol. El picolinato de cromo contribuye al metabolismo normal de los macronutrientes y a mantener niveles normales de glucosa en sangre. Apto para personas cel\u00edacas. C\u00e1psulas vegetales aptas para dietas veganas y libres de di\u00f3xido de titanio.","breadcrumb":{"@id":"https:\/\/alpha.nousdigital.pro\/en\/producto\/garcimax\/#breadcrumb"},"inLanguage":"en-US","potentialAction":[{"@type":"ReadAction","target":["https:\/\/alpha.nousdigital.pro\/en\/producto\/garcimax\/"]}]},{"@type":"ImageObject","inLanguage":"en-US","@id":"https:\/\/alpha.nousdigital.pro\/en\/producto\/garcimax\/#primaryimage","url":"https:\/\/alpha.nousdigital.pro\/wp-content\/uploads\/2023\/09\/Garcimax.jpg","contentUrl":"https:\/\/alpha.nousdigital.pro\/wp-content\/uploads\/2023\/09\/Garcimax.jpg","width":600,"height":600},{"@type":"BreadcrumbList","@id":"https:\/\/alpha.nousdigital.pro\/en\/producto\/garcimax\/#breadcrumb","itemListElement":[{"@type":"ListItem","position":1,"name":"Portada","item":"https:\/\/alpha.nousdigital.pro\/en\/"},{"@type":"ListItem","position":2,"name":"Shop","item":"https:\/\/alpha.nousdigital.pro\/en\/shop\/"},{"@type":"ListItem","position":3,"name":"Garcimax (90 VegeCaps) &#8211; Vitobest"}]},{"@type":"WebSite","@id":"https:\/\/alpha.nousdigital.pro\/en\/#website","url":"https:\/\/alpha.nousdigital.pro\/en\/","name":"Alpha Supplements","description":"Dietary supplements to support your health","potentialAction":[{"@type":"SearchAction","target":{"@type":"EntryPoint","urlTemplate":"https:\/\/alpha.nousdigital.pro\/en\/?s={search_term_string}"},"query-input":{"@type":"PropertyValueSpecification","valueRequired":true,"valueName":"search_term_string"}}],"inLanguage":"en-US"}]}},"_links":{"self":[{"href":"https:\/\/alpha.nousdigital.pro\/en\/wp-json\/wp\/v2\/product\/850","targetHints":{"allow":["GET"]}}],"collection":[{"href":"https:\/\/alpha.nousdigital.pro\/en\/wp-json\/wp\/v2\/product"}],"about":[{"href":"https:\/\/alpha.nousdigital.pro\/en\/wp-json\/wp\/v2\/types\/product"}],"replies":[{"embeddable":true,"href":"https:\/\/alpha.nousdigital.pro\/en\/wp-json\/wp\/v2\/comments?post=850"}],"wp:featuredmedia":[{"embeddable":true,"href":"https:\/\/alpha.nousdigital.pro\/en\/wp-json\/wp\/v2\/media\/1819"}],"wp:attachment":[{"href":"https:\/\/alpha.nousdigital.pro\/en\/wp-json\/wp\/v2\/media?parent=850"}],"wp:term":[{"taxonomy":"product_brand","embeddable":true,"href":"https:\/\/alpha.nousdigital.pro\/en\/wp-json\/wp\/v2\/product_brand?post=850"},{"taxonomy":"product_cat","embeddable":true,"href":"https:\/\/alpha.nousdigital.pro\/en\/wp-json\/wp\/v2\/product_cat?post=850"},{"taxonomy":"product_tag","embeddable":true,"href":"https:\/\/alpha.nousdigital.pro\/en\/wp-json\/wp\/v2\/product_tag?post=850"}],"curies":[{"name":"wp","href":"https:\/\/api.w.org\/{rel}","templated":true}]}}